{"id":970,"date":"2024-03-13T02:41:49","date_gmt":"2024-03-13T08:41:49","guid":{"rendered":"https:\/\/diaespa.mx\/?post_type=product&#038;p=970"},"modified":"2024-03-13T02:42:18","modified_gmt":"2024-03-13T08:42:18","slug":"hidrodermoabrasion-10-en-1-hydra-rf-aqua-peel-skin-scrubber-maquina-facial","status":"publish","type":"product","link":"https:\/\/diaespa.mx\/index.php\/product\/hidrodermoabrasion-10-en-1-hydra-rf-aqua-peel-skin-scrubber-maquina-facial\/","title":{"rendered":"Hidrodermoabrasi\u00f3n 10 en 1 Hydra Rf Aqua Peel Skin Scrubber M\u00e1quina facial"},"content":{"rendered":"<p><strong>Descripci\u00f3n:<\/strong><br \/>\nLa Hidrodermoabrasi\u00f3n Multifunci\u00f3n Beauty\u00a0F39 ofrece una amplia gama de tratamientos, cada uno dise\u00f1ado espec\u00edficamente para abordar diferentes necesidades de la piel.<\/p>\n<p>La hidrodermoabrasi\u00f3n\u00a0es una t\u00e9cnica que consiste en la eliminaci\u00f3n de las capas superficiales de la piel\u00a0por medio de una exfoliaci\u00f3n\u00a0realizada por un aparato con puntas de diamante, simult\u00e1neamente se hidrata la piel y se realiza una ligera succi\u00f3n,\u00a0todo esto con la finalidad de mejorar la apariencia y textura de la piel.<\/p>\n<p>Ayuda a reducir la apariencia de los poros abiertos, acn\u00e9, leves estr\u00edas y cicatrices post acn\u00e9.<\/p>\n<p>La hidrodermoabrasi\u00f3n es un tratamiento m\u00e1s natural y amable con la piel ya que utiliza una soluci\u00f3n salina a presi\u00f3n para eliminar todas las c\u00e9lulas muertas de la piel,\u00a0permitiendo eliminar la capa m\u00e1s superficial de la piel, la epidermis, para regenerarla y obtener una apariencia limpia, hidratada, luminosa e incre\u00edble.<\/p>\n","protected":false},"excerpt":{"rendered":"<p><strong>1.-Spray de lones:<\/strong> Roc\u00eda la piel con soluciones nutritivas para una revitalizaci\u00f3n instant\u00e1nea.<\/p>\n<p><strong>2.-Masajeador:<\/strong> Penetra profundamente en la musculatura facial, rejuveneciendo y mejorando la textura de la piel.<\/p>\n<p><strong>3.-Reafirmante Ocular:<\/strong> Combate arrugas y bolsas con radiofrecuencia de alta frecuencia, restaurando la juventud de la mirada.<\/p>\n<p><strong>4.-Cabezal de Burbujas Ionizado:<\/strong> Elimina c\u00e9lulas muertas y mantiene la piel hidratada, 5. Moldeador de Contornos: Levanta y reafirma la piel facial, esculpiendo una apariencia rejuvenecida.<\/p>\n<p><strong>5.-Moldeador de Contornos:<\/strong> Levanta y reafirma la piel facial, esculpiendo una apariencia rejuvenecida.<\/p>\n<p><strong>6. Depurador de Alta Frecuencia:<\/strong> Realiza una limpieza profunda con ultrasonidos, mejorando la absorci\u00f3n de nutrientes.<\/p>\n<p><strong>7.- Cabezal de Burbujas:<\/strong> Limpia en profundidad a trav\u00e9s del oxigeno, eliminando impurezas y revitalizando los nutrientes.<\/p>\n<p><strong>8. Cabezal Refrigerador:<\/strong> Enfr\u00eda r\u00e1pidamente, reduciendo los poros y asegurando una absorci\u00f3n \u00f3ptima de la piel.<\/p>\n<p><strong>9.-Ultrasonidos para la Zona Ocular:<\/strong> Estimula la formaci\u00f3n de col\u00e1geno y elastina, mejorando la elasticidad de la piel.<\/p>\n<p><strong>10. Cabezal Ultras\u00f3nico:<\/strong> Facilita la penetraci\u00f3n de esencias y vitaminas en la piel mediante ultrasonidos.<\/p>\n<p>Este equipo integral ofrece un enfoque completo para el cuidado de la piel y el rejuvenecimiento facial Cuenta con la ultima tecnolog\u00eda para garantizar resultados efectivos y seguros. Adem\u00e1s, su dise\u00f1o ergon\u00f3mico y f\u00e1cil de usar hace que sea la elecci\u00f3n ideal para profesionales de la est\u00e9tica que buscan proporcionar a sus clientes tratamientos de primera calidad.<\/p>\n","protected":false},"featured_media":919,"comment_status":"open","ping_status":"closed","template":"","meta":{"_joinchat":[]},"product_cat":[22],"product_tag":[],"aioseo_notices":[],"jetpack_sharing_enabled":true,"_links":{"self":[{"href":"https:\/\/diaespa.mx\/index.php\/wp-json\/wp\/v2\/product\/970"}],"collection":[{"href":"https:\/\/diaespa.mx\/index.php\/wp-json\/wp\/v2\/product"}],"about":[{"href":"https:\/\/diaespa.mx\/index.php\/wp-json\/wp\/v2\/types\/product"}],"replies":[{"embeddable":true,"href":"https:\/\/diaespa.mx\/index.php\/wp-json\/wp\/v2\/comments?post=970"}],"wp:featuredmedia":[{"embeddable":true,"href":"https:\/\/diaespa.mx\/index.php\/wp-json\/wp\/v2\/media\/919"}],"wp:attachment":[{"href":"https:\/\/diaespa.mx\/index.php\/wp-json\/wp\/v2\/media?parent=970"}],"wp:term":[{"taxonomy":"product_cat","embeddable":true,"href":"https:\/\/diaespa.mx\/index.php\/wp-json\/wp\/v2\/product_cat?post=970"},{"taxonomy":"product_tag","embeddable":true,"href":"https:\/\/diaespa.mx\/index.php\/wp-json\/wp\/v2\/product_tag?post=970"}],"curies":[{"name":"wp","href":"https:\/\/api.w.org\/{rel}","templated":true}]}}