{"id":969,"date":"2024-03-13T02:37:21","date_gmt":"2024-03-13T08:37:21","guid":{"rendered":"https:\/\/diaespa.mx\/?post_type=product&#038;p=969"},"modified":"2024-03-13T02:37:51","modified_gmt":"2024-03-13T08:37:51","slug":"hidrodermoabrasion-7-en-1-dermatoscopio-hidrodermoabrasion-oxigeno-rf-martillo-frio-ultrasonidoskin-srcubber","status":"publish","type":"product","link":"https:\/\/diaespa.mx\/index.php\/product\/hidrodermoabrasion-7-en-1-dermatoscopio-hidrodermoabrasion-oxigeno-rf-martillo-frio-ultrasonidoskin-srcubber\/","title":{"rendered":"HIDRODERMOABRASION 7 EN 1, DERMATOSCOPIO, HIDRODERMOABRASION, OXIGENO, RF, MARTILLO FRIO, ULTRASONIDO,SKIN SRCUBBER,"},"content":{"rendered":"<p><strong>Descripci\u00f3n:<\/strong><\/p>\n<p>El sistema inteligente de gesti\u00f3n de la piel azul hielo recopila im\u00e1genes detalladas de la piel facial a trav\u00e9s de una c\u00e1mara de microrango de alta definici\u00f3n de 10 millones de p\u00edxeles combinada con tecnolog\u00eda de im\u00e1genes de tres espectros, a trav\u00e9s de un diagn\u00f3stico inteligente y an\u00e1lisis de artificial motor central de inteligencia, elementos finos de 8 dimensiones para detectar problemas de la piel, de acuerdo con los resultados del diagn\u00f3stico del programa privado de cuidado de la belleza personalizado y la recomendaci\u00f3n inteligente de productos profesionales para el cuidado de la piel.<\/p>\n<p><strong>1) Integraci\u00f3n multifunci\u00f3n:<\/strong> esta m\u00e1quina combina an\u00e1lisis de piel, recomendaci\u00f3n de productos para la piel, cuidado b\u00e1sico de belleza, limpieza de cut\u00edculas, limpieza profunda, hidrataci\u00f3n y nutrici\u00f3n profundas, mantenimiento antienvejecimiento, funciones de sedaci\u00f3n y reparaci\u00f3n, rejuvenecimiento facial.<\/p>\n<p><strong>2) Gran comodidad:<\/strong> el dise\u00f1o de la apariencia del mango se ajusta al principio de mec\u00e1nica de ingenier\u00eda del cuerpo humano, la sensaci\u00f3n material agradable a la piel es fuerte, la sensaci\u00f3n corporal es c\u00f3moda.<\/p>\n<p><strong>3) An\u00e1lisis de la piel: <\/strong>el principio central es el muestreo de 3 espectros, el an\u00e1lisis inteligente de la piel con IA, la recomendaci\u00f3n de la producci\u00f3n para el cuidado de la piel, la personalizaci\u00f3n del esquema de belleza con IA.<\/p>\n<p><strong>4) 6 sistemas de cuidado de la piel y rejuvenecimiento facial: <\/strong>Peeling Facial Ultras\u00f3nico: para eliminar el exceso de grasa de la superficie de la piel, eliminar la piel envejecida, exfoliar.<\/p>\n<p><strong>Hidrodermoabrasi\u00f3n:<\/strong> Para limpiar la superficie cut\u00e1nea y contraer los poros de la piel, anti edad, infusi\u00f3n de nutrici\u00f3n cut\u00e1nea, hidrataci\u00f3n.<\/p>\n<p><strong>Radiofrecuencia ultras\u00f3nica:<\/strong> para convertir nutrientes de macromol\u00e9culas en peque\u00f1as mol\u00e9culas, facilitar la absorci\u00f3n cut\u00e1nea.<\/p>\n<p><strong>Nano atomizaci\u00f3n:<\/strong> para reponer la humedad y los nutrientes de la piel.<\/p>\n<p><strong>Radiofrecuencia dorada:<\/strong> para promover la producci\u00f3n de col\u00e1geno y fibras de col\u00e1geno, contraer los poros de la piel, rejuvenecer la piel, eliminar las arrugas.<\/p>\n<p><strong>Reparaci\u00f3n de hielo:<\/strong> para reducir los poros, reafirmar y tensar la piel.<\/p>\n<p><strong>L\u00e1piz detector de c\u00e1mara:<\/strong> para detectar arrugas, poros, manchas de color, asperezas, contenido de aceite, sensibilidad, humedad y acn\u00e9.<\/p>\n<p><strong>5) Operaci\u00f3n simple:<\/strong> an\u00e1lisis inteligente de IA, operaci\u00f3n conveniente, f\u00e1cil de usar, sin cirug\u00eda, sin piel rota, fuerte seguridad.<\/p>\n","protected":false},"excerpt":{"rendered":"<p><strong>Especificaciones:<\/strong><\/p>\n<p><strong>1)<\/strong> Anfitri\u00f3n (1 juego).<br \/>\n<strong>2)<\/strong> Cable de alimentaci\u00f3n (1 pieza).<br \/>\n<strong>3)<\/strong> L\u00ednea de conexi\u00f3n de herramienta manual (1 juego de 6).<br \/>\n<strong>4)<\/strong> herramientas de mano:<br \/>\nHerramienta manual de detecci\u00f3n de piel x1.<br \/>\nlon bubble pen herramienta de mano x1.<br \/>\nPala cuchillo herramienta de mano x1.<br \/>\nHerramienta manual para aer\u00f3grafo lon x1.<br \/>\nHerramienta de mano GoldenRF x1.<br \/>\nHerramienta de mano de cabeza congelada x1.<br \/>\nHerramienta manual ultras\u00f3nica x1.<br \/>\n<strong>5)<\/strong> Botella de soluci\u00f3n ABC (1 cada uno).<br \/>\n<strong>6)<\/strong> 9 cabezales de pluma de succi\u00f3n est\u00e1ndar (4 pl\u00e1sticos, 2 esmerilados, 3 gel de s\u00edlice).<br \/>\n<strong>7)<\/strong> Botella de soluci\u00f3n D (1 pieza).<br \/>\n<strong>8)<\/strong> Botella de aguas residuales (1 pieza).<br \/>\n<strong>9)<\/strong> Soluci\u00f3n (opcional).<br \/>\n<strong>10)<\/strong> Portaherramientas de mano (1 Uds.).<br \/>\n<strong>11)<\/strong> Manual de instrucciones (1 copia).<\/p>\n","protected":false},"featured_media":927,"comment_status":"open","ping_status":"closed","template":"","meta":{"_joinchat":[]},"product_cat":[22],"product_tag":[],"aioseo_notices":[],"jetpack_sharing_enabled":true,"_links":{"self":[{"href":"https:\/\/diaespa.mx\/index.php\/wp-json\/wp\/v2\/product\/969"}],"collection":[{"href":"https:\/\/diaespa.mx\/index.php\/wp-json\/wp\/v2\/product"}],"about":[{"href":"https:\/\/diaespa.mx\/index.php\/wp-json\/wp\/v2\/types\/product"}],"replies":[{"embeddable":true,"href":"https:\/\/diaespa.mx\/index.php\/wp-json\/wp\/v2\/comments?post=969"}],"wp:featuredmedia":[{"embeddable":true,"href":"https:\/\/diaespa.mx\/index.php\/wp-json\/wp\/v2\/media\/927"}],"wp:attachment":[{"href":"https:\/\/diaespa.mx\/index.php\/wp-json\/wp\/v2\/media?parent=969"}],"wp:term":[{"taxonomy":"product_cat","embeddable":true,"href":"https:\/\/diaespa.mx\/index.php\/wp-json\/wp\/v2\/product_cat?post=969"},{"taxonomy":"product_tag","embeddable":true,"href":"https:\/\/diaespa.mx\/index.php\/wp-json\/wp\/v2\/product_tag?post=969"}],"curies":[{"name":"wp","href":"https:\/\/api.w.org\/{rel}","templated":true}]}}