{"id":968,"date":"2024-03-13T02:29:19","date_gmt":"2024-03-13T08:29:19","guid":{"rendered":"https:\/\/diaespa.mx\/?post_type=product&#038;p=968"},"modified":"2024-03-13T02:29:25","modified_gmt":"2024-03-13T08:29:25","slug":"diatermia-resistiva","status":"publish","type":"product","link":"https:\/\/diaespa.mx\/index.php\/product\/diatermia-resistiva\/","title":{"rendered":"Diatermia Resistiva"},"content":{"rendered":"<p><strong>Descripci\u00f3n:<\/strong><\/p>\n<p>Una de las\u00a0tecnolog\u00edas m\u00e1s efectivas\u00a0dentro del campo de la est\u00e9tica y el cuidado personal es la radiofrecuencia. Pero, dentro de esta t\u00e9cnica, existe una en concreto que est\u00e1 indicada para trabajar las zonas m\u00e1s peque\u00f1as y delicadas del rostro: la radiofrecuencia monopolar.<\/p>\n<p>La radiofrecuencia monopolar es una t\u00e9cnica que se utiliza en tratamientos faciales y que es perfecta para reafirmar la piel del rostro y definir mejor el contorno facial. Esta aparatolog\u00eda estimula el col\u00e1geno de nuestro organismo y as\u00ed consigue tensar la piel y conseguir reducir la flacidez y los signos de la edad.<\/p>\n<p>Estamos ante un tratamiento de est\u00e9tica no invasivo e indoloro que logra un resultado de\u00a0lifting sin cirug\u00eda. Gracias a su acci\u00f3n en la piel conseguiremos tonificar la piel, eliminar las arrugas y definir el \u00f3valo facial y el contorno del rostro. Es una t\u00e9cnica de\u00a0rejuvenecimiento facial\u00a0que se basa en la aplicaci\u00f3n de calor en las zonas m\u00e1s profundas de la piel.<\/p>\n<p>Un aparato de radiofrecuencia monopolar emplea un electrodo que entra en contacto con la piel y otro que est\u00e1 sostenido por el cliente. Este sistema el\u00e9ctrico permite que la corriente pase entre los dos electrodos y que, as\u00ed, el calor pueda penetrar en la piel con\u00a0la m\u00e1xima profundidad. La zona que queremos tratar sentir\u00e1 el calor y, este, actuar\u00e1 sobre los tejidos promoviendo que la sangre circule y que se estimule la\u00a0creaci\u00f3n de col\u00e1geno y elastina,\u00a0dos sustancias que son claves para reafirmar la piel y que est\u00e9 suave, lisa y tersa.<\/p>\n<p><strong>Beneficios de la radiofrecuencia monopolar<\/strong><\/p>\n<p>-Dilata los vasos sangu\u00edneos.<br \/>\n-Drena el organismo.<br \/>\n-Regenera la piel.<br \/>\n-Estimula el col\u00e1geno y la elastina.<br \/>\n-Mejora la elasticidad de la piel.<br \/>\n-Rostro m\u00e1s definido.<br \/>\n-Elimina la grasa del rostro.<br \/>\n-Minimiza las arrugas.<\/p>\n","protected":false},"excerpt":{"rendered":"<p><strong>Especificaciones:<\/strong><\/p>\n<p>-Voltaje: 220 \/ 110V.<br \/>\n-Frecuencia: 50 \/ 60Hz.<br \/>\n-Frecuencia de RF: 0.3-0.5Mhz.<br \/>\n-Potencia: 120 watts.<br \/>\n-Almohadilla de retorno.<br \/>\n-1 mango para aplicaci\u00f3n.<br \/>\n-4 cabezales intercambiables.<\/p>\n","protected":false},"featured_media":913,"comment_status":"open","ping_status":"closed","template":"","meta":{"_joinchat":[]},"product_cat":[22],"product_tag":[],"aioseo_notices":[],"jetpack_sharing_enabled":true,"_links":{"self":[{"href":"https:\/\/diaespa.mx\/index.php\/wp-json\/wp\/v2\/product\/968"}],"collection":[{"href":"https:\/\/diaespa.mx\/index.php\/wp-json\/wp\/v2\/product"}],"about":[{"href":"https:\/\/diaespa.mx\/index.php\/wp-json\/wp\/v2\/types\/product"}],"replies":[{"embeddable":true,"href":"https:\/\/diaespa.mx\/index.php\/wp-json\/wp\/v2\/comments?post=968"}],"wp:featuredmedia":[{"embeddable":true,"href":"https:\/\/diaespa.mx\/index.php\/wp-json\/wp\/v2\/media\/913"}],"wp:attachment":[{"href":"https:\/\/diaespa.mx\/index.php\/wp-json\/wp\/v2\/media?parent=968"}],"wp:term":[{"taxonomy":"product_cat","embeddable":true,"href":"https:\/\/diaespa.mx\/index.php\/wp-json\/wp\/v2\/product_cat?post=968"},{"taxonomy":"product_tag","embeddable":true,"href":"https:\/\/diaespa.mx\/index.php\/wp-json\/wp\/v2\/product_tag?post=968"}],"curies":[{"name":"wp","href":"https:\/\/api.w.org\/{rel}","templated":true}]}}