{"id":967,"date":"2024-03-13T02:25:19","date_gmt":"2024-03-13T08:25:19","guid":{"rendered":"https:\/\/diaespa.mx\/?post_type=product&#038;p=967"},"modified":"2024-03-13T02:25:26","modified_gmt":"2024-03-13T08:25:26","slug":"skin-scrubber-y-masajeador-de-ultrasonido-facial","status":"publish","type":"product","link":"https:\/\/diaespa.mx\/index.php\/product\/skin-scrubber-y-masajeador-de-ultrasonido-facial\/","title":{"rendered":"Skin Scrubber y Masajeador de  Ultrasonido Facial"},"content":{"rendered":"<p><strong>Descripci\u00f3n:<\/strong><\/p>\n<p>El Skin Scrubber es un instrumento de uso profesional utilizado a nivel est\u00e9tico cosm\u00e9tico y dermatol\u00f3gico para el tratamiento de secuelas de acn\u00e9, limpiezas profundas y exfoliaciones, entre otras.<\/p>\n<p>Su avanzada t\u00e9cnica digital permite un uso confortable y una dosificaci\u00f3n exacta en cualquier tipo de tratamiento.<\/p>\n<p>El scrubber (exfoliador facial) ayuda a eliminar la capa c\u00f3rnea, las impurezas de la piel y a disminuir las arrugas, haciendo que su piel luzca m\u00e1s limpia y fresca.<\/p>\n<p><strong>Mecanismos de acci\u00f3n<\/strong><\/p>\n<p>Mecano-Vibraci\u00f3n moderada, la vibraci\u00f3n de alta frecuencia del ultrasonido transforma mol\u00e9culas y ayuda a la segregaci\u00f3n de la materia redundante alrededor de las c\u00e9lulas.<\/p>\n<p>Metabolismo Bioqu\u00edmica, a trav\u00e9s de la vibraci\u00f3n del ultrasonido la permeabilidad de la membrana de las c\u00e9lulas es aumentada mejorando as\u00ed la transici\u00f3n entre el estado de secreci\u00f3n y nutrici\u00f3n y por consiguiente el metabolismo.<\/p>\n<p>Efectos cosmetol\u00f3gicos, con su velocidad de vibraci\u00f3n de 28000\/segundo la alta frecuencia del ultrasonido atomiza el agua purificada permitiendo una limpieza y una esterilizaci\u00f3n radical e los poros tonificando la piel y mejorando as\u00ed la condici\u00f3n tanto de las mucosas como de la piel.<\/p>\n","protected":false},"excerpt":{"rendered":"<p><strong>Especificaciones:<\/strong><\/p>\n<p>-Potencia: 30W.<br \/>\n-Bater\u00eda: bater\u00eda de ion-litio.<br \/>\n-Tiempo de carga: 4hr.<br \/>\n-Tiempo de trabajo: 60min.<br \/>\n-Material: ABS + acero inoxidable.<br \/>\n-Peso de Paquete: 0.3485 kg.<br \/>\n-Tama\u00f1o de paquete: 23,00 x 18,20 x 4,60 cm \/ 9,06 x 7,17 x 1,81 pulgadas.<br \/>\n-Contenido de Paquete: 1 x instrumento de belleza, 4 x cabezal, 1 x cable USB, 1 empaque.<\/p>\n","protected":false},"featured_media":952,"comment_status":"open","ping_status":"closed","template":"","meta":{"_joinchat":[]},"product_cat":[23,47],"product_tag":[],"aioseo_notices":[],"jetpack_sharing_enabled":true,"_links":{"self":[{"href":"https:\/\/diaespa.mx\/index.php\/wp-json\/wp\/v2\/product\/967"}],"collection":[{"href":"https:\/\/diaespa.mx\/index.php\/wp-json\/wp\/v2\/product"}],"about":[{"href":"https:\/\/diaespa.mx\/index.php\/wp-json\/wp\/v2\/types\/product"}],"replies":[{"embeddable":true,"href":"https:\/\/diaespa.mx\/index.php\/wp-json\/wp\/v2\/comments?post=967"}],"wp:featuredmedia":[{"embeddable":true,"href":"https:\/\/diaespa.mx\/index.php\/wp-json\/wp\/v2\/media\/952"}],"wp:attachment":[{"href":"https:\/\/diaespa.mx\/index.php\/wp-json\/wp\/v2\/media?parent=967"}],"wp:term":[{"taxonomy":"product_cat","embeddable":true,"href":"https:\/\/diaespa.mx\/index.php\/wp-json\/wp\/v2\/product_cat?post=967"},{"taxonomy":"product_tag","embeddable":true,"href":"https:\/\/diaespa.mx\/index.php\/wp-json\/wp\/v2\/product_tag?post=967"}],"curies":[{"name":"wp","href":"https:\/\/api.w.org\/{rel}","templated":true}]}}