{"id":966,"date":"2024-03-13T02:21:53","date_gmt":"2024-03-13T08:21:53","guid":{"rendered":"https:\/\/diaespa.mx\/?post_type=product&#038;p=966"},"modified":"2024-03-13T02:22:02","modified_gmt":"2024-03-13T08:22:02","slug":"cavitacion-5-en-1-velashape-v-nine","status":"publish","type":"product","link":"https:\/\/diaespa.mx\/index.php\/product\/cavitacion-5-en-1-velashape-v-nine\/","title":{"rendered":"Cavitaci\u00f3n 5 en 1 Velashape V-NINE\u00a0"},"content":{"rendered":"<p><strong>Descripci\u00f3n:<\/strong><\/p>\n<p><strong>V-NINE Cavitaci\u00f3n 40K, 4 Cabezales Velashape V9<\/strong><\/p>\n<p>VelaShape\u00a0cuenta con tecnologia unica para el contorno corporal no invasivo, dise\u00f1ada para revolucionar el area de belleza.\u00a0Combina cinco potentes tecnolog\u00edas en una, ofreci\u00e9ndole un enfoque integral para la reducci\u00f3n de grasa, la eliminaci\u00f3n de la celulitis, el\u00a0estiramiento de la piel\u00a0y m\u00e1s.<\/p>\n<p>Est\u00e1 dise\u00f1ada para reducir grasas y tensar la piel. Este es el tipo de tecnolog\u00eda que tiene buenos resultados en t\u00e9rminos de remodelaci\u00f3n del cuerpo. Puede proporcionar una soluci\u00f3n r\u00e1pida no invasiva para la reducci\u00f3n de grasa. En base a su nombre, la m\u00e1quina V9 velashape tiene como objetivo cambiar el tama\u00f1o del cuerpo para que tambi\u00e9n se convierta en una apariencia m\u00e1s saludable y mejor. Reduce la grasa en las zonas de aplicaci\u00f3n y deja el cuerpo con una forma contorneada y m\u00e1s delgada.<\/p>\n<p>La m\u00e1quina velashape\u00a0V9 puede energizar los canales de calcio, que causan reducci\u00f3n muscular. Este tratamiento es ideal para usar en \u00e1reas afectadas que son dif\u00edciles de entrenar, como gl\u00fateos, muslos y est\u00f3mago.<\/p>\n<p>Con el beneficio de la m\u00e1quina velashape, puede tener la piel m\u00e1s firme y un cuerpo m\u00e1s delgado. La m\u00e1quina velashape es conocida como la m\u00e1s utilizada en los spas de alta gama. Tambi\u00e9n ayuda a reducir la retenci\u00f3n de agua e incluso proporciona elevaci\u00f3n de la cara y los senos.<\/p>\n","protected":false},"excerpt":{"rendered":"<p><strong>Especificaciones:<\/strong><\/p>\n<p>-Pieza de mano de cavitaci\u00f3n ultras\u00f3nica 40K.<br \/>\n-Frecuencia de ultrasonido: 40 KHz.<br \/>\n-Potencia del ultrasonido: 50W.<br \/>\n-Longitud de onda de la luz roja: 650 nm.<br \/>\n-Pieza de mano RF con rodillo de vac\u00edo grande.<br \/>\n-Frecuencia de radiofrecuencia: 2MHz.<br \/>\n-Potencia de radiofrecuencia: 60W.<br \/>\n-Presi\u00f3n de aire: 0-85 KPa.<br \/>\n-Velocidad de rotaci\u00f3n: 40 rollos\/min.<br \/>\n-Par de torsi\u00f3n: 5 kg\/m.<br \/>\n-Longitud de onda de la luz roja: 650 nm.<br \/>\n-Longitud de onda de BlueLight: 480 nm.<br \/>\n-Longitud de onda de la luz verde: 560 nm.<br \/>\n-Pieza de mano RF con rodillo de vac\u00edo medio.<br \/>\n-Frecuencia de radiofrecuencia: 2MHz.<br \/>\n-Potencia de radiofrecuencia: 60W.<br \/>\n-Presi\u00f3n de aire: 0-85 KPa.<br \/>\n-Velocidad de rotaci\u00f3n: 40 rollos\/min.<br \/>\n-Par de torsi\u00f3n: 5 kg\/m.<br \/>\n-Longitud de onda de la luz roja: 650 nm.<br \/>\n-Mango facial RF de vac\u00edo peque\u00f1o.<br \/>\n-Frecuencia de radiofrecuencia: 1MHz.<br \/>\n-Potencia de radiofrecuencia: 20W.<br \/>\n-Longitud de onda del rayo infrarrojo: 700 nm.<br \/>\n-Pluma RF al vac\u00edo.<br \/>\n-Frecuencia de radiofrecuencia: 2MHz.<br \/>\n-Potencia de radiofrecuencia: 20W.<br \/>\n-Longitud de onda de BlueLight: 480 nm.<br \/>\n-Presi\u00f3n de aire: 0-85 KPa.<br \/>\n-Voltaje110V-220V \/ 50Hz-60HZ.<br \/>\n-Peso 39kg.<br \/>\n-Medidas 65cm * 65cm * 65cm.<\/p>\n","protected":false},"featured_media":958,"comment_status":"open","ping_status":"closed","template":"","meta":{"_joinchat":[]},"product_cat":[23],"product_tag":[],"aioseo_notices":[],"jetpack_sharing_enabled":true,"_links":{"self":[{"href":"https:\/\/diaespa.mx\/index.php\/wp-json\/wp\/v2\/product\/966"}],"collection":[{"href":"https:\/\/diaespa.mx\/index.php\/wp-json\/wp\/v2\/product"}],"about":[{"href":"https:\/\/diaespa.mx\/index.php\/wp-json\/wp\/v2\/types\/product"}],"replies":[{"embeddable":true,"href":"https:\/\/diaespa.mx\/index.php\/wp-json\/wp\/v2\/comments?post=966"}],"wp:featuredmedia":[{"embeddable":true,"href":"https:\/\/diaespa.mx\/index.php\/wp-json\/wp\/v2\/media\/958"}],"wp:attachment":[{"href":"https:\/\/diaespa.mx\/index.php\/wp-json\/wp\/v2\/media?parent=966"}],"wp:term":[{"taxonomy":"product_cat","embeddable":true,"href":"https:\/\/diaespa.mx\/index.php\/wp-json\/wp\/v2\/product_cat?post=966"},{"taxonomy":"product_tag","embeddable":true,"href":"https:\/\/diaespa.mx\/index.php\/wp-json\/wp\/v2\/product_tag?post=966"}],"curies":[{"name":"wp","href":"https:\/\/api.w.org\/{rel}","templated":true}]}}