{"id":965,"date":"2024-03-13T02:13:56","date_gmt":"2024-03-13T08:13:56","guid":{"rendered":"https:\/\/diaespa.mx\/?post_type=product&#038;p=965"},"modified":"2024-03-13T02:15:18","modified_gmt":"2024-03-13T08:15:18","slug":"cavitacion-4-en-1-s-shape","status":"publish","type":"product","link":"https:\/\/diaespa.mx\/index.php\/product\/cavitacion-4-en-1-s-shape\/","title":{"rendered":"Cavitaci\u00f3n 4 en 1 S- Shape"},"content":{"rendered":"<p><strong>Descripci\u00f3n:<\/strong><\/p>\n<p>S-SHAPE Cavitacion de 30K+ EMS Electroporaci\u00f3n + VACUUM + RF\u00a0 con vaccum facial<br \/>\nEsta tecnologia no puede faltar en tu cabina.mejores resultados y recuperacion de tu inversion en poco tiempo.Equipo de cavitacion con RF integrada en el Maneral de cavitacion, maneral de radio frecuencia facial con vacuum para trabajar el ovalo facial, papada, drenaje linfatico, etc. vacuum corporal con RF. maneral para EMS para la penetracion de activos (mesoterapia virtual.<\/p>\n<p><strong>Succi\u00f3n + RF Para tratamiento FACIAL\u00a0<\/strong><br \/>\nLa succi\u00f3n permite que las grasas y m\u00fasculos se muevan dentro del \u00e1rea facial, promoviendo la circulaci\u00f3n sangu\u00ednea y el metabolismo.<br \/>\nLa RF convierte la energ\u00eda el\u00e9ctrica en energ\u00eda t\u00e9rmica para penetrar profundamente en la piel y acelerar la circulaci\u00f3n sangu\u00ednea y el tejido subcut\u00e1neo para estimular el col\u00e1geno, las prote\u00ednas y la renovaci\u00f3n celular, para reducir las arrugas y otros efectos.<br \/>\nLa combinaci\u00f3n de estas tecnolog\u00edas puede estirar los m\u00fasculos faciales y levantar la piel para restaurar la elasticidad de la piel.<\/p>\n<p><strong>EMS + EL (electroporaci\u00f3n) (antiedad facial)<\/strong><br \/>\nEMS: permite reafirmar, levantar y regenerar la piel para aumentar la elasticidad.<br \/>\nEL: permite que los productos penetren m\u00e1s efectivamente en la piel.<br \/>\nCavitaci\u00f3n de ultrasonido + radiofrecuencia RF.<\/p>\n<p><strong>Cavitaci\u00f3n + RF (Cuerpo)<\/strong><br \/>\nLas dos funciones se utilizan en combinaci\u00f3n. La cavitaci\u00f3n mejora el rendimiento de RF para destruir la grasa varias veces al da\u00f1arla primero y a su vez mejorar la calidad de la piel e ir reafirmando.<\/p>\n<p><strong>Succi\u00f3n + RF\u00a0<\/strong><br \/>\nLa succi\u00f3n estimula el tejido debajo de la piel, acelera la circulaci\u00f3n sangu\u00ednea y activa la grasa subcut\u00e1nea, mejora la circulaci\u00f3n linf\u00e1tica, acelera la descomposici\u00f3n de la quema de grasa en \u00e1cidos grasos y promueve la excreci\u00f3n de toxinas y el exceso de agua para hacer que la piel sea m\u00e1s firme y el\u00e1stica.<br \/>\nLa RF convierte la energ\u00eda el\u00e9ctrica en energ\u00eda t\u00e9rmica para penetrar profundamente en la piel y acelerar la circulaci\u00f3n sangu\u00ednea y el tejido subcut\u00e1neo para estimular el col\u00e1geno, las prote\u00ednas y la renovaci\u00f3n celular, para reducir las arrugas y otros efectos.<\/p>\n","protected":false},"excerpt":{"rendered":"<p><strong>Especificaciones:<\/strong><\/p>\n<p>-Especificaciones t\u00e9cnicas.<br \/>\n-Dimensiones: 380x455x224 (mm).<br \/>\n-Peso Neto: 12.2kg.<br \/>\n-Peso bruto: 18kg.<br \/>\n-Potencia de entrada: AC 230V 50 \/ 60Hz.<br \/>\n-Consumo de energ\u00eda: MAX 150W.<br \/>\n-Pantalla: Pantalla t\u00e1ctil.<br \/>\n-M\u00e1quina principal S-SHAPE x 1.<br \/>\n-Maneral de cavitacion 30K y RF con mango ergonomico x 1.<br \/>\n-Maneral de succi\u00f3n y RF corporal\u00a0 con mango ergononomico x 1.<br \/>\n-Maneral\u00a0 facial con vacuum y RF x 1.<br \/>\n-Maneral corpo-facial\u00a0 EMS y EL (electroporaci\u00f3n) x 1.<br \/>\n-Cable de alimentaci\u00f3n 110v (frecuencia: 50 \/ 60Hz).<\/p>\n","protected":false},"featured_media":935,"comment_status":"open","ping_status":"closed","template":"","meta":{"_joinchat":[]},"product_cat":[22],"product_tag":[],"aioseo_notices":[],"jetpack_sharing_enabled":true,"_links":{"self":[{"href":"https:\/\/diaespa.mx\/index.php\/wp-json\/wp\/v2\/product\/965"}],"collection":[{"href":"https:\/\/diaespa.mx\/index.php\/wp-json\/wp\/v2\/product"}],"about":[{"href":"https:\/\/diaespa.mx\/index.php\/wp-json\/wp\/v2\/types\/product"}],"replies":[{"embeddable":true,"href":"https:\/\/diaespa.mx\/index.php\/wp-json\/wp\/v2\/comments?post=965"}],"wp:featuredmedia":[{"embeddable":true,"href":"https:\/\/diaespa.mx\/index.php\/wp-json\/wp\/v2\/media\/935"}],"wp:attachment":[{"href":"https:\/\/diaespa.mx\/index.php\/wp-json\/wp\/v2\/media?parent=965"}],"wp:term":[{"taxonomy":"product_cat","embeddable":true,"href":"https:\/\/diaespa.mx\/index.php\/wp-json\/wp\/v2\/product_cat?post=965"},{"taxonomy":"product_tag","embeddable":true,"href":"https:\/\/diaespa.mx\/index.php\/wp-json\/wp\/v2\/product_tag?post=965"}],"curies":[{"name":"wp","href":"https:\/\/api.w.org\/{rel}","templated":true}]}}