{"id":964,"date":"2024-03-13T02:08:38","date_gmt":"2024-03-13T08:08:38","guid":{"rendered":"https:\/\/diaespa.mx\/?post_type=product&#038;p=964"},"modified":"2024-03-13T02:08:45","modified_gmt":"2024-03-13T08:08:45","slug":"cavitacion-6-en-1-incluye-lipolaser","status":"publish","type":"product","link":"https:\/\/diaespa.mx\/index.php\/product\/cavitacion-6-en-1-incluye-lipolaser\/","title":{"rendered":"Cavitaci\u00f3n 6 en 1, incluye Lipolaser"},"content":{"rendered":"<p><strong>Descripci\u00f3n:<\/strong><\/p>\n<p>Este equipo es un 6 en uno, con sondas incluidas para Cavitaci\u00f3n a 40Khz, sonda de succi\u00f3n bipolar, sonda tetrapolar para cara, sonda hexapolar para cuerpo y sonda tripolar para zonas peque\u00f1as como ojos o cara. Ideal para reafirmar la piel, reducir grasa y celulitis, tonificar m\u00fasculos, descompresi\u00f3n y el alivio del dolor.<\/p>\n<p>Lipo Laser + Cavitaci\u00f3n + RF + Vacuum \/ RF Cavitaci\u00f3n Lipolaser M\u00e1quina para adelgazar. Reafirmar los brazos, piernas, muslos, gl\u00fateos, cintura, espalda, m\u00fasculos abdominales y remodelar la figura del cuerpo.<\/p>\n<p>El tratamiento indoloro enfoca la energ\u00eda de RF en la posici\u00f3n correcta, en comparaci\u00f3n con otras tecnolog\u00edas de radiofrecuencia. Utiliza baja energ\u00eda y alta frecuencia, segura y eficaz.<\/p>\n<p>Apunte a la superficie de la piel y la ubicaci\u00f3n profunda, utilizando un m\u00e9todo complejo para controlar las diferentes corrientes y la energ\u00eda, acceda directamente a las diferentes capas de la piel. No provoca el fen\u00f3meno de la piel desigual.<\/p>\n<p>Abordar selectivamente el tejido graso, para evitar el calentamiento de otras grasas, para lograr el efecto de tratamiento m\u00e1s r\u00e1pido<\/p>\n","protected":false},"excerpt":{"rendered":"<p><strong>Especificaciones:<\/strong><\/p>\n<p>-Cavitaci\u00f3n de 40 Khz.<br \/>\n-6 Sondas Incluidas.<br \/>\n-Pantalla Touch para f\u00e1cil manejo.<br \/>\n-M\u00faltiples modos de trabajo.<br \/>\n-Maneral de RF multipolar (Hexapolar RF) X 1.<br \/>\n-Maneral de RF cuadrupolar x 1.<br \/>\n-Maneral de Cavitaci\u00f3n de 40KHz X 1.<br \/>\n-Maneral de Vac\u00edo + RF Bipolar x 1.<br \/>\n-Maneral de RF Tripolar X 1.<br \/>\n-Fuente de alimentaci\u00f3n Entrada: 100V-240V.<br \/>\n-Pads lipol\u00e1ser corporal x 6\/\/ Cada una de 5mw (Total 48 luces).<br \/>\n-Pads lipol\u00e1ser facial x 2 \/\/ Cada una de 5mw (Total 6 luces).<br \/>\n-Bandas de soporte para Pads X2.<\/p>\n","protected":false},"featured_media":946,"comment_status":"open","ping_status":"closed","template":"","meta":{"_joinchat":[]},"product_cat":[22],"product_tag":[],"aioseo_notices":[],"jetpack_sharing_enabled":true,"_links":{"self":[{"href":"https:\/\/diaespa.mx\/index.php\/wp-json\/wp\/v2\/product\/964"}],"collection":[{"href":"https:\/\/diaespa.mx\/index.php\/wp-json\/wp\/v2\/product"}],"about":[{"href":"https:\/\/diaespa.mx\/index.php\/wp-json\/wp\/v2\/types\/product"}],"replies":[{"embeddable":true,"href":"https:\/\/diaespa.mx\/index.php\/wp-json\/wp\/v2\/comments?post=964"}],"wp:featuredmedia":[{"embeddable":true,"href":"https:\/\/diaespa.mx\/index.php\/wp-json\/wp\/v2\/media\/946"}],"wp:attachment":[{"href":"https:\/\/diaespa.mx\/index.php\/wp-json\/wp\/v2\/media?parent=964"}],"wp:term":[{"taxonomy":"product_cat","embeddable":true,"href":"https:\/\/diaespa.mx\/index.php\/wp-json\/wp\/v2\/product_cat?post=964"},{"taxonomy":"product_tag","embeddable":true,"href":"https:\/\/diaespa.mx\/index.php\/wp-json\/wp\/v2\/product_tag?post=964"}],"curies":[{"name":"wp","href":"https:\/\/api.w.org\/{rel}","templated":true}]}}