{"id":963,"date":"2024-03-13T02:05:12","date_gmt":"2024-03-13T08:05:12","guid":{"rendered":"https:\/\/diaespa.mx\/?post_type=product&#038;p=963"},"modified":"2024-03-13T02:05:36","modified_gmt":"2024-03-13T08:05:36","slug":"cavitacion-8-en-1-unoisetion","status":"publish","type":"product","link":"https:\/\/diaespa.mx\/index.php\/product\/cavitacion-8-en-1-unoisetion\/","title":{"rendered":"Cavitaci\u00f3n 8 en 1 UNOISETION"},"content":{"rendered":"<p><strong>Descripci\u00f3n:<\/strong><\/p>\n<p>Actualmente este multifuncional es uno de los equipos de belleza m\u00e1s innovadores que trabajan en la eliminaci\u00f3n de grasa, la remodelaci\u00f3n del cuerpo y el antienvejecimiento. Adem\u00e1s, crece en popularidad por su ahorro en costos; gran sencillez de uso, facilidad de transporte, rapidez de resultados en los tratamientos y el ahorro continuo de tiempo en la realizaci\u00f3n de los mismos.<\/p>\n<p><strong>EFECTO DE LA CAVITACI\u00d3N DE UNOISEON<\/strong><br \/>\nCavitaci\u00f3n: Onda Ultras\u00f3nica que ejerce un movimiento constante el cual explota a las c\u00e9lulas de grasa logrando junto con el movimiento de los cabezales la liberaci\u00f3n de este exceso de grasa hacia zona de drenaje linf\u00e1tico.<\/p>\n<p><strong>RADIOFRECUENCIA Y VACUUM<\/strong><br \/>\nEl uso de SMART RF bipolar (radiofrecuencia) con un dispositivo de vac\u00edo asociado permite un calentamiento d\u00e9rmico profundo y preciso del col\u00e1geno, seguido de la remodelaci\u00f3n del col\u00e1geno.<\/p>\n<p><strong>BIO MICROCURRENT FACE LIFTING CON FOTOTERAPIA.<\/strong><br \/>\nBio es una t\u00e9cnica cosm\u00e9tica no invasiva que mejora de manera segura y efectiva la salud y la apariencia de la piel.<\/p>\n<p>Un bio lifting facial utiliza tecnolog\u00edas desarrolladas en los campos de la medicina y la fisioterapia para activar los productos qu\u00edmicos naturales de la piel responsables de la salud y la vitalidad.<\/p>\n<p><strong>RADIOFRECUENCIA FACIAL Y CORPORAL<\/strong><br \/>\nPermite un calentamiento d\u00e9rmico profundo y preciso del col\u00e1geno, seguido de la remodelaci\u00f3n del col\u00e1geno. Se ha utilizado con \u00e9xito en ensayos cl\u00ednicos para la operaci\u00f3n de Mejor\u00eda de Celulitis, Estiramientos Faciales, Redefinici\u00f3n de Contorno, Mejor\u00eda General del aspecto de la Piel.<\/p>\n<p><strong>MARTILLO FRIO\u00a0<\/strong><br \/>\nUna gran herramienta para la piel pues ayuda a cerrar poros, suaviza al contacto , reduce enrojecimientos, disminuye inflamaci\u00f3n y calma a la piel.<\/p>\n","protected":false},"excerpt":{"rendered":"<p><strong>Especificaciones:<\/strong><\/p>\n<p>-Maneral de cavitaci\u00f3n\u00a0 40KHz x 1.<br \/>\n-Maneral de Vacuum + RF x1.<br \/>\n-Maneral de RF corporal grande\u00a0 x2.<br \/>\n-Maneral de RF facial\u00a0 x 1.<br \/>\n-Maneral de Microcorriente + luz LED x 1.<br \/>\n-Maneral martillo frio\/caliente 1.<br \/>\n-Fuente de alimentaci\u00f3n Entrada: 100V-240V.<br \/>\n-Potencia: 190W.<br \/>\n-Mango 40K Unoisetion Cavitaci\u00f3n 2.0.<br \/>\n-Frecuencia: 40 KHz.<br \/>\n-Potencia: 20W.<br \/>\n-40K Unoisetion Cavitaci\u00f3n 2.0 Handle para el cuerpo.<br \/>\n-Frecuencia: 1 MHz.<br \/>\n-Potencia: 50W.<\/p>\n","protected":false},"featured_media":936,"comment_status":"open","ping_status":"closed","template":"","meta":{"_joinchat":[]},"product_cat":[22],"product_tag":[],"aioseo_notices":[],"jetpack_sharing_enabled":true,"_links":{"self":[{"href":"https:\/\/diaespa.mx\/index.php\/wp-json\/wp\/v2\/product\/963"}],"collection":[{"href":"https:\/\/diaespa.mx\/index.php\/wp-json\/wp\/v2\/product"}],"about":[{"href":"https:\/\/diaespa.mx\/index.php\/wp-json\/wp\/v2\/types\/product"}],"replies":[{"embeddable":true,"href":"https:\/\/diaespa.mx\/index.php\/wp-json\/wp\/v2\/comments?post=963"}],"wp:featuredmedia":[{"embeddable":true,"href":"https:\/\/diaespa.mx\/index.php\/wp-json\/wp\/v2\/media\/936"}],"wp:attachment":[{"href":"https:\/\/diaespa.mx\/index.php\/wp-json\/wp\/v2\/media?parent=963"}],"wp:term":[{"taxonomy":"product_cat","embeddable":true,"href":"https:\/\/diaespa.mx\/index.php\/wp-json\/wp\/v2\/product_cat?post=963"},{"taxonomy":"product_tag","embeddable":true,"href":"https:\/\/diaespa.mx\/index.php\/wp-json\/wp\/v2\/product_tag?post=963"}],"curies":[{"name":"wp","href":"https:\/\/api.w.org\/{rel}","templated":true}]}}