{"id":911,"date":"2024-03-13T01:54:06","date_gmt":"2024-03-13T07:54:06","guid":{"rendered":"https:\/\/diaespa.mx\/?post_type=product&#038;p=911"},"modified":"2024-03-13T01:54:13","modified_gmt":"2024-03-13T07:54:13","slug":"geneo-facial-3-en-1","status":"publish","type":"product","link":"https:\/\/diaespa.mx\/index.php\/product\/geneo-facial-3-en-1\/","title":{"rendered":"GeneO+ Facial 3 en 1"},"content":{"rendered":"<p><strong>Descripci\u00f3n:<\/strong><\/p>\n<p>GeneO+ es la plataforma de tratamiento facial que mejora la apariencia de la piel, consiguiendo un aspecto m\u00e1s joven y natural\u00admente bonito. Es el \u00fanico dispositivo en el mercado que ofrece un tratamiento facial tres en uno que act\u00faa tanto en el exterior como en el interior de la piel, combinando tecnolog\u00edas RF Tripolar, Oxygeneo y Ultrasonidos.<br \/>\nGeneo+ nos permite hacer un tratamiento de limpieza y rejuvenecimiento facial 3 en 1. Exfoliaci\u00f3n de la capa externa de la piel, nutrici\u00f3n revitalizante con componentes activos y oxigenaci\u00f3n interna de los tejidos de manera natural.<\/p>\n<p><strong>PASO 1 OXYGENEO<\/strong><br \/>\nOxigenaci\u00f3n, exfoliaci\u00f3n y absorsi\u00f3n\u00a0El efecto OxyGeneo se produce cuando la c\u00e1psula, que est\u00e1 compuesta de bicarbonato s\u00f3dico y \u00e1cido c\u00edtrico, entra en contacto con el gel rico en nutrientes de en superficie de la piel.<\/p>\n<p><strong>PASO 2 RADIOFRECUENCIA TRIPOLAR<\/strong><br \/>\nDesencadena la renovaci\u00f3n de la piel estimulando la producci\u00f3n de fibras de col\u00e1geno y elastina, a trav\u00e9s de la aplicaci\u00f3n de energ\u00eda RF focalizada de una manera segura y eficaz, induciendo un calenta\u00admiento controlado de la dermis.<\/p>\n<p><strong>PASO 3 ULTRASONIDO<\/strong><br \/>\nMejora el flujo sangu\u00edneo y la absorci\u00f3n de los principios activos mediante la aplicaci\u00f3n de ondas de ultrasonido en la piel, crea vibraciones y reorganiza las c\u00e9lulas epid\u00e9rmicas con el fin de aumentar la permeabilidad de la capa c\u00f3rnea y mejorar la nutrici\u00f3n de la piel.<\/p>\n<p><strong>FUNCIONAMIENTO<\/strong><br \/>\nGeneo ofrece el funcionamiento y protocolo de tratamiento \u00fanicos para garantizar resultados inmediatos y a largo plazo. OxyGeneo prepara la piel del rostro para la absorci\u00f3n de los ingredientes activos mediante: Exfoliaci\u00f3n de la epidermis; eliminaci\u00f3n de las c\u00e9lulas muertas de la piel Infusi\u00f3n de nutrientes revitalizantes esenciales Oxigenaci\u00f3n desde el interior El ultrasonido aumenta la penetraci\u00f3n de ingredientes especiales en la piel (a 1 MHz)<\/p>\n<p><strong>BALANCE\u00a0<\/strong>\u2013\u00a0 Purifica y suaviza la piel, mejorando su textura y aspecto.<br \/>\n<strong>REVIVE<\/strong>\u00a0\u2013 Refresca la piel apagada, reduce las l\u00edneas finas, mejorando la textura y el aspecto general de la piel.<br \/>\n<strong>ILLUMINATE<\/strong>\u00a0\u2013 Rejuvenece, unifica el tono de la piel y mejora la pigmentaci\u00f3n<br \/>\n<strong>HYDRATE<\/strong>\u00a0\u2013 Refresca y reaviva las pieles secas y apagadas, dej\u00e1ndolas hidratadas, brillantes y revitalizadas.<\/p>\n","protected":false},"excerpt":{"rendered":"<p><strong>Especificaciones:<\/strong><\/p>\n<p>Potencia de salida: 5-30 Hz de frecuencia de vibraci\u00f3n.<br \/>\nVoltaje de entrada: 100-240 volt.<br \/>\nCorriente: 600 mA.<br \/>\nInterface para\u00a0el usuario: Pantalla t\u00e1ctil LCD a color.<br \/>\nDimensiones del equipo: H380 c W382 x D282 cm.<br \/>\nPeso aproximado: 4,4 kg.<br \/>\nPuntas: de precisi\u00f3n enfriada de zafiro.<\/p>\n","protected":false},"featured_media":922,"comment_status":"open","ping_status":"closed","template":"","meta":{"_joinchat":[]},"product_cat":[22],"product_tag":[],"aioseo_notices":[],"jetpack_sharing_enabled":true,"_links":{"self":[{"href":"https:\/\/diaespa.mx\/index.php\/wp-json\/wp\/v2\/product\/911"}],"collection":[{"href":"https:\/\/diaespa.mx\/index.php\/wp-json\/wp\/v2\/product"}],"about":[{"href":"https:\/\/diaespa.mx\/index.php\/wp-json\/wp\/v2\/types\/product"}],"replies":[{"embeddable":true,"href":"https:\/\/diaespa.mx\/index.php\/wp-json\/wp\/v2\/comments?post=911"}],"wp:featuredmedia":[{"embeddable":true,"href":"https:\/\/diaespa.mx\/index.php\/wp-json\/wp\/v2\/media\/922"}],"wp:attachment":[{"href":"https:\/\/diaespa.mx\/index.php\/wp-json\/wp\/v2\/media?parent=911"}],"wp:term":[{"taxonomy":"product_cat","embeddable":true,"href":"https:\/\/diaespa.mx\/index.php\/wp-json\/wp\/v2\/product_cat?post=911"},{"taxonomy":"product_tag","embeddable":true,"href":"https:\/\/diaespa.mx\/index.php\/wp-json\/wp\/v2\/product_tag?post=911"}],"curies":[{"name":"wp","href":"https:\/\/api.w.org\/{rel}","templated":true}]}}