{"id":774,"date":"2024-02-23T06:03:22","date_gmt":"2024-02-23T06:03:22","guid":{"rendered":"https:\/\/diaespa.mx\/?post_type=product&#038;p=774"},"modified":"2024-02-23T06:04:35","modified_gmt":"2024-02-23T06:04:35","slug":"diodo-laser-depilacion","status":"publish","type":"product","link":"https:\/\/diaespa.mx\/index.php\/product\/diodo-laser-depilacion\/","title":{"rendered":"Diodo L\u00e1ser Depilaci\u00f3n"},"content":{"rendered":"<p><strong>Descripci\u00f3n:<\/strong><\/p>\n<p>-El Diodo L\u00e1ser es un sistema de depilaci\u00f3n definitiva. Para eliminar el vello desde la ra\u00edz, se aplica un haz de luz que penetra en la piel sin da\u00f1arla, destruyendo el fol\u00edculo para que el pelo no vuelva a aparecer.<\/p>\n<p>-Por su particular longitud de onda, puede usarse en grandes extensiones del cuerpo y eliminar desde el vello m\u00e1s fino y claro hasta el oscuro y grueso. Esto hace que el l\u00e1ser diodo sea perfecto para todos los fototipos de piel y tipos de vello.<\/p>\n<p>-La depilaci\u00f3n l\u00e1ser de diodo es una manera segura, r\u00e1pida y eficaz de acabar para siempre con las molestias de la depilaci\u00f3n tradicional. Tanto hombres como mujeres pueden beneficiarse de las ventajas de esta t\u00e9cnica.<\/p>\n<p>-El principal beneficio del l\u00e1ser diodo es que consigue eliminar hasta el 90% del vello despu\u00e9s de entre 8 y 12 sesiones<\/p>\n<p>-Su intensidad es regulable para adaptarlo a los requerimientos de cada paciente, sin generar molestias ni riesgos para la salud.<\/p>\n","protected":false},"excerpt":{"rendered":"<p><strong>Especificaciones:<\/strong><\/p>\n<p>-755 nm para depilaci\u00f3n de piel blanca (cabello fino \/ dorado).<br \/>\n-808 nm para la depilaci\u00f3n de la piel amarilla (natural).<br \/>\n-1064 nm para depilaci\u00f3n de piel negra (cabello negro).<br \/>\n-Tipo Diodo de onda triple triple 755 nm + 808 nm + 1064 nm de longitud de onda mixta.<br \/>\n-Longitud de onda 755 nm + 808 nm + 1064 nm.<br \/>\n-Ancho de pulso 0-600ms.<br \/>\n-Frecuencia lHz-lOHz.<br \/>\n-Potencia m\u00e1xima 100J \/ cm\u00b2.<br \/>\n-Salida de luz 10 mm x 10 mm,\u00a0\u00a015 mm x 15 mm, 20 mm x 20 mm.<br \/>\n-Temperatura de enfriamiento: -10 \u00b0 C a 10 \u00b0 C por zafiro enfriado.<br \/>\n-Agua que fluye\u00a0 8L \/ min.<br \/>\n-Pantalla LCD 10.4 &#8216;Toca LCD\u00a0 \u00a0tanque de agua incorporado.<br \/>\n-Voltaje de entrada 50-60Hz 110VAC.<br \/>\n-Potencia de la manija 300W, 500W, 600W, 1000W.<br \/>\n-Potencia de la m\u00e1quina 1500 W.<br \/>\n-Manejar disparos 20,000,000 disparos.<\/p>\n","protected":false},"featured_media":775,"comment_status":"open","ping_status":"closed","template":"","meta":{"_joinchat":[]},"product_cat":[30,22],"product_tag":[],"aioseo_notices":[],"jetpack_sharing_enabled":true,"_links":{"self":[{"href":"https:\/\/diaespa.mx\/index.php\/wp-json\/wp\/v2\/product\/774"}],"collection":[{"href":"https:\/\/diaespa.mx\/index.php\/wp-json\/wp\/v2\/product"}],"about":[{"href":"https:\/\/diaespa.mx\/index.php\/wp-json\/wp\/v2\/types\/product"}],"replies":[{"embeddable":true,"href":"https:\/\/diaespa.mx\/index.php\/wp-json\/wp\/v2\/comments?post=774"}],"wp:featuredmedia":[{"embeddable":true,"href":"https:\/\/diaespa.mx\/index.php\/wp-json\/wp\/v2\/media\/775"}],"wp:attachment":[{"href":"https:\/\/diaespa.mx\/index.php\/wp-json\/wp\/v2\/media?parent=774"}],"wp:term":[{"taxonomy":"product_cat","embeddable":true,"href":"https:\/\/diaespa.mx\/index.php\/wp-json\/wp\/v2\/product_cat?post=774"},{"taxonomy":"product_tag","embeddable":true,"href":"https:\/\/diaespa.mx\/index.php\/wp-json\/wp\/v2\/product_tag?post=774"}],"curies":[{"name":"wp","href":"https:\/\/api.w.org\/{rel}","templated":true}]}}