{"id":769,"date":"2024-02-23T05:56:02","date_gmt":"2024-02-23T05:56:02","guid":{"rendered":"https:\/\/diaespa.mx\/?post_type=product&#038;p=769"},"modified":"2024-02-23T05:56:25","modified_gmt":"2024-02-23T05:56:25","slug":"laser-picosegundo-y-laser-diodo-808-2-en-1","status":"publish","type":"product","link":"https:\/\/diaespa.mx\/index.php\/product\/laser-picosegundo-y-laser-diodo-808-2-en-1\/","title":{"rendered":"L\u00e1ser Picosegundo y L\u00e1ser Diodo 808 2 en 1"},"content":{"rendered":"<p><strong>Descripci\u00f3n:<\/strong><br \/>\nEl sistema de depilaci\u00f3n l\u00e1ser semiconductor de 808 nm utiliza su exclusivo l\u00e1ser de ancho de pulso largo para penetrar la epidermis hasta el fol\u00edculo piloso. Seg\u00fan el principio de absorci\u00f3n selectiva de la luz, la energ\u00eda del l\u00e1ser es absorbida preferentemente por la melanina del cabello, y el cabello pierde su capacidad de regeneraci\u00f3n.<\/p>\n<p>Durante el tratamiento, la exclusiva tecnolog\u00eda de enfriamiento din\u00e1mico de zafiro del sistema hace que la epidermis se anestesie en poco tiempo, garantizando que la epidermis no se queme y logrando una depilaci\u00f3n indolora, r\u00e1pida y permanente.<\/p>\n<p>Picosegundo utiliza la tecnolog\u00eda m\u00e1s avanzada para tratar afecciones pigmentarias. A trav\u00e9s de una energ\u00eda r\u00e1pida y poderosa, el pigmento en la piel se tritura m\u00e1s finamente, deviniendo luego el principio de eliminaci\u00f3n de tatuajes y manchas a trav\u00e9s del drenaje linf\u00e1tico.<\/p>\n<p>Por lo tanto, el proceso de tratamiento se acorta, de las diez veces originales a dos o tres veces; y la dermis no se da\u00f1a, lo que reduce la posibilidad de efectos secundarios y aumenta la tasa de \u00e9xito del procedimiento.<\/p>\n","protected":false},"excerpt":{"rendered":"<p><strong>Especificaciones:<\/strong><\/p>\n<p>-2 en 1 equipo, 808 nm L\u00e1ser de diodo + L\u00e1ser Nd Yag Modelo.<br \/>\n-Longitud de onda del l\u00e1ser de diodo 808nm\/808nm + 755nm + 1064nm.<br \/>\n-Longitud de onda del l\u00e1ser Nd yag 532nm\/1064nm\/1320nm.<br \/>\n-Tipo de l\u00e1ser L\u00e1ser de diodo.<br \/>\n-Frecuencia 1-10 Hz.<br \/>\n-Potencia de salida 3000W.<br \/>\n-Sistema de refrigeraci\u00f3n Viento + Agua + Semiconductor.<\/p>\n","protected":false},"featured_media":770,"comment_status":"open","ping_status":"closed","template":"","meta":{"_joinchat":[]},"product_cat":[30,22],"product_tag":[],"aioseo_notices":[],"jetpack_sharing_enabled":true,"_links":{"self":[{"href":"https:\/\/diaespa.mx\/index.php\/wp-json\/wp\/v2\/product\/769"}],"collection":[{"href":"https:\/\/diaespa.mx\/index.php\/wp-json\/wp\/v2\/product"}],"about":[{"href":"https:\/\/diaespa.mx\/index.php\/wp-json\/wp\/v2\/types\/product"}],"replies":[{"embeddable":true,"href":"https:\/\/diaespa.mx\/index.php\/wp-json\/wp\/v2\/comments?post=769"}],"wp:featuredmedia":[{"embeddable":true,"href":"https:\/\/diaespa.mx\/index.php\/wp-json\/wp\/v2\/media\/770"}],"wp:attachment":[{"href":"https:\/\/diaespa.mx\/index.php\/wp-json\/wp\/v2\/media?parent=769"}],"wp:term":[{"taxonomy":"product_cat","embeddable":true,"href":"https:\/\/diaespa.mx\/index.php\/wp-json\/wp\/v2\/product_cat?post=769"},{"taxonomy":"product_tag","embeddable":true,"href":"https:\/\/diaespa.mx\/index.php\/wp-json\/wp\/v2\/product_tag?post=769"}],"curies":[{"name":"wp","href":"https:\/\/api.w.org\/{rel}","templated":true}]}}