{"id":764,"date":"2024-02-23T05:50:29","date_gmt":"2024-02-23T05:50:29","guid":{"rendered":"https:\/\/diaespa.mx\/?post_type=product&#038;p=764"},"modified":"2024-02-23T05:51:36","modified_gmt":"2024-02-23T05:51:36","slug":"picolaser-picosegundo","status":"publish","type":"product","link":"https:\/\/diaespa.mx\/index.php\/product\/picolaser-picosegundo\/","title":{"rendered":"PicoLaser Picosegundo"},"content":{"rendered":"<p><strong>Descripci\u00f3n:<\/strong><\/p>\n<p>El\u00a0l\u00e1ser de picosegundos\u00a0se denomina as\u00ed porque sus pulsos de energ\u00eda son ultracortos, duran picosegundos (un picosegundo es la trillon\u00e9sima parte de un segundo). El hecho de que este l\u00e1ser emita en un pulso tan ultracorto permite un efecto tisular fotomec\u00e1nico en lugar de t\u00e9rmico que produce un incremento s\u00fabito de la temperatura del pigmento de la lesi\u00f3n cut\u00e1nea a eliminar con mayor eficacia.<\/p>\n<p>El l\u00e1ser de picosegundos tiene 3 usos, la eliminaci\u00f3n de manchas de todo tipo, el rejuvenecimiento de la piel y la eliminaci\u00f3n de tatuajes.<\/p>\n<p>Este tratamiento es nuevo e innovador no quir\u00fargico y no invasivo, que puede tratar una gran variedad de problemas est\u00e9ticos y es seguro en muchas zonas diferentes del cuerpo.<\/p>\n<p>Este l\u00e1ser utiliza alta energ\u00eda en lugar de calor para destruir las decoloraciones de la piel, al tiempo que promueve la producci\u00f3n de elastina y col\u00e1geno.<\/p>\n<p>Debido a la velocidad de los pulsos de energ\u00eda, el tratamiento con pico l\u00e1ser se considera uno de los m\u00e1s suaves del mercado.<\/p>\n","protected":false},"excerpt":{"rendered":"<p><strong>Especificaciones:<\/strong><\/p>\n<p>-Refrigeraci\u00f3n de aire.<br \/>\n-Operaci\u00f3n de interfaz: Pantalla a color de 4,3 pulgadas.<br \/>\n-Potencia de salida: 500W.<br \/>\n-Longitud de onda: 1064nm\/532nm\/755nm.<\/p>\n","protected":false},"featured_media":767,"comment_status":"open","ping_status":"closed","template":"","meta":{"_joinchat":[]},"product_cat":[30,22],"product_tag":[],"aioseo_notices":[],"jetpack_sharing_enabled":true,"_links":{"self":[{"href":"https:\/\/diaespa.mx\/index.php\/wp-json\/wp\/v2\/product\/764"}],"collection":[{"href":"https:\/\/diaespa.mx\/index.php\/wp-json\/wp\/v2\/product"}],"about":[{"href":"https:\/\/diaespa.mx\/index.php\/wp-json\/wp\/v2\/types\/product"}],"replies":[{"embeddable":true,"href":"https:\/\/diaespa.mx\/index.php\/wp-json\/wp\/v2\/comments?post=764"}],"wp:featuredmedia":[{"embeddable":true,"href":"https:\/\/diaespa.mx\/index.php\/wp-json\/wp\/v2\/media\/767"}],"wp:attachment":[{"href":"https:\/\/diaespa.mx\/index.php\/wp-json\/wp\/v2\/media?parent=764"}],"wp:term":[{"taxonomy":"product_cat","embeddable":true,"href":"https:\/\/diaespa.mx\/index.php\/wp-json\/wp\/v2\/product_cat?post=764"},{"taxonomy":"product_tag","embeddable":true,"href":"https:\/\/diaespa.mx\/index.php\/wp-json\/wp\/v2\/product_tag?post=764"}],"curies":[{"name":"wp","href":"https:\/\/api.w.org\/{rel}","templated":true}]}}