{"id":754,"date":"2024-02-23T05:37:03","date_gmt":"2024-02-23T05:37:03","guid":{"rendered":"https:\/\/diaespa.mx\/?post_type=product&#038;p=754"},"modified":"2024-02-23T05:37:03","modified_gmt":"2024-02-23T05:37:03","slug":"hifu-ultrasonido-de-alta-intensidad-enfocado-portatil-profundidad-facial-y-corporal","status":"publish","type":"product","link":"https:\/\/diaespa.mx\/index.php\/product\/hifu-ultrasonido-de-alta-intensidad-enfocado-portatil-profundidad-facial-y-corporal\/","title":{"rendered":"(HIFU) Ultrasonido de alta intensidad enfocado port\u00e1til profundidad facial y corporal"},"content":{"rendered":"<p><strong>Descripci\u00f3n:<br \/>\n<\/strong>HIFU\u00a0es la abreviatura de Ultrasonido Focalizado de Alta Intensidad (High Intensity Focused Ultrasound). Permite mejorar la flacidez facial y corporal mediante la localizaci\u00f3n selectiva de energ\u00eda ultras\u00f3nica.<\/p>\n<p>El \u00a0HIFU\u00a0trabaja con precisi\u00f3n sobre el tejido subcut\u00e1neo a una profundidad de 1,5mm a 3mm para la activaci\u00f3n de col\u00e1geno y hasta 4,5mm a nivel de la capa SMAS.<\/p>\n<p><strong>Qu\u00e9\u00a0resultados\u00a0se pueden conseguir\u00a0a nivel facial:<\/strong><br \/>\nElimina las arrugas, eleva el contorno facial, rejuvenece la piel, aten\u00faa las patas de gallo, unifica el tono facial, reafirma los tejidos, aten\u00faa las cicatrices acneicas, reduce la grasa del ment\u00f3n.<\/p>\n<p>A\u00a0nivel corporal\u00a0consigue efectos mec\u00e1nicos y t\u00e9rmicos que perforan selectivamente el adipocito, manteniendo intactas las estructuras circundantes, dejando espacio para que salgan los \u00e1cidos grasos.<\/p>\n<p>Gracias al aumento de la temperatura tambi\u00e9n conseguiremos un efecto de reafirmaci\u00f3n.<\/p>\n<p><strong>Qu\u00e9\u00a0resultados\u00a0se consigue a nivel corporal:<\/strong><br \/>\nReduce la celulitis y la piel de naranja, Elimina la grasa localizada, Rejuvenece la piel, Regenera la elasticidad de la piel, Reafirma muslos y brazos, Eleva gl\u00fateos.<\/p>\n<p>Este Modelo maneja 5 cartuchos catalogados seg\u00fan su nivel de penetraci\u00f3n.<\/p>\n","protected":false},"excerpt":{"rendered":"<p><strong>Especificaciones:<\/strong><\/p>\n<p>-1.5mm Epidermis.<br \/>\n-3mm Dermis.<br \/>\n-4.5mm SMAS.<br \/>\n-8mm Corporal.<br \/>\n-13mm Corporal.<br \/>\n-Par\u00e1metros.<br \/>\n-Entrada: AC100V-240V.<br \/>\n-Potencia: 160 W.<br \/>\n-Salida: 0.1-1.0J (0.1J \/ paso).<br \/>\n-Espaciado: 1.0-3.0mm.<br \/>\n-Longitud: 5.0-25mm.<br \/>\n-1 Maquina Principal.<br \/>\n-1 Manija ultras\u00f3nica enfocada.<br \/>\n-1 Transductor DS-4.5.<br \/>\n-1 Transductor DS-3.0.<br \/>\n-1 Transductor DS-1.5.<br \/>\n-1 Transductor DS8.0.<br \/>\n-1 Transductor DS13.0.<br \/>\n-1 Cable de alimentaci\u00f3n.<\/p>\n","protected":false},"featured_media":757,"comment_status":"open","ping_status":"closed","template":"","meta":{"_joinchat":[]},"product_cat":[23,39,47],"product_tag":[],"aioseo_notices":[],"jetpack_sharing_enabled":true,"_links":{"self":[{"href":"https:\/\/diaespa.mx\/index.php\/wp-json\/wp\/v2\/product\/754"}],"collection":[{"href":"https:\/\/diaespa.mx\/index.php\/wp-json\/wp\/v2\/product"}],"about":[{"href":"https:\/\/diaespa.mx\/index.php\/wp-json\/wp\/v2\/types\/product"}],"replies":[{"embeddable":true,"href":"https:\/\/diaespa.mx\/index.php\/wp-json\/wp\/v2\/comments?post=754"}],"wp:featuredmedia":[{"embeddable":true,"href":"https:\/\/diaespa.mx\/index.php\/wp-json\/wp\/v2\/media\/757"}],"wp:attachment":[{"href":"https:\/\/diaespa.mx\/index.php\/wp-json\/wp\/v2\/media?parent=754"}],"wp:term":[{"taxonomy":"product_cat","embeddable":true,"href":"https:\/\/diaespa.mx\/index.php\/wp-json\/wp\/v2\/product_cat?post=754"},{"taxonomy":"product_tag","embeddable":true,"href":"https:\/\/diaespa.mx\/index.php\/wp-json\/wp\/v2\/product_tag?post=754"}],"curies":[{"name":"wp","href":"https:\/\/api.w.org\/{rel}","templated":true}]}}