{"id":751,"date":"2024-02-23T05:32:22","date_gmt":"2024-02-23T05:32:22","guid":{"rendered":"https:\/\/diaespa.mx\/?post_type=product&#038;p=751"},"modified":"2024-02-23T05:32:40","modified_gmt":"2024-02-23T05:32:40","slug":"hifu-7d","status":"publish","type":"product","link":"https:\/\/diaespa.mx\/index.php\/product\/hifu-7d\/","title":{"rendered":"HIFU 7D"},"content":{"rendered":"<p><strong>Descripci\u00f3n:<\/strong><\/p>\n<p>HIFU 7D,es una tecnolog\u00eda de \u00faltima generaci\u00f3n que utiliza ondas ultras\u00f3nicas de alta intensidad para estimular la producci\u00f3n de col\u00e1geno en las capas m\u00e1s profundas de la piel. A diferencia de otros tratamientos, HIFU 7D trabaja desde el interior, sin da\u00f1ar la superficie de la piel, lo que lo convierte en una alternativa segura y efectiva para combatir los signos del envejecimiento.<\/p>\n<p>Este tratamiento se basa en la utilizaci\u00f3n de un dispositivo que emite pulsos de ultrasonido focalizados en puntos estrat\u00e9gicos del rostro y el cuello.<\/p>\n<p>Algunas de las principales aplicaciones de este revolucionario tratamiento son:<\/p>\n<p>Rejuvenecimiento facial:\u00a0HIFU 7D ayuda a reducir la apariencia de arrugas y l\u00edneas de expresi\u00f3n, mejorando la textura y el tono de la piel.<\/p>\n<p>Tratamiento de flacidez:\u00a0Si notas que tu piel ha perdido firmeza y est\u00e1 m\u00e1s fl\u00e1cida, HIFU 7D puede ser la soluci\u00f3n que buscas.<\/p>\n<p>Reducci\u00f3n de papada:\u00a0La acumulaci\u00f3n de grasa en la zona del cuello y la papada es un problema com\u00fan que afecta a muchas personas.<\/p>\n","protected":false},"excerpt":{"rendered":"<p><strong>Especificaciones:<\/strong><\/p>\n<p>-Sonda de 4,5 mm: llegue directamente a la capa de fascia.<br \/>\n-Sonda de 3,0 mm: alcance directamente a la dermis para estimular la proliferaci\u00f3n continua del col\u00e1geno.<br \/>\n-Sonda de 1,5 mm: apunta a la epidermis para mejorar las l\u00edneas finas, el tono de la piel, la textura de la piel y los poros finos<br \/>\n-Sonda de 6 mm, 9 mm, 13 mm: reducci\u00f3n de grasa y cuerpo moldeador, eliminaci\u00f3n de pa\u00f1uelos de c\u00e1scara de naranja y celulitis, tensado y levantamiento de la piel del cuerpo<\/p>\n","protected":false},"featured_media":752,"comment_status":"open","ping_status":"closed","template":"","meta":{"_joinchat":[]},"product_cat":[23,39,47],"product_tag":[],"aioseo_notices":[],"jetpack_sharing_enabled":true,"_links":{"self":[{"href":"https:\/\/diaespa.mx\/index.php\/wp-json\/wp\/v2\/product\/751"}],"collection":[{"href":"https:\/\/diaespa.mx\/index.php\/wp-json\/wp\/v2\/product"}],"about":[{"href":"https:\/\/diaespa.mx\/index.php\/wp-json\/wp\/v2\/types\/product"}],"replies":[{"embeddable":true,"href":"https:\/\/diaespa.mx\/index.php\/wp-json\/wp\/v2\/comments?post=751"}],"wp:featuredmedia":[{"embeddable":true,"href":"https:\/\/diaespa.mx\/index.php\/wp-json\/wp\/v2\/media\/752"}],"wp:attachment":[{"href":"https:\/\/diaespa.mx\/index.php\/wp-json\/wp\/v2\/media?parent=751"}],"wp:term":[{"taxonomy":"product_cat","embeddable":true,"href":"https:\/\/diaespa.mx\/index.php\/wp-json\/wp\/v2\/product_cat?post=751"},{"taxonomy":"product_tag","embeddable":true,"href":"https:\/\/diaespa.mx\/index.php\/wp-json\/wp\/v2\/product_tag?post=751"}],"curies":[{"name":"wp","href":"https:\/\/api.w.org\/{rel}","templated":true}]}}