{"id":744,"date":"2024-02-23T05:28:09","date_gmt":"2024-02-23T05:28:09","guid":{"rendered":"https:\/\/diaespa.mx\/?post_type=product&#038;p=744"},"modified":"2024-02-23T05:29:08","modified_gmt":"2024-02-23T05:29:08","slug":"hifu-v-max","status":"publish","type":"product","link":"https:\/\/diaespa.mx\/index.php\/product\/hifu-v-max\/","title":{"rendered":"HIFU V-MAX"},"content":{"rendered":"<p><strong>Descripci\u00f3n:<\/strong><\/p>\n<p>El procedimiento M\u00e9dico Est\u00e9tico HIFU VMAX(Ultrasonido enfocado de alta intensidad) Facial es un tratamiento no quir\u00fargico y no invasivo que utiliza ultrasonido y el propio proceso de curaci\u00f3n natural del cuerpo para levantar y tensar la piel fl\u00e1cida de la ceja, el cuello y la cara completa.<\/p>\n<p>HIFU VMAX Facial,\u00a0 es el complemento perfecto del HIFU Facial ya que trabaja en zona m\u00e1s peque\u00f1as que el HIFU Facial no puede llegar como Ojeras, parte superior de los labios.<\/p>\n<p>Levanta la piel en estas \u00e1reas dif\u00edciles de tratar, utiliza la energ\u00eda segura y probada del ultrasonido para estimular las capas de soporte estructural profundas de la piel, incluidas las que normalmente se tratan en un estiramiento facial quir\u00fargico, sin perturbando la superficie de la piel.<\/p>\n<p>El tratamiento HIFU Facial se realiza colocando un aplicador suave sobre la piel, que deposita energ\u00eda de ultrasonido enfocada profundamente debajo de la piel a la temperatura \u00f3ptima para la regeneraci\u00f3n del col\u00e1geno. El tratamiento inicia un proceso natural, conocido como neocolag\u00e9nesis, para producir col\u00e1geno nuevo y fresco.<\/p>\n<p>V-MAX (HIFU) ayuda a mejorar las arrugas y la elasticidad de la piel y a formar col\u00e1geno. La energ\u00eda t\u00e9rmica HIFU a 65 \u2103 se entrega a la capa SMAS (aproximadamente 3.5 mm ~ 4.5 mm) en la piel de la cara y contrae la capa muscular de la piel. Adem\u00e1s, V-MAX permite hacer un tratamiento de la obesidad al descomponer la capa de grasa que se encuentra entre 10 mm ~ 20 mm de profundidad en la piel del cuerpo.<\/p>\n","protected":false},"excerpt":{"rendered":"<p><strong>Especificaciones:<\/strong><\/p>\n<p>-Est\u00e1 equipado con la sonda ( 3,5 mm \/ 4,5 mm ), que es la m\u00e1s utilizada en los equipos HIFU.<br \/>\n-Control f\u00e1cil a trav\u00e9s de una interfaz f\u00e1cil de usar en LCD t\u00e1ctil de 7 pulgadas.<\/p>\n","protected":false},"featured_media":750,"comment_status":"open","ping_status":"closed","template":"","meta":{"_joinchat":[]},"product_cat":[23,39,47],"product_tag":[],"aioseo_notices":[],"jetpack_sharing_enabled":true,"_links":{"self":[{"href":"https:\/\/diaespa.mx\/index.php\/wp-json\/wp\/v2\/product\/744"}],"collection":[{"href":"https:\/\/diaespa.mx\/index.php\/wp-json\/wp\/v2\/product"}],"about":[{"href":"https:\/\/diaespa.mx\/index.php\/wp-json\/wp\/v2\/types\/product"}],"replies":[{"embeddable":true,"href":"https:\/\/diaespa.mx\/index.php\/wp-json\/wp\/v2\/comments?post=744"}],"wp:featuredmedia":[{"embeddable":true,"href":"https:\/\/diaespa.mx\/index.php\/wp-json\/wp\/v2\/media\/750"}],"wp:attachment":[{"href":"https:\/\/diaespa.mx\/index.php\/wp-json\/wp\/v2\/media?parent=744"}],"wp:term":[{"taxonomy":"product_cat","embeddable":true,"href":"https:\/\/diaespa.mx\/index.php\/wp-json\/wp\/v2\/product_cat?post=744"},{"taxonomy":"product_tag","embeddable":true,"href":"https:\/\/diaespa.mx\/index.php\/wp-json\/wp\/v2\/product_tag?post=744"}],"curies":[{"name":"wp","href":"https:\/\/api.w.org\/{rel}","templated":true}]}}