{"id":740,"date":"2024-02-23T05:21:57","date_gmt":"2024-02-23T05:21:57","guid":{"rendered":"https:\/\/diaespa.mx\/?post_type=product&#038;p=740"},"modified":"2024-02-23T05:22:47","modified_gmt":"2024-02-23T05:22:47","slug":"vaporizador-2-en-1-lampara-de-leds-facial-y-lupa-5x","status":"publish","type":"product","link":"https:\/\/diaespa.mx\/index.php\/product\/vaporizador-2-en-1-lampara-de-leds-facial-y-lupa-5x\/","title":{"rendered":"VAPORIZADOR 2 EN 1 L\u00c1MPARA DE LEDS FACIAL Y LUPA 5x"},"content":{"rendered":"<p><strong>Descripci\u00f3n:<\/strong><\/p>\n<p>&#8220;Nuestro vaporizador combina el agua natural con la luz UV para generar ozono, en la piel este gas act\u00faa principalmente como desinfectante, lograr\u00e1s una piel fresca y radiante en pocos minutos.<\/p>\n<p>Este abre los poros para eliminar m\u00e1s f\u00e1cil las espinillas, los puntos negros o la suciedad que impide tener una piel brillante.<\/p>\n<p>Con el vaporizador activas la circulaci\u00f3n de la sangre (oxigenaci\u00f3n), por lo que se hidratan las c\u00e9lulas, mejorando su metabolismo y su auto reparaci\u00f3n&#8221;.<\/p>\n","protected":false},"excerpt":{"rendered":"<p><strong>Especificaciones:<\/strong><\/p>\n<p>-Su brazo es multiposiciones, para la comodidad del paciente y del profesional.<br \/>\n-Cuenta con l\u00e1mpara Super Clear lupa de Leds, que produce una luz m\u00e1s blanca, estable y duradera, con menor consumo de energ\u00eda.<br \/>\n-Tiene una lupa de 16 dioptr\u00edas para diagnosticar adecuadamente la piel.<br \/>\n-Cuenta con 4 patas con ruedas para su mejor desplazamiento.<\/p>\n","protected":false},"featured_media":741,"comment_status":"open","ping_status":"closed","template":"","meta":{"_joinchat":[]},"product_cat":[22,25],"product_tag":[],"aioseo_notices":[],"jetpack_sharing_enabled":true,"_links":{"self":[{"href":"https:\/\/diaespa.mx\/index.php\/wp-json\/wp\/v2\/product\/740"}],"collection":[{"href":"https:\/\/diaespa.mx\/index.php\/wp-json\/wp\/v2\/product"}],"about":[{"href":"https:\/\/diaespa.mx\/index.php\/wp-json\/wp\/v2\/types\/product"}],"replies":[{"embeddable":true,"href":"https:\/\/diaespa.mx\/index.php\/wp-json\/wp\/v2\/comments?post=740"}],"wp:featuredmedia":[{"embeddable":true,"href":"https:\/\/diaespa.mx\/index.php\/wp-json\/wp\/v2\/media\/741"}],"wp:attachment":[{"href":"https:\/\/diaespa.mx\/index.php\/wp-json\/wp\/v2\/media?parent=740"}],"wp:term":[{"taxonomy":"product_cat","embeddable":true,"href":"https:\/\/diaespa.mx\/index.php\/wp-json\/wp\/v2\/product_cat?post=740"},{"taxonomy":"product_tag","embeddable":true,"href":"https:\/\/diaespa.mx\/index.php\/wp-json\/wp\/v2\/product_tag?post=740"}],"curies":[{"name":"wp","href":"https:\/\/api.w.org\/{rel}","templated":true}]}}