{"id":737,"date":"2024-02-23T05:14:10","date_gmt":"2024-02-23T05:14:10","guid":{"rendered":"https:\/\/diaespa.mx\/?post_type=product&#038;p=737"},"modified":"2024-02-23T05:14:10","modified_gmt":"2024-02-23T05:14:10","slug":"vapor-frio-caliente","status":"publish","type":"product","link":"https:\/\/diaespa.mx\/index.php\/product\/vapor-frio-caliente\/","title":{"rendered":"Vapor Frio Caliente"},"content":{"rendered":"<p><strong>Descripci\u00f3n:<\/strong><\/p>\n<p>Equipo de vapor fr\u00edo y caliente con luz ultravioleta que cumple con una acci\u00f3n descongestiva y bactericida.<\/p>\n<p>El vapor con ozono ayuda a la limpieza de c\u00e9lulas muertas, a abrir los poros, liberar las toxinas y a activar la circulaci\u00f3n sangu\u00ednea.<\/p>\n<p>Este equipo viene con dos salidas de vapor independiente: el caliente le ayuda a dilatar los poros para facilitar la extracci\u00f3n de impurezas; el vapor fr\u00edo se puede utilizar al final para sellar los poros y dar un aspecto tensor.<\/p>\n","protected":false},"excerpt":{"rendered":"<p><strong>Especificaciones:<\/strong><\/p>\n<p>-Producto de gran durabilidad.<br \/>\n-Tubo de calefacci\u00f3n de acero inoxidable.<br \/>\n-Hecho en material PVC.<br \/>\n-Recipiente de agua resistente.<br \/>\n-Dise\u00f1o agradable y ergon\u00f3mico.<br \/>\n-Potencia: 750 Watts.<br \/>\n-Corriente: 100V-130V ~ 60Hz.<\/p>\n","protected":false},"featured_media":739,"comment_status":"open","ping_status":"closed","template":"","meta":{"_joinchat":[]},"product_cat":[22,25],"product_tag":[],"aioseo_notices":[],"jetpack_sharing_enabled":true,"_links":{"self":[{"href":"https:\/\/diaespa.mx\/index.php\/wp-json\/wp\/v2\/product\/737"}],"collection":[{"href":"https:\/\/diaespa.mx\/index.php\/wp-json\/wp\/v2\/product"}],"about":[{"href":"https:\/\/diaespa.mx\/index.php\/wp-json\/wp\/v2\/types\/product"}],"replies":[{"embeddable":true,"href":"https:\/\/diaespa.mx\/index.php\/wp-json\/wp\/v2\/comments?post=737"}],"wp:featuredmedia":[{"embeddable":true,"href":"https:\/\/diaespa.mx\/index.php\/wp-json\/wp\/v2\/media\/739"}],"wp:attachment":[{"href":"https:\/\/diaespa.mx\/index.php\/wp-json\/wp\/v2\/media?parent=737"}],"wp:term":[{"taxonomy":"product_cat","embeddable":true,"href":"https:\/\/diaespa.mx\/index.php\/wp-json\/wp\/v2\/product_cat?post=737"},{"taxonomy":"product_tag","embeddable":true,"href":"https:\/\/diaespa.mx\/index.php\/wp-json\/wp\/v2\/product_tag?post=737"}],"curies":[{"name":"wp","href":"https:\/\/api.w.org\/{rel}","templated":true}]}}