{"id":728,"date":"2024-02-23T05:02:14","date_gmt":"2024-02-23T05:02:14","guid":{"rendered":"https:\/\/diaespa.mx\/?post_type=product&#038;p=728"},"modified":"2024-02-23T05:02:14","modified_gmt":"2024-02-23T05:02:14","slug":"vapor-facial-con-base-y-ozono","status":"publish","type":"product","link":"https:\/\/diaespa.mx\/index.php\/product\/vapor-facial-con-base-y-ozono\/","title":{"rendered":"Vapor Facial con Base y Ozono"},"content":{"rendered":"<p><strong>Descripci\u00f3n:<\/strong><\/p>\n<p>&#8220;Nuestro vaporizador combina el agua natural con la luz UV para generar ozono, en la piel este gas act\u00faa principalmente como desinfectante, lograr\u00e1s una piel fresca y radiante en pocos minutos.<\/p>\n<p>Este abre los poros para eliminar m\u00e1s f\u00e1cil las espinillas, los puntos negros o la suciedad que impide tener una piel brillante.<br \/>\nCon el vaporizador activas la circulaci\u00f3n de la sangre (oxigenaci\u00f3n), por lo que se hidratan las c\u00e9lulas, mejorando su metabolismo y su auto reparaci\u00f3n&#8221;<\/p>\n","protected":false},"excerpt":{"rendered":"<p>-Cuenta con un dise\u00f1o practico, facilita su transporte.<br \/>\n-La funci\u00f3n de su lampara de ozono es Antibacterial.<br \/>\n-Cuenta con una base movible para facilitar su transporte.<br \/>\n-Compartimiento de aromaterapia integrada.<br \/>\n-Interruptores de vapor \/ lampara ozono independientes.<br \/>\n-Especificaciones.<br \/>\n-Enchufe para conectar a la corriente el\u00e9ctrica.<br \/>\n-Panel de control con dos botones: vapor y ozono.<br \/>\n-Potencia: 750 Watts.<br \/>\n-Corriente: 100V-130V ~ 60Hz<\/p>\n","protected":false},"featured_media":730,"comment_status":"open","ping_status":"closed","template":"","meta":{"_joinchat":[]},"product_cat":[22,25],"product_tag":[],"aioseo_notices":[],"jetpack_sharing_enabled":true,"_links":{"self":[{"href":"https:\/\/diaespa.mx\/index.php\/wp-json\/wp\/v2\/product\/728"}],"collection":[{"href":"https:\/\/diaespa.mx\/index.php\/wp-json\/wp\/v2\/product"}],"about":[{"href":"https:\/\/diaespa.mx\/index.php\/wp-json\/wp\/v2\/types\/product"}],"replies":[{"embeddable":true,"href":"https:\/\/diaespa.mx\/index.php\/wp-json\/wp\/v2\/comments?post=728"}],"wp:featuredmedia":[{"embeddable":true,"href":"https:\/\/diaespa.mx\/index.php\/wp-json\/wp\/v2\/media\/730"}],"wp:attachment":[{"href":"https:\/\/diaespa.mx\/index.php\/wp-json\/wp\/v2\/media?parent=728"}],"wp:term":[{"taxonomy":"product_cat","embeddable":true,"href":"https:\/\/diaespa.mx\/index.php\/wp-json\/wp\/v2\/product_cat?post=728"},{"taxonomy":"product_tag","embeddable":true,"href":"https:\/\/diaespa.mx\/index.php\/wp-json\/wp\/v2\/product_tag?post=728"}],"curies":[{"name":"wp","href":"https:\/\/api.w.org\/{rel}","templated":true}]}}