{"id":471,"date":"2024-02-13T03:01:16","date_gmt":"2024-02-13T03:01:16","guid":{"rendered":"https:\/\/diaespa.mx\/?post_type=product&#038;p=471"},"modified":"2024-02-23T07:02:24","modified_gmt":"2024-02-23T07:02:24","slug":"electroestimulacion-tens-ems","status":"publish","type":"product","link":"https:\/\/diaespa.mx\/index.php\/product\/electroestimulacion-tens-ems\/","title":{"rendered":"Electroestimulaci\u00f3n TENS\/EMS"},"content":{"rendered":"<p>Electroestimulador port\u00e1til, ideal para uso profesional y personal, gracias a su f\u00e1cil programaci\u00f3n y dimensiones peque\u00f1as lo cual permite su f\u00e1cil transporte.<br \/>\nF\u00e1cil manejo.<br \/>\nMecanismo de bloqueo.<br \/>\nPantalla LCD retroiluminada.<br \/>\nTemporizador de tratamiento.<br \/>\nControl de intensidad preciso.<br \/>\nCuatro modos terap\u00e9uticos y 16 formas de trabajo.<br \/>\nCorrientes: TENS, EMS,<br \/>\nLigero y port\u00e1til, bajo consumo de energ\u00eda, disfrutar del placer del masaje en todo momento y en cualquier lugar.<br \/>\nDise\u00f1o ergon\u00f3mico: parche de electrodo dedicado, alta conductividad de la corriente, experiencia m\u00e1s suave, sin burbujas de aire en la capa de pasta, m\u00e1s uniforme hasta el punto, sin hormigueo en la piel, solo para darle una buena experiencia de masaje.<\/p>\n","protected":false},"excerpt":{"rendered":"<p>Especificaciones:<br \/>\nFuente de alimentaci\u00f3n: 3 * 1.5V Bater\u00eda AAA (no incluida) \/ 100-240 Alimentaci\u00f3n de CA a trav\u00e9s de la interfaz USB (incluida)<\/p>\n<p><strong>Lista de paquetes:<\/strong><\/p>\n<p>1 * Estimulador Muscular El\u00e9ctrico.<br \/>\n2 * Cable de conexi\u00f3n.<br \/>\n8 * Almohadillas de electrodos (8 pares, 16 piezas).<br \/>\n1 * cable USB.<br \/>\n1 * Lista de puntos de masaje.<br \/>\n1 * Manual.<\/p>\n","protected":false},"featured_media":440,"comment_status":"open","ping_status":"closed","template":"","meta":{"_joinchat":[]},"product_cat":[46,23],"product_tag":[],"aioseo_notices":[],"jetpack_sharing_enabled":true,"_links":{"self":[{"href":"https:\/\/diaespa.mx\/index.php\/wp-json\/wp\/v2\/product\/471"}],"collection":[{"href":"https:\/\/diaespa.mx\/index.php\/wp-json\/wp\/v2\/product"}],"about":[{"href":"https:\/\/diaespa.mx\/index.php\/wp-json\/wp\/v2\/types\/product"}],"replies":[{"embeddable":true,"href":"https:\/\/diaespa.mx\/index.php\/wp-json\/wp\/v2\/comments?post=471"}],"wp:featuredmedia":[{"embeddable":true,"href":"https:\/\/diaespa.mx\/index.php\/wp-json\/wp\/v2\/media\/440"}],"wp:attachment":[{"href":"https:\/\/diaespa.mx\/index.php\/wp-json\/wp\/v2\/media?parent=471"}],"wp:term":[{"taxonomy":"product_cat","embeddable":true,"href":"https:\/\/diaespa.mx\/index.php\/wp-json\/wp\/v2\/product_cat?post=471"},{"taxonomy":"product_tag","embeddable":true,"href":"https:\/\/diaespa.mx\/index.php\/wp-json\/wp\/v2\/product_tag?post=471"}],"curies":[{"name":"wp","href":"https:\/\/api.w.org\/{rel}","templated":true}]}}