{"id":470,"date":"2024-02-13T02:58:55","date_gmt":"2024-02-13T02:58:55","guid":{"rendered":"https:\/\/diaespa.mx\/?post_type=product&#038;p=470"},"modified":"2024-02-23T07:06:06","modified_gmt":"2024-02-23T07:06:06","slug":"escaner-cuantico-de-4-generacion-con-electroterapia","status":"publish","type":"product","link":"https:\/\/diaespa.mx\/index.php\/product\/escaner-cuantico-de-4-generacion-con-electroterapia\/","title":{"rendered":"Esc\u00e1ner Cu\u00e1ntico de 4 generaci\u00f3n con Electroterapia"},"content":{"rendered":"<p><strong>Descripci\u00f3n:<\/strong><\/p>\n<p>Este equipo tiene dos m\u00f3dulos; el que hace an\u00e1lisis de resonancia magn\u00e9tica y el que hace electroterapia TENS. El modulo de an\u00e1lisis de resonancia magn\u00e9tica es igual al mostrado en el Analizador cu\u00e1ntico de 4ta generaci\u00f3n. El modulo de electroterapia utiliza la estimulaci\u00f3n nerviosa el\u00e9ctrica transcut\u00e1nea (TENS), que es una terapia que utiliza la corriente el\u00e9ctrica suministrada a trav\u00e9s de electrodos de los accesorios en la piel para aliviar el dolor.<\/p>\n<p>Este modelo esta mejorado en Software que es mas amable con el usuario y adem\u00e1s de tener el sensor en la palma de la mano, tambi\u00e9n tiene almohadillas que se colocan\u00a0en la frente de la persona que se analizara para lograr una mejor captaci\u00f3n\u00a0de las ondas electromagn\u00e9ticas.<\/p>\n<p>Este Analizador de 4ta Generaci\u00f3n, cuenta con un software diferente a las versiones anteriores, siendo m\u00e1s amigable para el usuario ya que los gr\u00e1ficos son mejores y f\u00e1ciles de leer. Adem\u00e1s, el doctor puede editar los an\u00e1lisis y dirigirlos a donde desee.<\/p>\n<p><strong>Modo de uso del Analizador de 4ta Generaci\u00f3n:<\/strong><\/p>\n<p>Conecte todos los cables del equipo. Esto es, el cable USB y la llave USB al ordenador, como la barra de metal al analizador.<br \/>\nAbra el programa en su computador mientras el paciente sostiene en su mano la barra y empiece la evaluaci\u00f3n.<br \/>\nLuego de aproximadamente un minuto, el resultado del an\u00e1lisis se mostrar\u00e1 en la pantalla.<\/p>\n<p><strong>El Analizador de 4ta Generaci\u00f3n incluye:<\/strong><\/p>\n<p>-Analizador Cu\u00e1ntico.<br \/>\n-Sensor.<br \/>\n-CD con software de instalaci\u00f3n.<br \/>\n-Cable USB.<br \/>\n-Llave USB.<\/p>\n","protected":false},"excerpt":{"rendered":"<p><strong>Analiza los siguientes sistemas:<\/strong><\/p>\n<p>1. Cardiovascular y cerebrovascular.<br \/>\n2. Gastrointestinal.<br \/>\n3. Intestino grueso.<br \/>\n4. Funci\u00f3n hep\u00e1tica.<br \/>\n5. Ves\u00edcula biliar.<br \/>\n6. Funci\u00f3n pancre\u00e1tica.<br \/>\n7. Funci\u00f3n renal.<br \/>\n8. Pulmonar.<br \/>\n9. Nervio cerebral.<br \/>\n10. Padecimientos \u00f3seos.<br \/>\n11. Densidad mineral \u00f3sea.<br \/>\n12. Enfermedad de hueso reumatoide.<br \/>\n13. \u00cdndice de crecimiento \u00f3seo.<br \/>\n14. Glucosa en la sangre.<br \/>\n15. Oligoelementos.<br \/>\n16. Vitaminas.<br \/>\n17. Amino\u00e1cidos.<br \/>\n18. Coenzimas.<br \/>\n19. \u00c1cidos grasos.<br \/>\n20. Sistema endocrino.<br \/>\n21. Sistema inmunol\u00f3gico.<br \/>\n22. Tiroides.<br \/>\n23. Toxina Humana.<br \/>\n24. Metales Pesados.<br \/>\n25. Condici\u00f3n F\u00edsica B\u00e1sica<br \/>\n26. Alergias.<br \/>\n27. Obesidad.<br \/>\n28. Piel.<br \/>\n29. Ojo.<br \/>\n30. Col\u00e1geno.<br \/>\n31. Meridianos o canales de acupuntura.<br \/>\n32. Pulso, cerebro y coraz\u00f3n.<br \/>\n33. L\u00edpidos sangu\u00edneos.<br \/>\n34. Ginecolog\u00eda (mujer).<br \/>\n35. Senos (mujer).<br \/>\n36. Ciclo menstrual (mujer).<br \/>\n37. Pr\u00f3stata (hombre).<br \/>\n38. Funci\u00f3n sexual masculina (hombre).<br \/>\n39. Esperma y semen (hombre).<br \/>\n40. Elementos humanos.<br \/>\n41. An\u00e1lisis Experto.<br \/>\n42. An\u00e1lisis Manual.<br \/>\n43. Oligoelementos (ni\u00f1os).<br \/>\n44. Vitaminas (ni\u00f1os).<br \/>\n45. Amino\u00e1cidos (ni\u00f1os).<br \/>\n46. Coenzimas (ni\u00f1os).<br \/>\n47. \u00c1cidos grasos (ni\u00f1os).<br \/>\n48. TDAH (ni\u00f1os).<\/p>\n","protected":false},"featured_media":449,"comment_status":"open","ping_status":"closed","template":"","meta":{"_joinchat":[]},"product_cat":[46,23],"product_tag":[],"aioseo_notices":[],"jetpack_sharing_enabled":true,"_links":{"self":[{"href":"https:\/\/diaespa.mx\/index.php\/wp-json\/wp\/v2\/product\/470"}],"collection":[{"href":"https:\/\/diaespa.mx\/index.php\/wp-json\/wp\/v2\/product"}],"about":[{"href":"https:\/\/diaespa.mx\/index.php\/wp-json\/wp\/v2\/types\/product"}],"replies":[{"embeddable":true,"href":"https:\/\/diaespa.mx\/index.php\/wp-json\/wp\/v2\/comments?post=470"}],"wp:featuredmedia":[{"embeddable":true,"href":"https:\/\/diaespa.mx\/index.php\/wp-json\/wp\/v2\/media\/449"}],"wp:attachment":[{"href":"https:\/\/diaespa.mx\/index.php\/wp-json\/wp\/v2\/media?parent=470"}],"wp:term":[{"taxonomy":"product_cat","embeddable":true,"href":"https:\/\/diaespa.mx\/index.php\/wp-json\/wp\/v2\/product_cat?post=470"},{"taxonomy":"product_tag","embeddable":true,"href":"https:\/\/diaespa.mx\/index.php\/wp-json\/wp\/v2\/product_tag?post=470"}],"curies":[{"name":"wp","href":"https:\/\/api.w.org\/{rel}","templated":true}]}}