{"id":462,"date":"2024-02-13T02:46:54","date_gmt":"2024-02-13T02:46:54","guid":{"rendered":"https:\/\/diaespa.mx\/?post_type=product&#038;p=462"},"modified":"2024-02-23T07:10:01","modified_gmt":"2024-02-23T07:10:01","slug":"laser-terapeutico-portatil","status":"publish","type":"product","link":"https:\/\/diaespa.mx\/index.php\/product\/laser-terapeutico-portatil\/","title":{"rendered":"L\u00e1ser Terap\u00e9utico port\u00e1til"},"content":{"rendered":"<p><strong>Descripci\u00f3n:<\/strong><\/p>\n<p>El haz de luz l\u00e1ser posee las caracter\u00edsticas de direccionalidad, concentraci\u00f3n de la energ\u00eda y gran potencia de penetraci\u00f3n de la luz en el tejido.<\/p>\n<p>Indicado para el tratamiento del dolor, espasmos musculares, dolor articular, patolog\u00edas m\u00fasculo esquel\u00e9ticas, tendinosas y de la piel.<\/p>\n<p><strong>ESPECIFICACIONES T\u00c9CNICAS:<\/strong><\/p>\n<p>\u2022 Peso: 1 kg.<br \/>\n\u2022 Dimensiones: 290 \u00d7 240 X 90 mm.<br \/>\n\u2022 Tipo de laser: GaAIAS Semiconductor.<br \/>\n\u2022 Longitud de onda: 650nm y 808. nm.<br \/>\n\u2022 Modo de trabajo: continuo y pulsado.<br \/>\n\u2022 Duraci\u00f3n de la bater\u00eda en uso continuo: 5 hrs.<br \/>\n\u2022 Potencia total de hasta 540mW:<\/p>\n<p><strong>14 diodos de 650nm con potencia de 5 mW cada uno.<\/strong><br \/>\n<strong>4 diodos de 808nm con potencia de 150 mW.<\/strong><\/p>\n<p>Temporizador 5 a 30 min.<br \/>\nBater\u00eda de 2600 mAh.<\/p>\n","protected":false},"excerpt":{"rendered":"<p><strong>INCLUYE:<\/strong><\/p>\n<p>1 Unidad L\u00e1ser Port\u00e1til.<br \/>\n1 Gafas protectoras.<br \/>\n1 Manual de uso.<br \/>\n1 Escuche transportador de alta calidad.<br \/>\n1 Cable tipo mini USB.<br \/>\n1 Adaptador de 110\/120V.<\/p>\n","protected":false},"featured_media":463,"comment_status":"open","ping_status":"closed","template":"","meta":{"_joinchat":[]},"product_cat":[48,23],"product_tag":[],"aioseo_notices":[],"jetpack_sharing_enabled":true,"_links":{"self":[{"href":"https:\/\/diaespa.mx\/index.php\/wp-json\/wp\/v2\/product\/462"}],"collection":[{"href":"https:\/\/diaespa.mx\/index.php\/wp-json\/wp\/v2\/product"}],"about":[{"href":"https:\/\/diaespa.mx\/index.php\/wp-json\/wp\/v2\/types\/product"}],"replies":[{"embeddable":true,"href":"https:\/\/diaespa.mx\/index.php\/wp-json\/wp\/v2\/comments?post=462"}],"wp:featuredmedia":[{"embeddable":true,"href":"https:\/\/diaespa.mx\/index.php\/wp-json\/wp\/v2\/media\/463"}],"wp:attachment":[{"href":"https:\/\/diaespa.mx\/index.php\/wp-json\/wp\/v2\/media?parent=462"}],"wp:term":[{"taxonomy":"product_cat","embeddable":true,"href":"https:\/\/diaespa.mx\/index.php\/wp-json\/wp\/v2\/product_cat?post=462"},{"taxonomy":"product_tag","embeddable":true,"href":"https:\/\/diaespa.mx\/index.php\/wp-json\/wp\/v2\/product_tag?post=462"}],"curies":[{"name":"wp","href":"https:\/\/api.w.org\/{rel}","templated":true}]}}