{"id":461,"date":"2024-02-13T02:40:15","date_gmt":"2024-02-13T02:40:15","guid":{"rendered":"https:\/\/diaespa.mx\/?post_type=product&#038;p=461"},"modified":"2024-02-23T07:13:21","modified_gmt":"2024-02-23T07:13:21","slug":"magnetoterapia-karter","status":"publish","type":"product","link":"https:\/\/diaespa.mx\/index.php\/product\/magnetoterapia-karter\/","title":{"rendered":"Magnetoterapia KARTER"},"content":{"rendered":"<p>Soluciones esenciales para un mejor efecto analg\u00e9sico y la regeneraci\u00f3n de los tejidos.<br \/>\nLa magnetoterapia es una terapia preventiva y curativa, que emplea campos magn\u00e9ticos pulsantes con baja frecuencia y baja.<\/p>\n<p><strong> intensidad en acci\u00f3n:<\/strong><\/p>\n<p>-Bioregenerante.<br \/>\n-Antinflamatoria.<br \/>\n-Antiespasm\u00f3dico.<br \/>\n-Anti\u00e1lgica.<br \/>\n-Antiedema.<\/p>\n<p>Nuestra Magnetoterapia dispositivo m\u00e9dico clase IIa, de uso profesional. Equipo de Terapia de Magnetotransducci\u00f3n Extracorp\u00f3rea (EMTT) dise\u00f1ado para la regeneraci\u00f3n y la rehabilitaci\u00f3n de trastornos musculoesquel\u00e9ticos, tales como enfermedades degenerativas de las articulaciones, terapia del dolor y lesiones deportivas.. La unidad tiene un generador de corriente el\u00e9ctrica a onda cuadrada con frecuencia variable de 1000 a 3000Hz y duraci\u00f3n de impulso variable y una intensidad de 10 a 400 Gauss.<\/p>\n<p>La corriente es monitorizada por un circuito de vigilancia, gestionado por un microcontrolador electr\u00f3nico que asegura la mayor precisi\u00f3n.<\/p>\n<p>Cuenta con programas preestablecidos para Patolog\u00edas musculares, patolog\u00eda osea y articular, patolog\u00eda tendinosa, patolog\u00eda de espalda, procesos inflamatorios y cicatrices.<\/p>\n<p>&nbsp;<\/p>\n","protected":false},"excerpt":{"rendered":"<p>La unidad incorpora un revelador campo magn\u00e9tico sonoro y un sistema de seguridad que bloquea la emisi\u00f3n en caso de corto circuito.<\/p>\n<p>Enfriamiento por agua: Funcionamiento continuo y fiable mediante un aplicador de agua.<\/p>\n<p>Toque sin contacto: perfectamente adecuado para el distanciamiento social y el contacto m\u00ednimo con el\u00a0 paciente<\/p>\n<p>Brazo de\u00a0 sujeci\u00f3n del aplicador flexible de control de\u00a0 perilla.<\/p>\n<p>Aplicaciones m\u00e1s comunes:<\/p>\n<p>-Cervicalg\u00edas.<br \/>\n-Luxaciones.<br \/>\n-Contracturas musculares.<br \/>\n-Espamos musculares.<br \/>\n-Bursitis.<br \/>\n-Artrosis.<br \/>\n-Artritis.<br \/>\n-Neuralgias.<br \/>\n-Pseudoatrosis.<br \/>\n-Esguinces.<br \/>\n-Fracturas.<\/p>\n<p><strong>Especificaciones t\u00e9cnicas:<\/strong><\/p>\n<p>El campo magn\u00e9tico de alta frecuencia (1000 \u2013 3000 Hz) permite una gran profundidad de penetraci\u00f3n (18 cm) y una amplia gama de indicaciones.<\/p>\n<p>-Tensi\u00f3n de alimentaci\u00f3n: 230Vac\/50-60 Hz.<br \/>\n-Potencia m\u00e1xima absorbida: 22VA.<br \/>\n-Frecuencia de salida: 2 100Hz.<br \/>\n-Intensidad m\u00e1xima: 400 Gauss (0.4 T).<br \/>\n-Programa de alta frecuencia: Frecuencia de 1000 a 5000 Hz.<br \/>\n-Modo MT: 1-50Hz para estimulaci\u00f3n y contracci\u00f3n muscular.<br \/>\n-Modo ST: 1000-3000Hz para rehabilitaci\u00f3n y regeneraci\u00f3n de huesos, tendones y ligamentos.<\/p>\n<p><strong>Accesorios:<\/strong><\/p>\n<p>-1 unidad.<br \/>\n-1 Aplicador para magnetoterapia.<br \/>\n-Cable de alimentaci\u00f3n.<br \/>\n-Manual de instrucciones.<br \/>\n-Brazo de sujeci\u00f3n.<\/p>\n","protected":false},"featured_media":448,"comment_status":"open","ping_status":"closed","template":"","meta":{"_joinchat":[]},"product_cat":[45,23],"product_tag":[],"aioseo_notices":[],"jetpack_sharing_enabled":true,"_links":{"self":[{"href":"https:\/\/diaespa.mx\/index.php\/wp-json\/wp\/v2\/product\/461"}],"collection":[{"href":"https:\/\/diaespa.mx\/index.php\/wp-json\/wp\/v2\/product"}],"about":[{"href":"https:\/\/diaespa.mx\/index.php\/wp-json\/wp\/v2\/types\/product"}],"replies":[{"embeddable":true,"href":"https:\/\/diaespa.mx\/index.php\/wp-json\/wp\/v2\/comments?post=461"}],"wp:featuredmedia":[{"embeddable":true,"href":"https:\/\/diaespa.mx\/index.php\/wp-json\/wp\/v2\/media\/448"}],"wp:attachment":[{"href":"https:\/\/diaespa.mx\/index.php\/wp-json\/wp\/v2\/media?parent=461"}],"wp:term":[{"taxonomy":"product_cat","embeddable":true,"href":"https:\/\/diaespa.mx\/index.php\/wp-json\/wp\/v2\/product_cat?post=461"},{"taxonomy":"product_tag","embeddable":true,"href":"https:\/\/diaespa.mx\/index.php\/wp-json\/wp\/v2\/product_tag?post=461"}],"curies":[{"name":"wp","href":"https:\/\/api.w.org\/{rel}","templated":true}]}}