{"id":460,"date":"2024-02-13T02:37:46","date_gmt":"2024-02-13T02:37:46","guid":{"rendered":"https:\/\/diaespa.mx\/?post_type=product&#038;p=460"},"modified":"2024-02-23T07:16:28","modified_gmt":"2024-02-23T07:16:28","slug":"terapia-de-luz-mascara-facial-y-corporal-con-micro-corrientes-ems","status":"publish","type":"product","link":"https:\/\/diaespa.mx\/index.php\/product\/terapia-de-luz-mascara-facial-y-corporal-con-micro-corrientes-ems\/","title":{"rendered":"Terapia de luz, Mascara Facial y Corporal con Micro corrientes EMS"},"content":{"rendered":"<p><strong>Descripci\u00f3n:<\/strong><\/p>\n<p>Equipo que esta revolucionando el campo de la fisioterapia.<br \/>\nLa integraci\u00f3n de la fototerapia en las pr\u00e1cticas de fisioterapia ha revolucionado el campo al proporcionar a los terapeutas una. herramienta innovadora y no invasiva para mejorar los resultados de los pacientes dando las siguientes ventajas:<\/p>\n<p>-Reducci\u00f3n del dolor.<br \/>\n-Producci\u00f3n mejorada de col\u00e1geno.<br \/>\n-Curaci\u00f3n acelerada de heridas.<br \/>\n-Aplicaciones vers\u00e1tiles.<br \/>\n-Circulaci\u00f3n mejorada.<br \/>\n-Formaci\u00f3n reducida de cicatrices.<\/p>\n<p><b>El equipo <\/b><span style=\"font-size: 14.4px;\"><b>ofrece<\/b><\/span><b> las <\/b><span style=\"font-size: 14.4px;\"><b>siguientes<\/b><\/span><b> funciones:<\/b><\/p>\n<p>1. <strong>Microcorriente<\/strong> EMS y fototerapia de longitud de onda especial.<\/p>\n<p>Las fuentes de luz roja, amarilla y azul est\u00e1n dispuestas en una matriz de tres longitudes de onda especiales, que pueden irradiar directamente la piel, restaurar la vitalidad natural de las c\u00e9lulas de la piel y embellecer la piel.<\/p>\n<p>El modo de fototerapia tiene un tiempo de 25 minutos, que puede realizar diferentes conversiones de luz monocrom\u00e1tica y modo de luz mixta.<\/p>\n<p>2. <strong>Microcorriente<\/strong> EMS es usar una corriente d\u00e9bil para estimular los m\u00fasculos y la linfa, contraer los m\u00fasculos, promover la descomposici\u00f3n de la grasa y lograr el efecto de eliminaci\u00f3n de edemas y modelado corporal.<\/p>\n<p>Hay 6 modos en EMS, el tiempo es de 30 minutos y 9 marchas son fuertes o d\u00e9biles.<\/p>\n<p>Todo el producto adopta un dise\u00f1o suave, que se puede doblar y ajustar libremente para adaptarse a la curva del cuerpo humano y adaptarse al uso de varias partes del cuerpo.<\/p>\n","protected":false},"excerpt":{"rendered":"<p><strong>Caracter\u00edsticas:<\/strong><\/p>\n<p><strong>Longitud de onda azul:<\/strong> 423nm.<\/p>\n<p><strong>Eficacia:<\/strong> la luz azul puede esterilizar y aliviar eficazmente todo tipo de molestias en la piel. Adherirse al uso de enfermer\u00eda de luz azul puede mejorar el equilibrio de aceite de agua.<\/p>\n<p><strong>Longitud de onda amarilla:<\/strong> 583nm.<\/p>\n<p><strong>Eficacia:<\/strong> la luz amarilla promueve la circulaci\u00f3n sangu\u00ednea y estimula la actividad celular, para aclarar las manchas y las cicatrices, y mejorar el color apagado de la piel.<\/p>\n<p><strong>Longitud de onda roja:<\/strong> 640nm.<\/p>\n<p><strong>Eficacia:<\/strong> No solo promueve la circulaci\u00f3n sangu\u00ednea y la circulaci\u00f3n linf\u00e1tica de la piel microvascular, sino que tambi\u00e9n proporciona nutrici\u00f3n para la piel.<\/p>\n<p>Puede mejorar la calidad de la piel, la calidad del col\u00e1geno, promover la proliferaci\u00f3n de col\u00e1geno y la corriente el\u00e9ctrica innovadora. Mala grasa delicada o almacenada en la gota de aceite. estructura, para eliminar la acumulaci\u00f3n de grasa corporal.<\/p>\n<p><strong>EMS:<\/strong><\/p>\n<p>La microcorriente no solo promueve la circulaci\u00f3n sangu\u00ednea y la circulaci\u00f3n linf\u00e1tica de la piel microvascular, sino que tambi\u00e9n proporciona nutrici\u00f3n para la piel. Puede mejorar la calidad de la piel, la calidad del col\u00e1geno, promover la proliferaci\u00f3n de col\u00e1geno y la corriente el\u00e9ctrica innovadora. Elimina la acumulaci\u00f3n de grasa corporal.<\/p>\n<p><strong>Cantidad de luces LED incluidas:<\/strong><\/p>\n<p>573 piezas en total.<br \/>\n<strong>Rojo:<\/strong> 195 piezas.<br \/>\n<strong>Amarillo:<\/strong> 194 piezas.<br \/>\n<strong>Azul:<\/strong> 184 piezas.<\/p>\n<p><strong>El paquete incluye:<\/strong><\/p>\n<p>1 x m\u00e1quina principal.<br \/>\n1 x adaptador de corriente.<br \/>\n1 x manual de usuario.<\/p>\n","protected":false},"featured_media":438,"comment_status":"open","ping_status":"closed","template":"","meta":{"_joinchat":[]},"product_cat":[23,41],"product_tag":[],"aioseo_notices":[],"jetpack_sharing_enabled":true,"_links":{"self":[{"href":"https:\/\/diaespa.mx\/index.php\/wp-json\/wp\/v2\/product\/460"}],"collection":[{"href":"https:\/\/diaespa.mx\/index.php\/wp-json\/wp\/v2\/product"}],"about":[{"href":"https:\/\/diaespa.mx\/index.php\/wp-json\/wp\/v2\/types\/product"}],"replies":[{"embeddable":true,"href":"https:\/\/diaespa.mx\/index.php\/wp-json\/wp\/v2\/comments?post=460"}],"wp:featuredmedia":[{"embeddable":true,"href":"https:\/\/diaespa.mx\/index.php\/wp-json\/wp\/v2\/media\/438"}],"wp:attachment":[{"href":"https:\/\/diaespa.mx\/index.php\/wp-json\/wp\/v2\/media?parent=460"}],"wp:term":[{"taxonomy":"product_cat","embeddable":true,"href":"https:\/\/diaespa.mx\/index.php\/wp-json\/wp\/v2\/product_cat?post=460"},{"taxonomy":"product_tag","embeddable":true,"href":"https:\/\/diaespa.mx\/index.php\/wp-json\/wp\/v2\/product_tag?post=460"}],"curies":[{"name":"wp","href":"https:\/\/api.w.org\/{rel}","templated":true}]}}