{"id":426,"date":"2024-02-13T01:35:27","date_gmt":"2024-02-13T01:35:27","guid":{"rendered":"https:\/\/diaespa.mx\/?post_type=product&#038;p=426"},"modified":"2024-02-23T06:41:01","modified_gmt":"2024-02-23T06:41:01","slug":"presoterapia-portatil-de-piernas-y-pantorrilas-con-infrarrojo","status":"publish","type":"product","link":"https:\/\/diaespa.mx\/index.php\/product\/presoterapia-portatil-de-piernas-y-pantorrilas-con-infrarrojo\/","title":{"rendered":"Presoterapia portatil de Piernas y Pantorrilas con Infrarrojo."},"content":{"rendered":"<p><strong>&#8220;EXPERIENCIA INTEGRAL DE MASAJE DE PIES y PANTORRILAS&#8221;<\/strong><br \/>\nDispositivo dise\u00f1ado para aplicar presi\u00f3n en las piernas, promoviendo la mejora de la circulaci\u00f3n sangu\u00ednea y linf\u00e1tica. Este m\u00e9todo se utiliza para tratar afecciones relacionadas con la acumulaci\u00f3n de l\u00edquidos o la tensi\u00f3n en la parte inferior del cuerpo, ya sea como s\u00edntoma o como causa.<\/p>\n<p>Adem\u00e1s, provoca la liberaci\u00f3n de endorfinas, lo que ayuda a aliviar el dolor. Al igual que el masaje tradicional, la acupuntura o la acupresi\u00f3n, la compresi\u00f3n con aire estimula los nervios asociados a las sensaciones placenteras de nuestro cuerpo, con lo que el dolor desaparece.<\/p>\n<p>Ayuda a la relajaci\u00f3n de las personas que terminan un entrenamiento, gimnasio, ciclismo, baile, escalada y yoga.<\/p>\n<p>TAMA\u00d1O DE ENVOLTURAS DE PIERNA AJUSTABLE Y CARACTER\u00cdSTICAS DE SEGURIDAD INTEGRADAS: las envolturas del masajeador de piernas se pueden ajustar a trav\u00e9s del velcro, la circunferencia m\u00e1xima de la pantorrilla puede ser de hasta 21 pulgadas. Se apaga autom\u00e1ticamente despu\u00e9s de 20 minutos para una experiencia de usuario m\u00e1s segura. El dise\u00f1o con cable permite una potencia constante todo el tiempo para la mejor experiencia de masajeador de piernas.<\/p>\n","protected":false},"excerpt":{"rendered":"<p><strong>F\u00e1cil de operar:<\/strong><\/p>\n<p>-Las botas cuentan con 4 c\u00e1maras.<br \/>\n-Tiempo m\u00e1ximo de tratamiento: 60 minutos.<br \/>\n-Temperatura infrarroja: 35 \u00b0 C (bajo) a 55 \u00b0 C (alto).<br \/>\n-Poder de presi\u00f3n de aire: 1 a 3 niveles.<br \/>\n-6 Modos de trabajo. (Automatico\/Presion Sostenida\/Punto de pantorrilla\/Promover la circulacion sanguinea \/Relajaci\u00f3n\/Punto de pie.<br \/>\n-Suministro de voltaje: AC110V \/ 60HZ.<br \/>\n-Fuente de alimentaci\u00f3n: 21 w.<br \/>\n-Lista de empaque:<br \/>\n-Cable de alimentacion electrica x1<br \/>\n-Accesorio para pies y pantorrilas x2<\/p>\n","protected":false},"featured_media":427,"comment_status":"open","ping_status":"closed","template":"","meta":{"_joinchat":[]},"product_cat":[42,23],"product_tag":[],"aioseo_notices":[],"jetpack_sharing_enabled":true,"_links":{"self":[{"href":"https:\/\/diaespa.mx\/index.php\/wp-json\/wp\/v2\/product\/426"}],"collection":[{"href":"https:\/\/diaespa.mx\/index.php\/wp-json\/wp\/v2\/product"}],"about":[{"href":"https:\/\/diaespa.mx\/index.php\/wp-json\/wp\/v2\/types\/product"}],"replies":[{"embeddable":true,"href":"https:\/\/diaespa.mx\/index.php\/wp-json\/wp\/v2\/comments?post=426"}],"wp:featuredmedia":[{"embeddable":true,"href":"https:\/\/diaespa.mx\/index.php\/wp-json\/wp\/v2\/media\/427"}],"wp:attachment":[{"href":"https:\/\/diaespa.mx\/index.php\/wp-json\/wp\/v2\/media?parent=426"}],"wp:term":[{"taxonomy":"product_cat","embeddable":true,"href":"https:\/\/diaespa.mx\/index.php\/wp-json\/wp\/v2\/product_cat?post=426"},{"taxonomy":"product_tag","embeddable":true,"href":"https:\/\/diaespa.mx\/index.php\/wp-json\/wp\/v2\/product_tag?post=426"}],"curies":[{"name":"wp","href":"https:\/\/api.w.org\/{rel}","templated":true}]}}