{"id":417,"date":"2024-02-13T01:09:16","date_gmt":"2024-02-13T01:09:16","guid":{"rendered":"https:\/\/diaespa.mx\/?post_type=product&#038;p=417"},"modified":"2024-02-23T06:45:49","modified_gmt":"2024-02-23T06:45:49","slug":"presoterapia-terapeutica-de-cuerpo-completo","status":"publish","type":"product","link":"https:\/\/diaespa.mx\/index.php\/product\/presoterapia-terapeutica-de-cuerpo-completo\/","title":{"rendered":"Presoterapia terap\u00e9utica de cuerpo completo"},"content":{"rendered":"<p>Equipo operado por microordenador, lo que hace que el manejo sea f\u00e1cil de operar, adecuado para rehabilitaci\u00f3n y tambi\u00e9n para otras afecciones como son el mareo, dolor de cabeza, la neurastenia, el colesterol alto, dolores de la cintura, dolor en las piernas, mejorar la circulaci\u00f3n del sistema sangu\u00edneo, sistema y secreci\u00f3n trastornos digestivos, as\u00ed como variedad de causas estre\u00f1imiento debido al estr\u00e9s mental y la menopausia integral, logrando funciones de prevenci\u00f3n y de salud,\u00a0\u00a0es un equipo de excelencia funcional.<\/p>\n<p>Equipo dise\u00f1ado con c\u00e1maras individuales para las \u00e1reas de el abdomen, brazos y piernas que provoca un drenaje linf\u00e1tico y activaci\u00f3n de\u00a0la circulaci\u00f3n en un determinado per\u00edodo de tiempo,\u00a0mejora el sistema circulatorio y linf\u00e1tica, y ayuda a la regulaci\u00f3n endocrina.<\/p>\n","protected":false},"excerpt":{"rendered":"<p><strong>CARACTER\u00cdSTICAS:<\/strong><\/p>\n<p>1. Seguro, porque usamos un voltaje mejor a los 36 Volts para alimentar el equipo.<br \/>\n2. Las c\u00e1maras de aire utilizan una avanzada tecnolog\u00eda de soldadura por ultrasonidos, para asegurar\u00a0la presi\u00f3n en\u00a0cada airbag .<br \/>\n3. El traje cuenta con 24 grupos de c\u00e1maras cerca de las partes del cuerpo, logrando uno procedimiento completo y profesional.<br \/>\n4. Equipo con generaci\u00f3n de calor por medio de infrarrojos los cuales elevan la temperatura para dar una rehabilitaci\u00f3n de excelencia.<\/p>\n<p><strong>F\u00e1cil de operar:<\/strong><\/p>\n<p>Tiempo m\u00e1ximo de tratamiento: 60 minutos.<br \/>\nPoder de presi\u00f3n de aire: 1 a 4 niveles.<br \/>\n3 protocolos de trabajo.<br \/>\nSuministro de voltaje: AC110V \/ 60HZ.<br \/>\nFuente de alimentaci\u00f3n: 500 w.<\/p>\n<p><strong>Lista de empaque:<\/strong><\/p>\n<p>Cable de alimentaci\u00f3n el\u00e9ctrica x1.<br \/>\nL\u00ednea el\u00e9ctrica para las bolsas del traje x 2 bags.<br \/>\nAccesorio para manos x2.<br \/>\nAccesorio para cintura x1.<br \/>\nAccesorio para pierna\u00a0 x2.<br \/>\nAccesorio para pies x2.<\/p>\n","protected":false},"featured_media":406,"comment_status":"open","ping_status":"closed","template":"","meta":{"_joinchat":[]},"product_cat":[42,23],"product_tag":[],"aioseo_notices":[],"jetpack_sharing_enabled":true,"_links":{"self":[{"href":"https:\/\/diaespa.mx\/index.php\/wp-json\/wp\/v2\/product\/417"}],"collection":[{"href":"https:\/\/diaespa.mx\/index.php\/wp-json\/wp\/v2\/product"}],"about":[{"href":"https:\/\/diaespa.mx\/index.php\/wp-json\/wp\/v2\/types\/product"}],"replies":[{"embeddable":true,"href":"https:\/\/diaespa.mx\/index.php\/wp-json\/wp\/v2\/comments?post=417"}],"wp:featuredmedia":[{"embeddable":true,"href":"https:\/\/diaespa.mx\/index.php\/wp-json\/wp\/v2\/media\/406"}],"wp:attachment":[{"href":"https:\/\/diaespa.mx\/index.php\/wp-json\/wp\/v2\/media?parent=417"}],"wp:term":[{"taxonomy":"product_cat","embeddable":true,"href":"https:\/\/diaespa.mx\/index.php\/wp-json\/wp\/v2\/product_cat?post=417"},{"taxonomy":"product_tag","embeddable":true,"href":"https:\/\/diaespa.mx\/index.php\/wp-json\/wp\/v2\/product_tag?post=417"}],"curies":[{"name":"wp","href":"https:\/\/api.w.org\/{rel}","templated":true}]}}