{"id":416,"date":"2024-02-13T01:06:32","date_gmt":"2024-02-13T01:06:32","guid":{"rendered":"https:\/\/diaespa.mx\/?post_type=product&#038;p=416"},"modified":"2024-02-23T06:46:36","modified_gmt":"2024-02-23T06:46:36","slug":"pistola-de-masaje-muscular-con-4-cabezas","status":"publish","type":"product","link":"https:\/\/diaespa.mx\/index.php\/product\/pistola-de-masaje-muscular-con-4-cabezas\/","title":{"rendered":"Pistola de Masaje Muscular con 4 cabezas."},"content":{"rendered":"<p><strong>Caracter\u00edsticas:<\/strong><\/p>\n<p>Hasta 3200 percusiones por minuto. La pistola de masaje ayudar a aliviar la rigidez muscular y el dolor, aumentar la presi\u00f3n arterial, mejorar la salud general de los tejidos blandos del cuerpo, adem\u00e1s, puede prevenir la fascitis.<\/p>\n<p><span style=\"font-size: 14.4px;\"><b>INCLUYE<\/b><\/span><strong>\u00a04 CABEZALES:<\/strong><br \/>\nEl cabezal esf\u00e9rico\/redondo se suele usar para tratamientos de descarga, as\u00ed como de calentamiento y activaci\u00f3n muscular voluminosa, como piernas, gl\u00fateos y abdomen, as\u00ed como de activaci\u00f3n y calentamiento.<\/p>\n<p>El cabezal con forma c\u00f3nica es mucho m\u00e1s directo, focalizando las percusiones y haciendo presi\u00f3n directa en lugares como las plantas de los pies, zonas de espalda, Tend\u00f3n de Aquiles o brazos.<\/p>\n<p>El cabezal con un acabado final m\u00e1s plano, ligeramente curvado, se utiliza para m\u00fasculos m\u00e1s grandes de las piernas, pecho o espalda.<\/p>\n<p>El cabezal en U tambi\u00e9n focaliza mucho los impactos, pero en este caso son dos puntos simult\u00e1neos, con la misma presi\u00f3n exacta entre ambos. Para zonas como las cervicales, columna y hombros.<\/p>\n","protected":false},"excerpt":{"rendered":"<p><strong>Descripci\u00f3n:<\/strong><\/p>\n<p>-Ajuste de cambio de alta frecuencia de tres velocidades (60 segundos):<br \/>\n-Primera velocidad: 1800 RPM.<br \/>\n-Segunda velocidad: 2400 RPM.<br \/>\n-Tercera velocidad: 3200 RPM.<br \/>\n-Luz indicadora: luz indicadora de posici\u00f3n de marcha, luz indicadora.<br \/>\n-Bater\u00eda: bater\u00eda de litio recargable de 2500 mAh.<br \/>\n-Tiempo de vida: Despu\u00e9s de su uso, 2 a 3 horas.<\/p>\n","protected":false},"featured_media":430,"comment_status":"open","ping_status":"closed","template":"","meta":{"_joinchat":[]},"product_cat":[40,23],"product_tag":[],"aioseo_notices":[],"jetpack_sharing_enabled":true,"_links":{"self":[{"href":"https:\/\/diaespa.mx\/index.php\/wp-json\/wp\/v2\/product\/416"}],"collection":[{"href":"https:\/\/diaespa.mx\/index.php\/wp-json\/wp\/v2\/product"}],"about":[{"href":"https:\/\/diaespa.mx\/index.php\/wp-json\/wp\/v2\/types\/product"}],"replies":[{"embeddable":true,"href":"https:\/\/diaespa.mx\/index.php\/wp-json\/wp\/v2\/comments?post=416"}],"wp:featuredmedia":[{"embeddable":true,"href":"https:\/\/diaespa.mx\/index.php\/wp-json\/wp\/v2\/media\/430"}],"wp:attachment":[{"href":"https:\/\/diaespa.mx\/index.php\/wp-json\/wp\/v2\/media?parent=416"}],"wp:term":[{"taxonomy":"product_cat","embeddable":true,"href":"https:\/\/diaespa.mx\/index.php\/wp-json\/wp\/v2\/product_cat?post=416"},{"taxonomy":"product_tag","embeddable":true,"href":"https:\/\/diaespa.mx\/index.php\/wp-json\/wp\/v2\/product_tag?post=416"}],"curies":[{"name":"wp","href":"https:\/\/api.w.org\/{rel}","templated":true}]}}