{"id":414,"date":"2024-02-13T00:58:54","date_gmt":"2024-02-13T00:58:54","guid":{"rendered":"https:\/\/diaespa.mx\/?post_type=product&#038;p=414"},"modified":"2024-02-23T06:48:06","modified_gmt":"2024-02-23T06:48:06","slug":"masajeador-de-cabeza","status":"publish","type":"product","link":"https:\/\/diaespa.mx\/index.php\/product\/masajeador-de-cabeza\/","title":{"rendered":"Masajeador de Cabeza"},"content":{"rendered":"<p><strong>Caracter\u00edsticas:<\/strong><\/p>\n<p>Masajeador de cabeza para migra\u00f1a, dolor de cabeza, insomnio y fisioterapia. Promueve la circulaci\u00f3n sangu\u00ednea, alivia el estr\u00e9s y previene la p\u00e9rdida de cabello.<\/p>\n<p>Combina tecnolog\u00eda bioelectr\u00f3nica con modos de fisioterapia de moxibusti\u00f3n y acupuntura de la medicina tradicional china para ayudar a las personas a aumentar su tiempo de sue\u00f1o profundo y dormir mejor.<\/p>\n<p>El extremo frontal est\u00e1 equipado con una placa de fijaci\u00f3n de dispositivo el\u00e1stico,para ajustar a cualquier tama\u00f1o de la cabeza.<br \/>\nAyuda a mejorar el sue\u00f1o, mejorar la memoria, aliviar la fatiga cerebral y la calidad del trabajo proporcion\u00f3 resultados significativos.<\/p>\n","protected":false},"excerpt":{"rendered":"<p><strong>Descripci\u00f3n:<\/strong><\/p>\n<p>-Material: ABS.<br \/>\n-Intensidad de trabajo: 8 niveles.<br \/>\n-Voltaje de funcionamiento: 4,5 V.<br \/>\n-Frecuencia de vibraci\u00f3n: 0-60HZ.<br \/>\n-Fuente de alimentaci\u00f3n: Cable USB Y 3 pilas AAA (no incluidas).<br \/>\n-Voltaje: 110-240V.<br \/>\n-Color: Gris.<\/p>\n","protected":false},"featured_media":411,"comment_status":"open","ping_status":"closed","template":"","meta":{"_joinchat":[]},"product_cat":[44,23],"product_tag":[],"aioseo_notices":[],"jetpack_sharing_enabled":true,"_links":{"self":[{"href":"https:\/\/diaespa.mx\/index.php\/wp-json\/wp\/v2\/product\/414"}],"collection":[{"href":"https:\/\/diaespa.mx\/index.php\/wp-json\/wp\/v2\/product"}],"about":[{"href":"https:\/\/diaespa.mx\/index.php\/wp-json\/wp\/v2\/types\/product"}],"replies":[{"embeddable":true,"href":"https:\/\/diaespa.mx\/index.php\/wp-json\/wp\/v2\/comments?post=414"}],"wp:featuredmedia":[{"embeddable":true,"href":"https:\/\/diaespa.mx\/index.php\/wp-json\/wp\/v2\/media\/411"}],"wp:attachment":[{"href":"https:\/\/diaespa.mx\/index.php\/wp-json\/wp\/v2\/media?parent=414"}],"wp:term":[{"taxonomy":"product_cat","embeddable":true,"href":"https:\/\/diaespa.mx\/index.php\/wp-json\/wp\/v2\/product_cat?post=414"},{"taxonomy":"product_tag","embeddable":true,"href":"https:\/\/diaespa.mx\/index.php\/wp-json\/wp\/v2\/product_tag?post=414"}],"curies":[{"name":"wp","href":"https:\/\/api.w.org\/{rel}","templated":true}]}}