{"id":396,"date":"2024-02-13T00:53:58","date_gmt":"2024-02-13T00:53:58","guid":{"rendered":"https:\/\/diaespa.mx\/?post_type=product&#038;p=396"},"modified":"2024-02-23T06:51:27","modified_gmt":"2024-02-23T06:51:27","slug":"equipo-ultrasonido-de-3-cabezales-1mhz-cuerpo-facial","status":"publish","type":"product","link":"https:\/\/diaespa.mx\/index.php\/product\/equipo-ultrasonido-de-3-cabezales-1mhz-cuerpo-facial\/","title":{"rendered":"Equipo Ultrasonido de 3 cabezales 1mhz Cuerpo Facial"},"content":{"rendered":"<p><strong>Descripci\u00f3n:<\/strong><\/p>\n<p>Ultrasonido\u00a0digital facial y corporal, ideal para\u00a0tratamientos de rehabilitaci\u00f3n, postoperatorios\u00a0y penetraci\u00f3n de producto cosmetol\u00f3gico.<\/p>\n<p>Cuenta con un maneral de 1 Mhz y dos manerales de 3 Mhz.<\/p>\n<p>Sus manerales son totalmente de metal y el cabezal de cada uno de ellos tiene el di\u00e1metro perfecto para cubrir todas las necesidades del paciente.<\/p>\n<p>Tiene 8 niveles de intensidad ajustables, opci\u00f3n para onda puls\u00e1til en 20%, 50% y onda continua y, de lo m\u00e1s destacado, trae diferentes\u00a0programas predise\u00f1ados\u00a0lo cual te permite trabajar diferentes afecciones tanto a nivel est\u00e9tico como terap\u00e9utico.<\/p>\n","protected":false},"excerpt":{"rendered":"<p><strong>Caracter\u00edsticas:<\/strong><\/p>\n<p>-Voltaje : AC100 \/ 240V, 50 \/ 60Hz.<br \/>\n-Material: ABS.<br \/>\n-Monitor: Control de botones.<br \/>\n-Sonda de Ultrasonido : 3 piezas (1 cm, 5 cm y 10 cm).<br \/>\n-1 x Cable de alimentaci\u00f3n.<br \/>\n-Potencia de 30 Watts.<\/p>\n","protected":false},"featured_media":400,"comment_status":"open","ping_status":"closed","template":"","meta":{"_joinchat":[]},"product_cat":[23,39],"product_tag":[],"aioseo_notices":[],"jetpack_sharing_enabled":true,"_links":{"self":[{"href":"https:\/\/diaespa.mx\/index.php\/wp-json\/wp\/v2\/product\/396"}],"collection":[{"href":"https:\/\/diaespa.mx\/index.php\/wp-json\/wp\/v2\/product"}],"about":[{"href":"https:\/\/diaespa.mx\/index.php\/wp-json\/wp\/v2\/types\/product"}],"replies":[{"embeddable":true,"href":"https:\/\/diaespa.mx\/index.php\/wp-json\/wp\/v2\/comments?post=396"}],"wp:featuredmedia":[{"embeddable":true,"href":"https:\/\/diaespa.mx\/index.php\/wp-json\/wp\/v2\/media\/400"}],"wp:attachment":[{"href":"https:\/\/diaespa.mx\/index.php\/wp-json\/wp\/v2\/media?parent=396"}],"wp:term":[{"taxonomy":"product_cat","embeddable":true,"href":"https:\/\/diaespa.mx\/index.php\/wp-json\/wp\/v2\/product_cat?post=396"},{"taxonomy":"product_tag","embeddable":true,"href":"https:\/\/diaespa.mx\/index.php\/wp-json\/wp\/v2\/product_tag?post=396"}],"curies":[{"name":"wp","href":"https:\/\/api.w.org\/{rel}","templated":true}]}}