{"id":215,"date":"2024-01-21T20:30:56","date_gmt":"2024-01-21T20:30:56","guid":{"rendered":"https:\/\/diaespa.mx\/?post_type=product&#038;p=215"},"modified":"2024-03-05T18:14:22","modified_gmt":"2024-03-06T00:14:22","slug":"morfeo-crystallite-microagujas-rf-fraccionada","status":"publish","type":"product","link":"https:\/\/diaespa.mx\/index.php\/product\/morfeo-crystallite-microagujas-rf-fraccionada\/","title":{"rendered":"Radio Frecuencia Fraccionada Morpheus 8"},"content":{"rendered":"<p><strong>Descripci\u00f3n<\/strong><\/p>\n<p>La radiofrecuencia m\u00e1s avanzada del momento, una tecnolog\u00eda de radiofrecuencia bipolar fraccionada que estimula la neocolag\u00e9nesis (formaci\u00f3n de nuevo col\u00e1geno) en las capas subyacentes de la piel.<\/p>\n<p>Act\u00faa sobre la grasa subd\u00e9rmica, lo que permite la transformaci\u00f3n de las facciones envejecidas de la piel en facciones rejuvenecidas. Sus ondas penetran a mayor profundidad que otras radiofrecuencias y tiene un nivel de energ\u00eda programable que permite adaptar el tratamiento a las necesidades de cada paciente.Est\u00e1 indicado para el tratamiento de l\u00edneas finas y arrugas, cicatrices de acn\u00e9, reducci\u00f3n del tama\u00f1o de los poros, problemas generales de la piel, remodelaci\u00f3n facial y corporal en \u00e1reas como el abdomen, los muslos, los flancos y los gl\u00fateos. Con una punta de superficie grande \u00fanica que consiste en una matriz de 40 microagujas delgadas recubiertas de oro y un perfil t\u00e9rmico de 7mm con un perfil de calor adicional de 1mm, se puede programar para tratar r\u00e1pidamente grandes \u00e1reas de superficie de tejido en los niveles m\u00e1s profundos de energ\u00eda de RF disponibles.<\/p>\n<p>El tratamiento fraccional m\u00e1s profundo penetra hasta 7mm en la piel con un perfil t\u00e9rmico adicional de 1mm<\/p>\n","protected":false},"excerpt":{"rendered":"<p><strong>Tratamientos:<\/strong><\/p>\n<p>1. Reparaci\u00f3n postparto: reparaci\u00f3n (abdomen) estr\u00edas, reparaci\u00f3n (gl\u00fateos, piernas) l\u00edneas de hinchaz\u00f3n.<br \/>\n2. Eliminaci\u00f3n de cicatrices superficiales: eliminar hoyos y marcas de acn\u00e9, eliminar cicatrices de acn\u00e9, eliminar cicatrices de quemaduras.<br \/>\n3. Tratamiento del acn\u00e9: especialmente eficaz para el acn\u00e9 activo.<br \/>\n4. Eliminaci\u00f3n de arrugas: eliminar l\u00edneas finas, patas de gallo, l\u00edneas de la cabeza, pliegues nasolabiales, l\u00edneas del cuello, etc.<br \/>\n5. Rejuvenecimiento y embellecimiento facial, regeneraci\u00f3n, reafirmaci\u00f3n y lifting de la piel.<br \/>\n6. Remodelaci\u00f3n de la grasa y el col\u00e1geno, mejorar la grasa de la celulitis, mejorar las estr\u00edas, la textura de la piel.<br \/>\nCaracter\u00edsticas:<br \/>\n1. Dos mangos, uno para la cara, otro para el cuerpo<br \/>\n2. 4 tipos de cabezales de tratamiento: 12 pin, 24 pin, 40 pin, y cartucho de nano-cristal<br \/>\n3. Tratamiento fraccional de radiofrecuencia m\u00e1s profundo, que puede penetrar profundamente hasta 7mm de adiposidad subd\u00e9rmica.<br \/>\n4. Tecnolog\u00eda de calentamiento subcut\u00e1neo segmentado profundo, un tratamiento superpuesto de punto fijo multinivel, la entrega de energ\u00eda es uniforme y estable.<br \/>\n5. Libre para ajustar la profundidad de las agujas entre 0,5 a 7 mm, se puede utilizar en cualquier espesor de la piel.<br \/>\nPantalla t\u00e1ctil de 15 pulgadas<br \/>\nTama\u00f1o del cartucho de RF: 12, 24 Y 40 PIN + nano cristal<br \/>\nProfundidad de 0.5-7 mm<br \/>\nPotencia: 10-300 Watts<br \/>\nFrecuencia de RF<\/p>\n","protected":false},"featured_media":903,"comment_status":"open","ping_status":"closed","template":"","meta":{"_joinchat":[]},"product_cat":[22,36],"product_tag":[],"aioseo_notices":[],"jetpack_sharing_enabled":true,"_links":{"self":[{"href":"https:\/\/diaespa.mx\/index.php\/wp-json\/wp\/v2\/product\/215"}],"collection":[{"href":"https:\/\/diaespa.mx\/index.php\/wp-json\/wp\/v2\/product"}],"about":[{"href":"https:\/\/diaespa.mx\/index.php\/wp-json\/wp\/v2\/types\/product"}],"replies":[{"embeddable":true,"href":"https:\/\/diaespa.mx\/index.php\/wp-json\/wp\/v2\/comments?post=215"}],"wp:featuredmedia":[{"embeddable":true,"href":"https:\/\/diaespa.mx\/index.php\/wp-json\/wp\/v2\/media\/903"}],"wp:attachment":[{"href":"https:\/\/diaespa.mx\/index.php\/wp-json\/wp\/v2\/media?parent=215"}],"wp:term":[{"taxonomy":"product_cat","embeddable":true,"href":"https:\/\/diaespa.mx\/index.php\/wp-json\/wp\/v2\/product_cat?post=215"},{"taxonomy":"product_tag","embeddable":true,"href":"https:\/\/diaespa.mx\/index.php\/wp-json\/wp\/v2\/product_tag?post=215"}],"curies":[{"name":"wp","href":"https:\/\/api.w.org\/{rel}","templated":true}]}}