{"id":214,"date":"2024-01-21T19:39:47","date_gmt":"2024-01-21T19:39:47","guid":{"rendered":"https:\/\/diaespa.mx\/?post_type=product&#038;p=214"},"modified":"2024-02-23T06:55:29","modified_gmt":"2024-02-23T06:55:29","slug":"hifu-4-en-1-vaginal-7d-vmax-rf-fraccionada","status":"publish","type":"product","link":"https:\/\/diaespa.mx\/index.php\/product\/hifu-4-en-1-vaginal-7d-vmax-rf-fraccionada\/","title":{"rendered":"Equipo Combinado HIFU 4 en 1 ( HIFU + VMAX +  HIFU VAGINAL + RADIOFRECUENCIA FRACCIONADA)"},"content":{"rendered":"<p>Contar con un HIFU en tu SPA es altamente rentable. A su vez, potencia la imagen de tu negocio y eleva el nivel de profesionalidad con el que te desempe\u00f1as.<\/p>\n<p>Al ser un tratamiento altamente efectivo y con un gran \u00edndice de conformidad entre las personas que lo han recibido, la demanda del mismo es alta, sobre todo al tratarse de una alternativa al bistur\u00ed no invasiva y much\u00edsimo menos costosa.<\/p>\n<p>Incorpora un avanzado tratamiento de radiofrecuencia intrad\u00e9rmica fraccionada que reduce la flacidez facial y corporal y consigue una piel tersa y rejuvenecida. Es un dispositivo que act\u00faa sobre la grasa subd\u00e9rmica y estimula la generaci\u00f3n de col\u00e1geno en las capas inferiores de la piel.<\/p>\n<p>Las ondas mec\u00e1nicas del VMAX son ondas de presi\u00f3n de sonido oscilantes cuya frecuencia est\u00e1 por encima del l\u00edmite superior del rango auditivo humano. Por lo tanto, el ultrasonido es de aproximadamente 4-7 kHz (4-70,00 Hz)<\/p>\n<p>El VMAX tiene una excelente penetraci\u00f3n en el tejido, transfiriendo con precisi\u00f3n de 65 a 72 grados de energ\u00eda t\u00e9rmica a la capa SMAS de la piel, 1.5 epidermis, 3.0 dermis, 4.5 fascia, 4.5 col\u00e1geno , 13 capas de grasa, 8.0 modelado, produce coagulaci\u00f3n por calor para encoger la piel y grasa, 8.0 para modelado, produce coagulaci\u00f3n por calor para encoger la piel y regenerar el col\u00e1geno.<\/p>\n<p>Adem\u00e1s, se puede usar para tratar la grasa localizada y el pecho al derretir la capa de grasa (profundidad 8 mm ~ 13 mm). Cuenta con gran ariedad de cabezas terap\u00e9uticas que estimulan efectivamente los fibroblastos para dividir nuevas c\u00e9lulas hasta 40 veces por segundo.<\/p>\n<p><strong>HIFU VAGINAL<\/strong><\/p>\n<p>1. Emisi\u00f3n de rotaci\u00f3n de 360 \u00b0: Cuidado total de la vagina.<br \/>\n2. Sistema de ajuste preciso de la profundidad.<br \/>\n3. No invasivo, sin tiempo de inactividad, sin tiempo de recuperaci\u00f3n, puede generar un \u00f3ptimos resultado 3 d\u00edas despu\u00e9s del tratamiento.<br \/>\n4. Tiene efecto t\u00e9rmico sobre el col\u00e1geno d\u00e9rmico y las fibras colagenosas, as\u00ed como est\u00edmulo t\u00e9rmico\u00a0en la capa de grasa y SMAS, cuyo efecto del tratamiento es m\u00e1s que el l\u00e1ser de Co2 fraccional. Es f\u00e1cil y conveniente para la operaci\u00f3n, y no se requieren art\u00edculos consumibles, lo que ahorra en gran medida el costo del tratamiento.<br \/>\n5. El efecto de ajuste y modelado es evidente despu\u00e9s del tratamiento. Se puede mantener al menos de 18 a 24 meses despu\u00e9s de un tratamiento y realizar un crecimiento negativo de la edad de la piel una vez al a\u00f1o.<br \/>\n6. La vida normal y el trabajo no se ver\u00e1n afectados.<br \/>\n7. F\u00e1cil y conveniente: el tratamiento dura aprox. 20 minutos y la tonificaci\u00f3n\u00a0puede ser instant\u00e1nea.<\/p>\n","protected":false},"excerpt":{"rendered":"<p><strong>EL EQUIPO INCLUYE:<\/strong><\/p>\n<p>-KIT 7 transductores para rostro y cuerpo.<br \/>\n-Cartuchos faciales: 1.5, 2.0, 3.0, y 4.5 mm, cada cartucho tiene 20,000 disparos.<br \/>\n-Cartuchos corporales 6.0 9.0 y 13 mm, cada cartucho tiene 30,000 disparos.<br \/>\n-KIT 2 transductores para vaginal.<br \/>\n-Cartuchos vaginal: 3.0, y 4.5 mm, cada cartucho tiene 10,000 disparos.<br \/>\n-Tubo de prueba de presion vaginal.<br \/>\n-Uso del principio de la manometr\u00eda con bal\u00f3n para detectar el estado de relajaci\u00f3n vaginal.<br \/>\n-Kit de 3 cartuchos VMAX.<br \/>\n-Cartuchos de 1.0, 3.0 y 4.5 mm, con capacidad de 65,000 disparos por pieza.<br \/>\n-Maneral RF.<br \/>\n-Cartucho NANO CHIP y cartucho de 10, 25 Y 64 PIN. Cada uno es para un solo uso.<br \/>\n-Potencia\uff1a500W.<\/p>\n","protected":false},"featured_media":513,"comment_status":"open","ping_status":"closed","template":"","meta":{"_joinchat":[]},"product_cat":[22,36],"product_tag":[],"aioseo_notices":[],"jetpack_sharing_enabled":true,"_links":{"self":[{"href":"https:\/\/diaespa.mx\/index.php\/wp-json\/wp\/v2\/product\/214"}],"collection":[{"href":"https:\/\/diaespa.mx\/index.php\/wp-json\/wp\/v2\/product"}],"about":[{"href":"https:\/\/diaespa.mx\/index.php\/wp-json\/wp\/v2\/types\/product"}],"replies":[{"embeddable":true,"href":"https:\/\/diaespa.mx\/index.php\/wp-json\/wp\/v2\/comments?post=214"}],"wp:featuredmedia":[{"embeddable":true,"href":"https:\/\/diaespa.mx\/index.php\/wp-json\/wp\/v2\/media\/513"}],"wp:attachment":[{"href":"https:\/\/diaespa.mx\/index.php\/wp-json\/wp\/v2\/media?parent=214"}],"wp:term":[{"taxonomy":"product_cat","embeddable":true,"href":"https:\/\/diaespa.mx\/index.php\/wp-json\/wp\/v2\/product_cat?post=214"},{"taxonomy":"product_tag","embeddable":true,"href":"https:\/\/diaespa.mx\/index.php\/wp-json\/wp\/v2\/product_tag?post=214"}],"curies":[{"name":"wp","href":"https:\/\/api.w.org\/{rel}","templated":true}]}}