{"id":213,"date":"2024-01-21T19:38:02","date_gmt":"2024-01-21T19:38:02","guid":{"rendered":"https:\/\/diaespa.mx\/?post_type=product&#038;p=213"},"modified":"2024-02-14T00:53:27","modified_gmt":"2024-02-14T00:53:27","slug":"shock-wave","status":"publish","type":"product","link":"https:\/\/diaespa.mx\/index.php\/product\/shock-wave\/","title":{"rendered":"Ondas de choque"},"content":{"rendered":"<p><strong>Descripci\u00f3n<\/strong><br \/>\nLas ondas de choque se utilizan en fisioterapia como una forma de tratar una variedad de problemas musculares y esquel\u00e9ticos. Estas ondas producen efectos mec\u00e1nicos y biol\u00f3gicos en el cuerpo que pueden ayudar a reducir el dolor, mejorar la circulaci\u00f3n y promover la curaci\u00f3n de los tejidos da\u00f1ados.<\/p>\n<p>Este tratamiento utiliza un conjunto \u00fanico de ondas de presi\u00f3n ac\u00fastica que se entregan a trav\u00e9s del cuerpo y se focalizan en el sitio del dolor o de la lesi\u00f3n, estimulando el metabolismo, mejorando la circulaci\u00f3n sangu\u00ednea y acelerando el proceso de curaci\u00f3n, obteniendo como resultado que los tejidos se regeneren y recuperen.<\/p>\n<p>Equipo ideal para tratar el dolor cr\u00f3nico. La influencia de las ondas de choque causa la disoluci\u00f3n de los dep\u00f3sitos calcio y conduce a una mejor vascularizaci\u00f3n.<\/p>\n","protected":false},"excerpt":{"rendered":"<p><strong>Caracter\u00edsticas:<\/strong><\/p>\n<p>3 tipos de puntas ESWT disponibles: plana, foco localizada y radial.<br \/>\n10 puntas ESWT en tama\u00f1os diferentes para diferentes partes del tratamiento.<br \/>\nPotencia de choque de 1-4 bar con frecuencia ajustable de 1-21 Hz.<br \/>\nProtocolos preestablecidos para tratamiento de ultrasonido y ondas de choque.<br \/>\n1. Dolor de hombro<br \/>\n2. Epicondilitis humeral radial o cubital<br \/>\n3. Tendinitis trocant\u00e9rea<br \/>\n4. Cintura o dolor severo<br \/>\n5. Tendinitis rotuliana<br \/>\n6. S\u00edndrome de estr\u00e9s tibial<br \/>\n7. Celulitis (Grasa localizada)<br \/>\n8. Fascitis plantar<br \/>\n9. Tendinitis calcificada.<\/p>\n<p>Pantalla t\u00e1ctil.<br \/>\nSalida 110V\/60Hz o 220V50Hz<br \/>\nConsumo de potencia 221W<br \/>\nCaja de aluminio de 23 KG de peso del paquete<br \/>\nDimensi\u00f3n del paquete 55*45*46 cm<\/p>\n","protected":false},"featured_media":150,"comment_status":"open","ping_status":"closed","template":"","meta":{"_joinchat":[]},"product_cat":[44,23],"product_tag":[],"aioseo_notices":[],"jetpack_sharing_enabled":true,"_links":{"self":[{"href":"https:\/\/diaespa.mx\/index.php\/wp-json\/wp\/v2\/product\/213"}],"collection":[{"href":"https:\/\/diaespa.mx\/index.php\/wp-json\/wp\/v2\/product"}],"about":[{"href":"https:\/\/diaespa.mx\/index.php\/wp-json\/wp\/v2\/types\/product"}],"replies":[{"embeddable":true,"href":"https:\/\/diaespa.mx\/index.php\/wp-json\/wp\/v2\/comments?post=213"}],"wp:featuredmedia":[{"embeddable":true,"href":"https:\/\/diaespa.mx\/index.php\/wp-json\/wp\/v2\/media\/150"}],"wp:attachment":[{"href":"https:\/\/diaespa.mx\/index.php\/wp-json\/wp\/v2\/media?parent=213"}],"wp:term":[{"taxonomy":"product_cat","embeddable":true,"href":"https:\/\/diaespa.mx\/index.php\/wp-json\/wp\/v2\/product_cat?post=213"},{"taxonomy":"product_tag","embeddable":true,"href":"https:\/\/diaespa.mx\/index.php\/wp-json\/wp\/v2\/product_tag?post=213"}],"curies":[{"name":"wp","href":"https:\/\/api.w.org\/{rel}","templated":true}]}}