{"id":212,"date":"2024-01-21T19:35:45","date_gmt":"2024-01-21T19:35:45","guid":{"rendered":"https:\/\/diaespa.mx\/?post_type=product&#038;p=212"},"modified":"2024-03-05T18:13:52","modified_gmt":"2024-03-06T00:13:52","slug":"shock-wave-ondas-de-choque-ultrashock","status":"publish","type":"product","link":"https:\/\/diaespa.mx\/index.php\/product\/shock-wave-ondas-de-choque-ultrashock\/","title":{"rendered":"Equipo Combinado de Ondas de Choque y Ultrasonido"},"content":{"rendered":"<p><strong>Descripci\u00f3n<\/strong><br \/>\nLa terapia de ondas de choque es un dispositivo multifunci\u00f3n utilizado en ortopedia, fisioterapia, medicina deportiva, urolog\u00eda y medicina veterinaria. Sus principales activos son el alivio r\u00e1pido del dolor y la restauraci\u00f3n de la movilidad. Al ser una terapia no quir\u00fargica sin necesidad de analg\u00e9sicos, es una terapia ideal para acelerar la recuperaci\u00f3n y curar varias indicaciones que provocan dolor agudo o cr\u00f3nico.<\/p>\n<p>Las ondas de ultrasonido generan ultrasonido que pasan a trav\u00e9s de la piel provocan una vibraci\u00f3n de los tejidos blandos locales. Cuando una onda ultras\u00f3nica se propaga en los tejidos humanos, su energ\u00eda es intensamente absorbida por los tejidos y se transforma en calor para elevar la temperatura de las c\u00e9lulas del tejido, a fin de mejorar la circulaci\u00f3n sangu\u00ednea, acelerar el metabolismo, mejora la nutrici\u00f3n histotr\u00f3fica local y fortalece la actividad de la enzima.<\/p>\n<p>1.- Calentamiento profundo para reducir la inflamaci\u00f3n.<br \/>\n2.- Vibraci\u00f3n profunda para reducir el dolor y la hinchaz\u00f3n.<br \/>\n3.- Profundidad para aumentar la circulaci\u00f3n.<br \/>\n4.-Onda mec\u00e1nica profunda para una mejora vasculizaci\u00f3n.<\/p>\n","protected":false},"excerpt":{"rendered":"<p><strong>Caracter\u00edstica:<\/strong><br \/>\nDos tecnolog\u00edas de fisioterapia en una m\u00e1quina.<br \/>\n3 tipos de puntas ESWT disponibles: plana, foco localizada y radial.<br \/>\n12 puntas ESWT de 6 tama\u00f1os diferentes para diferentes partes del tratamiento.<br \/>\nPotencia de choque de 1-6 bar con frecuencia ajustable de 1-21 Hz.<br \/>\nProtocolos preestablecidos para tratamiento de ultrasonido y ondas de choque.<br \/>\nTambi\u00e9n se puede utilizar para el tratamiento de la disfunci\u00f3n er\u00e9ctil (DE).<br \/>\nFrecuencia de ultrasonido 1-3 MHZ<br \/>\nPantalla t\u00e1ctil de 10.4 pulgadas<br \/>\nCapacidad para mas de 3 millones de disparos<br \/>\nSalida 110V\/60Hz o 220V50Hz<br \/>\nConsumo de potencia 250W<br \/>\nCaja de aluminio de 30 KG de peso del paquete<br \/>\nDimensi\u00f3n del paquete 58*46*42 cm<\/p>\n","protected":false},"featured_media":895,"comment_status":"open","ping_status":"closed","template":"","meta":{"_joinchat":[]},"product_cat":[44,23],"product_tag":[],"aioseo_notices":[],"jetpack_sharing_enabled":true,"_links":{"self":[{"href":"https:\/\/diaespa.mx\/index.php\/wp-json\/wp\/v2\/product\/212"}],"collection":[{"href":"https:\/\/diaespa.mx\/index.php\/wp-json\/wp\/v2\/product"}],"about":[{"href":"https:\/\/diaespa.mx\/index.php\/wp-json\/wp\/v2\/types\/product"}],"replies":[{"embeddable":true,"href":"https:\/\/diaespa.mx\/index.php\/wp-json\/wp\/v2\/comments?post=212"}],"wp:featuredmedia":[{"embeddable":true,"href":"https:\/\/diaespa.mx\/index.php\/wp-json\/wp\/v2\/media\/895"}],"wp:attachment":[{"href":"https:\/\/diaespa.mx\/index.php\/wp-json\/wp\/v2\/media?parent=212"}],"wp:term":[{"taxonomy":"product_cat","embeddable":true,"href":"https:\/\/diaespa.mx\/index.php\/wp-json\/wp\/v2\/product_cat?post=212"},{"taxonomy":"product_tag","embeddable":true,"href":"https:\/\/diaespa.mx\/index.php\/wp-json\/wp\/v2\/product_tag?post=212"}],"curies":[{"name":"wp","href":"https:\/\/api.w.org\/{rel}","templated":true}]}}