{"id":211,"date":"2024-01-21T19:33:57","date_gmt":"2024-01-21T19:33:57","guid":{"rendered":"https:\/\/diaespa.mx\/?post_type=product&#038;p=211"},"modified":"2024-02-23T06:58:37","modified_gmt":"2024-02-23T06:58:37","slug":"shock-wave-ondas-de-choque-portatil","status":"publish","type":"product","link":"https:\/\/diaespa.mx\/index.php\/product\/shock-wave-ondas-de-choque-portatil\/","title":{"rendered":"Ondas de Choque Port\u00e1til"},"content":{"rendered":"<p><strong>Descripci\u00f3n:<\/strong><\/p>\n<p>Las ondas de choque se utilizan en fisioterapia como una forma de tratar una variedad de problemas musculares y esquel\u00e9ticos. Estas ondas producen efectos mec\u00e1nicos y biol\u00f3gicos en el cuerpo que pueden ayudar a reducir el dolor, mejorar la circulaci\u00f3n y promover la curaci\u00f3n de los tejidos da\u00f1ados.<\/p>\n<p><strong>Caracter\u00edstica:<\/strong><\/p>\n<p>1. Al utilizar el principio de las ondas sonoras, el efecto del masaje puede llegar directamente a la capa de la fascia, lo que puede resolver fundamentalmente varios problemas causados \u200b\u200bpor la tensi\u00f3n muscular.<br \/>\n2. Trabaja en las partes del cuerpo que han sido afectadas por el dolor durante mucho tiempo para resolver el problema del dolor muscular.<br \/>\n3. Mejorar la c\u00e9lula, aumentar la actividad del canal i\u00f3nico, promover la divisi\u00f3n celular, estimular las citocinas para mejorar la permeabilidad.<br \/>\n4. Mejorar la circulaci\u00f3n sangu\u00ednea, aumentar el factor de crecimiento, mejorar la mitosis celular.<br \/>\n5. Promover las c\u00e9lulas de fibra calcificada y promover la s\u00edntesis de col\u00e1geno y el masaje.<\/p>\n<p><strong>10 protocolos para:<\/strong><\/p>\n<p>1. Dolor de hombro.<br \/>\n2. Epicondilitis humeral radial o cubital.<br \/>\n3. Tendinitis trocant\u00e9rea.<br \/>\n4. Cintura o dolor severo.<br \/>\n5. Tendinitis rotuliana.<br \/>\n6. S\u00edndrome de estr\u00e9s tibial.<br \/>\n7. Celulitis.<br \/>\n8. Fascitis plantar.<br \/>\n9. Tendinitis calcificada.<br \/>\n10. Tratamiento ED.<\/p>\n","protected":false},"excerpt":{"rendered":"<p><strong>Caracter\u00edsticas:<\/strong><\/p>\n<p>-Equipo portatil<br \/>\n-Pantalla tactil.<br \/>\n-Con 7 cabezales de trabajo para diferentes partes del tratamiento.<br \/>\n-Potencia de choque 1-4 bar con frecuencia ajustable de 1-16 Hz.<br \/>\n-Potencia: 350 W.<\/p>\n","protected":false},"featured_media":503,"comment_status":"open","ping_status":"closed","template":"","meta":{"_joinchat":[]},"product_cat":[44,23],"product_tag":[],"aioseo_notices":[],"jetpack_sharing_enabled":true,"_links":{"self":[{"href":"https:\/\/diaespa.mx\/index.php\/wp-json\/wp\/v2\/product\/211"}],"collection":[{"href":"https:\/\/diaespa.mx\/index.php\/wp-json\/wp\/v2\/product"}],"about":[{"href":"https:\/\/diaespa.mx\/index.php\/wp-json\/wp\/v2\/types\/product"}],"replies":[{"embeddable":true,"href":"https:\/\/diaespa.mx\/index.php\/wp-json\/wp\/v2\/comments?post=211"}],"wp:featuredmedia":[{"embeddable":true,"href":"https:\/\/diaespa.mx\/index.php\/wp-json\/wp\/v2\/media\/503"}],"wp:attachment":[{"href":"https:\/\/diaespa.mx\/index.php\/wp-json\/wp\/v2\/media?parent=211"}],"wp:term":[{"taxonomy":"product_cat","embeddable":true,"href":"https:\/\/diaespa.mx\/index.php\/wp-json\/wp\/v2\/product_cat?post=211"},{"taxonomy":"product_tag","embeddable":true,"href":"https:\/\/diaespa.mx\/index.php\/wp-json\/wp\/v2\/product_tag?post=211"}],"curies":[{"name":"wp","href":"https:\/\/api.w.org\/{rel}","templated":true}]}}