{"id":210,"date":"2024-01-21T19:31:50","date_gmt":"2024-01-21T19:31:50","guid":{"rendered":"https:\/\/diaespa.mx\/?post_type=product&#038;p=210"},"modified":"2024-02-23T06:59:55","modified_gmt":"2024-02-23T06:59:55","slug":"shock-wave-ondas-de-choque-2","status":"publish","type":"product","link":"https:\/\/diaespa.mx\/index.php\/product\/shock-wave-ondas-de-choque-2\/","title":{"rendered":"Ondas de Choque"},"content":{"rendered":"<p><strong>Descripci\u00f3n:<\/strong><\/p>\n<p>Las ondas de choque se utilizan en fisioterapia como una forma de tratar una variedad de problemas musculares y esquel\u00e9ticos. Estas ondas producen efectos mec\u00e1nicos y biol\u00f3gicos en el cuerpo que pueden ayudar a reducir el dolor, mejorar la circulaci\u00f3n y promover la curaci\u00f3n de los tejidos da\u00f1ados.<\/p>\n<p>Este tratamiento utiliza un conjunto \u00fanico de ondas de presi\u00f3n ac\u00fastica que se entregan a trav\u00e9s del cuerpo y se focalizan en el sitio del dolor o de la lesi\u00f3n, estimulando el metabolismo, mejorando la circulaci\u00f3n sangu\u00ednea y acelerando el proceso de curaci\u00f3n, obteniendo como resultado que los tejidos se regeneren y recuperen.<\/p>\n<p>Equipo ideal para tratar el dolor cr\u00f3nico. La influencia de las ondas de choque causa la disoluci\u00f3n de los dep\u00f3sitos calcio y conduce a una mejor vascularizaci\u00f3n.<\/p>\n","protected":false},"excerpt":{"rendered":"<p><strong>Caracter\u00edsticas:<\/strong><\/p>\n<p>-Dise\u00f1o port\u00e1til.<br \/>\n-Pantalla t\u00e1ctil de 5 pulgadas.<br \/>\n-Con 5 cabezales de trabajo para diferentes partes del tratamiento.<br \/>\n-Potencia de choque 1-8 bar con frecuencia ajustable de 1-21 Hz.<br \/>\n-Protocolos preestablecidos.<\/p>\n<p>1. Recuperaci\u00f3n de lesiones deportivas.<br \/>\n2. Terapia de rehabilitaci\u00f3n.<br \/>\n3. Alivio del dolor con fisioterapia.<br \/>\n4. Reducci\u00f3n de la celulitis.<br \/>\n5. Tratamiento de la disfunci\u00f3n er\u00e9ctil.<\/p>\n<p>Salida 110V\/60Hz o 220V50Hz.<br \/>\nConsumo de potencia 250W.<\/p>\n","protected":false},"featured_media":160,"comment_status":"open","ping_status":"closed","template":"","meta":{"_joinchat":[]},"product_cat":[44,23],"product_tag":[],"aioseo_notices":[],"jetpack_sharing_enabled":true,"_links":{"self":[{"href":"https:\/\/diaespa.mx\/index.php\/wp-json\/wp\/v2\/product\/210"}],"collection":[{"href":"https:\/\/diaespa.mx\/index.php\/wp-json\/wp\/v2\/product"}],"about":[{"href":"https:\/\/diaespa.mx\/index.php\/wp-json\/wp\/v2\/types\/product"}],"replies":[{"embeddable":true,"href":"https:\/\/diaespa.mx\/index.php\/wp-json\/wp\/v2\/comments?post=210"}],"wp:featuredmedia":[{"embeddable":true,"href":"https:\/\/diaespa.mx\/index.php\/wp-json\/wp\/v2\/media\/160"}],"wp:attachment":[{"href":"https:\/\/diaespa.mx\/index.php\/wp-json\/wp\/v2\/media?parent=210"}],"wp:term":[{"taxonomy":"product_cat","embeddable":true,"href":"https:\/\/diaespa.mx\/index.php\/wp-json\/wp\/v2\/product_cat?post=210"},{"taxonomy":"product_tag","embeddable":true,"href":"https:\/\/diaespa.mx\/index.php\/wp-json\/wp\/v2\/product_tag?post=210"}],"curies":[{"name":"wp","href":"https:\/\/api.w.org\/{rel}","templated":true}]}}