{"id":209,"date":"2024-01-21T19:29:45","date_gmt":"2024-01-21T19:29:45","guid":{"rendered":"https:\/\/diaespa.mx\/?post_type=product&#038;p=209"},"modified":"2024-02-23T06:34:58","modified_gmt":"2024-02-23T06:34:58","slug":"shock-wave-ondas-de-choque","status":"publish","type":"product","link":"https:\/\/diaespa.mx\/index.php\/product\/shock-wave-ondas-de-choque\/","title":{"rendered":"Ondas de Choque"},"content":{"rendered":"<p><strong>Descripci\u00f3n:<\/strong><br \/>\nLas ondas de choque se utilizan en fisioterapia como una forma de tratar una variedad de problemas musculares y esquel\u00e9ticos. Estas ondas producen efectos mec\u00e1nicos y biol\u00f3gicos en el cuerpo que pueden ayudar a reducir el dolor, mejorar la circulaci\u00f3n y promover la curaci\u00f3n de los tejidos da\u00f1ados.<\/p>\n<p>Este tratamiento utiliza un conjunto \u00fanico de ondas de presi\u00f3n ac\u00fastica que se entregan a trav\u00e9s del cuerpo y se focalizan en el sitio del dolor o de la lesi\u00f3n, estimulando el metabolismo, mejorando la circulaci\u00f3n sangu\u00ednea y acelerando el proceso de curaci\u00f3n, obteniendo como resultado que los tejidos se regeneren y recuperen.<\/p>\n<p>Equipo ideal para tratar el dolor cr\u00f3nico. La influencia de las ondas de choque causa la disoluci\u00f3n de los dep\u00f3sitos calcio y conduce a una mejor vascularizaci\u00f3n.<\/p>\n<p><strong>Caracter\u00edsticas:<\/strong><br \/>\nPantalla tactil de 8 pulgadas.<br \/>\n3 tipos de puntas ESWT disponibles: plana, foco localizada y radial.<br \/>\nInlcuye 6 puntas de tama\u00f1os diferentes para diferentes partes del tratamiento.<br \/>\nPotencia de choque de 60 a 185 mJ (equivalente a 1-5 bar) con frecuencia ajustable de 1-16 Hz.<\/p>\n","protected":false},"excerpt":{"rendered":"<p><strong>25 Protocolos preestablecidos.<\/strong><br \/>\n1. Dolor de hombro, tendinitis calcificada.<br \/>\n2. Epicondilitis humeral radial o cubital.<br \/>\n3. Tendinitis trocant\u00e9rica.<br \/>\n4. Dolor de cintura o pigalgia.<br \/>\n5. Tendinitis rotuliana.<br \/>\n6. S\u00edndrome de estr\u00e9s tibial.<br \/>\n7. Aquilodinia.<br \/>\n8. Fascitis plantar.<br \/>\n9. Reducci\u00f3n de grasa.<br \/>\n10. Disfunci\u00f3n er\u00e9ctil.<\/p>\n<p>Salida 110V\/60Hz o 220V50Hz.<br \/>\nConsumo de potencia 250W.<\/p>\n","protected":false},"featured_media":163,"comment_status":"open","ping_status":"closed","template":"","meta":{"_joinchat":[]},"product_cat":[44,23],"product_tag":[],"aioseo_notices":[],"jetpack_sharing_enabled":true,"_links":{"self":[{"href":"https:\/\/diaespa.mx\/index.php\/wp-json\/wp\/v2\/product\/209"}],"collection":[{"href":"https:\/\/diaespa.mx\/index.php\/wp-json\/wp\/v2\/product"}],"about":[{"href":"https:\/\/diaespa.mx\/index.php\/wp-json\/wp\/v2\/types\/product"}],"replies":[{"embeddable":true,"href":"https:\/\/diaespa.mx\/index.php\/wp-json\/wp\/v2\/comments?post=209"}],"wp:featuredmedia":[{"embeddable":true,"href":"https:\/\/diaespa.mx\/index.php\/wp-json\/wp\/v2\/media\/163"}],"wp:attachment":[{"href":"https:\/\/diaespa.mx\/index.php\/wp-json\/wp\/v2\/media?parent=209"}],"wp:term":[{"taxonomy":"product_cat","embeddable":true,"href":"https:\/\/diaespa.mx\/index.php\/wp-json\/wp\/v2\/product_cat?post=209"},{"taxonomy":"product_tag","embeddable":true,"href":"https:\/\/diaespa.mx\/index.php\/wp-json\/wp\/v2\/product_tag?post=209"}],"curies":[{"name":"wp","href":"https:\/\/api.w.org\/{rel}","templated":true}]}}