{"id":208,"date":"2024-01-21T19:27:30","date_gmt":"2024-01-21T19:27:30","guid":{"rendered":"https:\/\/diaespa.mx\/?post_type=product&#038;p=208"},"modified":"2024-03-22T19:14:29","modified_gmt":"2024-03-23T01:14:29","slug":"tecarterapia","status":"publish","type":"product","link":"https:\/\/diaespa.mx\/index.php\/product\/tecarterapia\/","title":{"rendered":"Tecarterapia de 300KHz-448KHz"},"content":{"rendered":"<p><strong>Sistema de Radiofrecuencia Capacitiva y Resistiva:<\/strong><br \/>\nLa Tecarterapia es un sistema de transferencia el\u00e9ctrica capacitiva y resistiva, es uno de los m\u00e9todos utilizados en diatermia y se desarroll\u00f3 como una forma de termoterapia profunda, proporciona energ\u00eda de radiofrecuencia (RF), que pasa entre el electrodo activo y el electrodo inactivo, y genera calor en el cuerpo humano.<\/p>\n<p><strong>Accesorios:<\/strong><br \/>\nMango CET (Tecarterapia capacitiva).<br \/>\nLa t\u00e9cnica funciona en tejidos que contienen un alto contenido de electrolitos, como m\u00fasculos y tejidos blandos.<br \/>\nMango RET (Tecarterapia resistiva).<br \/>\nLa t\u00e9cnica funciona en tejidos con mayor resistencia, como huesos, tendones y articulaciones.<br \/>\nMango de 80MM.<br \/>\nPermite una mejor flexibilidad en la operaci\u00f3n y un mejor efecto de fisioterapia<br \/>\nAlmohadilla de retorno.<br \/>\nAyuda a conectar la m\u00e1quina y las \u00e1reas tratadas.<\/p>\n<p><strong>Cabezas de trabajo:<\/strong><br \/>\nPuntas opcionales de 20\/40\/60 MM CET y RET para diferentes partes.<\/p>\n","protected":false},"excerpt":{"rendered":"<p><strong>Ventaja:<\/strong><br \/>\n1. Frecuencias dobles: 300 KHZ y 450 KHZ hacen que RET y CET realmente tengan diferencias profundas y superficiales. La penetraci\u00f3n m\u00e1s profunda de RET puede alcanzar los 10 CM sin p\u00e9rdida de energ\u00eda.<\/p>\n<p>2. Alta potencia: en t\u00e9rminos de tiempo, productos similares rondan los 80W. Nuestra potencia m\u00e1xima es de 300W y la potencia pr\u00e1ctica es de 250W. Alta potencia significa que los componentes internos deben ser de buena calidad.<\/p>\n<p>3. Apariencia patente: Dise\u00f1o de apariencia \u00fanica.<\/p>\n<p>4. Diversificaci\u00f3n del mango: el mango doble opcional de 80 mm permite una mayor flexibilidad en el funcionamiento y un mejor efecto de fisioterapia.<\/p>\n<p>5. Pantalla grande: pantalla t\u00e1ctil LED de 10,4 pulgadas.<\/p>\n<p><strong>PROTOCOLOS PREESTABLECIDOS PARA:<\/strong><\/p>\n<p>1. Terapia de alivio del dolor.<br \/>\n2. Calentamiento previo a la competici\u00f3n \/ Preparaci\u00f3n para la competici\u00f3n.<br \/>\n3. Alivio del estr\u00e9s en competici\u00f3n o recuperaci\u00f3n de la competici\u00f3n.<br \/>\n4. Recuperaci\u00f3n f\u00edsica acelerada.<br \/>\n5. R\u00e1pida eliminaci\u00f3n del edema.<br \/>\n6. Rehabilitaci\u00f3n atl\u00e9tica.<br \/>\n7. Eliminaci\u00f3n de grasa.<br \/>\n8. Reducci\u00f3n de la flacidez y tonificaci\u00f3n.<\/p>\n","protected":false},"featured_media":974,"comment_status":"open","ping_status":"closed","template":"","meta":{"_joinchat":[]},"product_cat":[43,23],"product_tag":[],"aioseo_notices":[],"jetpack_sharing_enabled":true,"_links":{"self":[{"href":"https:\/\/diaespa.mx\/index.php\/wp-json\/wp\/v2\/product\/208"}],"collection":[{"href":"https:\/\/diaespa.mx\/index.php\/wp-json\/wp\/v2\/product"}],"about":[{"href":"https:\/\/diaespa.mx\/index.php\/wp-json\/wp\/v2\/types\/product"}],"replies":[{"embeddable":true,"href":"https:\/\/diaespa.mx\/index.php\/wp-json\/wp\/v2\/comments?post=208"}],"wp:featuredmedia":[{"embeddable":true,"href":"https:\/\/diaespa.mx\/index.php\/wp-json\/wp\/v2\/media\/974"}],"wp:attachment":[{"href":"https:\/\/diaespa.mx\/index.php\/wp-json\/wp\/v2\/media?parent=208"}],"wp:term":[{"taxonomy":"product_cat","embeddable":true,"href":"https:\/\/diaespa.mx\/index.php\/wp-json\/wp\/v2\/product_cat?post=208"},{"taxonomy":"product_tag","embeddable":true,"href":"https:\/\/diaespa.mx\/index.php\/wp-json\/wp\/v2\/product_tag?post=208"}],"curies":[{"name":"wp","href":"https:\/\/api.w.org\/{rel}","templated":true}]}}