{"id":204,"date":"2024-01-21T18:13:45","date_gmt":"2024-01-21T18:13:45","guid":{"rendered":"https:\/\/diaespa.mx\/?post_type=product&#038;p=204"},"modified":"2024-02-23T06:31:19","modified_gmt":"2024-02-23T06:31:19","slug":"radiofrecuencia-monopolar","status":"publish","type":"product","link":"https:\/\/diaespa.mx\/index.php\/product\/radiofrecuencia-monopolar\/","title":{"rendered":"Diatermia Capacitiva"},"content":{"rendered":"<p><strong>Descripci\u00f3n:<\/strong><br \/>\nEste equipo que emplea ondas electromagn\u00e9ticas para generar un calor controlado en las capas profundas de la piel, gracias a la hipertermia que inducimos con este tratamiento, facilita la vascularizaci\u00f3n de los m\u00fasculos, drena posibles edemas y lo mejor, reduce el dolor de la zona tratada. Indicada para el tratamiento de los tejidos m\u00e1s superficiales, as\u00ed como los tejidos m\u00e1s vascularizados. Generalmente se utiliza para tratar patolog\u00edas musculares.<\/p>\n<p>-Auxiliar en dolores en articulaciones, lumbares reum\u00e1ticos y premenstruales,<br \/>\n-Drenaje linf\u00e1tico,<br \/>\n-Entumecimientos,<br \/>\n-Flacidez,<br \/>\n-Hematomas,<br \/>\n-Hidrolipodistrofia,<br \/>\n-Levantamiento de gl\u00fateo,<br \/>\n-Modelado corporal,<br \/>\n-Modelado de senos,<br \/>\n-Nervio ci\u00e1tico,<br \/>\n-Post quir\u00fargicos,<br \/>\n-Pre quir\u00fargicos,<br \/>\n-Tendinitis, esguinces y torceduras,<br \/>\n-Traumatismos y heridas.<\/p>\n","protected":false},"excerpt":{"rendered":"<p><strong>Caracter\u00edsticas:<\/strong><\/p>\n<p>-Voltaje: 220 \/ 110V.<br \/>\n-Frecuencia: 50 \/ 60Hz.<br \/>\n-Frecuencia de RF: 0.3-0.5Mhz.<br \/>\n-Potencia: 300 watts.<br \/>\n-Almohadilla de retorno.<br \/>\n-2 mangos para aplicaci\u00f3n.<br \/>\n-6 cabezales intercambiables.<\/p>\n","protected":false},"featured_media":161,"comment_status":"open","ping_status":"closed","template":"","meta":{"_joinchat":[]},"product_cat":[43,23],"product_tag":[],"aioseo_notices":[],"jetpack_sharing_enabled":true,"_links":{"self":[{"href":"https:\/\/diaespa.mx\/index.php\/wp-json\/wp\/v2\/product\/204"}],"collection":[{"href":"https:\/\/diaespa.mx\/index.php\/wp-json\/wp\/v2\/product"}],"about":[{"href":"https:\/\/diaespa.mx\/index.php\/wp-json\/wp\/v2\/types\/product"}],"replies":[{"embeddable":true,"href":"https:\/\/diaespa.mx\/index.php\/wp-json\/wp\/v2\/comments?post=204"}],"wp:featuredmedia":[{"embeddable":true,"href":"https:\/\/diaespa.mx\/index.php\/wp-json\/wp\/v2\/media\/161"}],"wp:attachment":[{"href":"https:\/\/diaespa.mx\/index.php\/wp-json\/wp\/v2\/media?parent=204"}],"wp:term":[{"taxonomy":"product_cat","embeddable":true,"href":"https:\/\/diaespa.mx\/index.php\/wp-json\/wp\/v2\/product_cat?post=204"},{"taxonomy":"product_tag","embeddable":true,"href":"https:\/\/diaespa.mx\/index.php\/wp-json\/wp\/v2\/product_tag?post=204"}],"curies":[{"name":"wp","href":"https:\/\/api.w.org\/{rel}","templated":true}]}}