{"id":202,"date":"2024-01-21T18:06:03","date_gmt":"2024-01-21T18:06:03","guid":{"rendered":"https:\/\/diaespa.mx\/?post_type=product&#038;p=202"},"modified":"2024-02-23T06:23:09","modified_gmt":"2024-02-23T06:23:09","slug":"photones-terapia-de-fotones-de-la-luz-roja-y-bio-microcurrent","status":"publish","type":"product","link":"https:\/\/diaespa.mx\/index.php\/product\/photones-terapia-de-fotones-de-la-luz-roja-y-bio-microcurrent\/","title":{"rendered":"Terapia de luz, fototerapia infrarroja"},"content":{"rendered":"<p><strong>Descripci\u00f3n:<\/strong><\/p>\n<p>Dispositivo De Fototerapia LED Infrarroja:<\/p>\n<p>Dise\u00f1ado para el embellecimiento facial, utiliza ondas de luz natural, que se transmiten por LED en la piel.<br \/>\n&#8220;La luz infrarroja se aplica con cierta frecuencia y longitud de onda hasta irradiar un calor que penetra la piel a profundidades de entre 2 a 10 mm. Este calor incrementa la circulaci\u00f3n sangu\u00ednea, aporta m\u00e1s ox\u00edgeno y crea nuevos nutrientes que estimulan la regeneraci\u00f3n celular y la reparaci\u00f3n de los tejidos.<\/p>\n<p>La terapia es no invasiva, indolora, sin efectos secundarios, y se aplica para reducir la tensi\u00f3n muscular, mejorar la circulaci\u00f3n, aliviar el dolor, para desintoxicar el organismo y fortalecer el sistema inmunol\u00f3gico, entre otros.<\/p>\n","protected":false},"excerpt":{"rendered":"<p><strong>Caracter\u00edsticas:<\/strong><\/p>\n<p>-Luz roja de 650nm.<br \/>\n-La bombilla LED de este dispositivo es muy intensa, no se puede ver la bombilla directamente por mucho tiempo.<br \/>\n-1 x Equipo (37 leds).<br \/>\n-1 Anillo de protecci\u00f3n.<br \/>\n-1 x cubierta de protecci\u00f3n.<br \/>\n-Cable 1 x fuente de alimentaci\u00f3n.<\/p>\n","protected":false},"featured_media":155,"comment_status":"open","ping_status":"closed","template":"","meta":{"_joinchat":[]},"product_cat":[23,41],"product_tag":[],"aioseo_notices":[],"jetpack_sharing_enabled":true,"_links":{"self":[{"href":"https:\/\/diaespa.mx\/index.php\/wp-json\/wp\/v2\/product\/202"}],"collection":[{"href":"https:\/\/diaespa.mx\/index.php\/wp-json\/wp\/v2\/product"}],"about":[{"href":"https:\/\/diaespa.mx\/index.php\/wp-json\/wp\/v2\/types\/product"}],"replies":[{"embeddable":true,"href":"https:\/\/diaespa.mx\/index.php\/wp-json\/wp\/v2\/comments?post=202"}],"wp:featuredmedia":[{"embeddable":true,"href":"https:\/\/diaespa.mx\/index.php\/wp-json\/wp\/v2\/media\/155"}],"wp:attachment":[{"href":"https:\/\/diaespa.mx\/index.php\/wp-json\/wp\/v2\/media?parent=202"}],"wp:term":[{"taxonomy":"product_cat","embeddable":true,"href":"https:\/\/diaespa.mx\/index.php\/wp-json\/wp\/v2\/product_cat?post=202"},{"taxonomy":"product_tag","embeddable":true,"href":"https:\/\/diaespa.mx\/index.php\/wp-json\/wp\/v2\/product_tag?post=202"}],"curies":[{"name":"wp","href":"https:\/\/api.w.org\/{rel}","templated":true}]}}