{"id":199,"date":"2024-01-21T17:58:50","date_gmt":"2024-01-21T17:58:50","guid":{"rendered":"https:\/\/diaespa.mx\/?post_type=product&#038;p=199"},"modified":"2024-02-23T06:19:59","modified_gmt":"2024-02-23T06:19:59","slug":"maquina-de-masaje-5-en-1-g5-cabezas-de-masaje","status":"publish","type":"product","link":"https:\/\/diaespa.mx\/index.php\/product\/maquina-de-masaje-5-en-1-g5-cabezas-de-masaje\/","title":{"rendered":"Percutor Profesional G5 Portatil"},"content":{"rendered":"<p><strong>Descripciones:<\/strong><\/p>\n<p>El equipo G5 con 5 cabezas intercambiables, utiliza percusi\u00f3n direccional combinando fuerzas horizontales y verticales desarrollando un masaje oscilatorio con efecto eficaz para movilizar tejidos profundos.<br \/>\nAplica vibraciones mec\u00e1nicas de baja frecuencia sobre la piel mediante un cabezal oscilante, en el cual dependiendo de la funci\u00f3n a realizar se pueden elegir alguna de las 5 incluidas.<\/p>\n<p>Algunos efectos Fisiol\u00f3gicos obtenidos en Tratamientos Est\u00e9ticos son: Mejora el intercambio de nutrici\u00f3n celular en la piel,\u00a0 Eliminaci\u00f3n de toxinas por drenaje linf\u00e1tico, Tonifica y relaja los m\u00fasculos, Mejora el aspecto de celulitis, Excelente en Moldeos corporales.<\/p>\n<p>1. El cabezal de masaje redondo tiene la funci\u00f3n de un suave masaje de relajaci\u00f3n para mejorar la circulaci\u00f3n interna.<br \/>\n2. El cabezal con puntos circulares es ideal para masajear la piel \u00e1spera y arrugada, lo que puede eliminar las arrugas, exfoliar y limpiar la piel.<br \/>\n3. El cabezal de media esfera es ideal para masajear los m\u00fasculos, la espalda y la cintura, y estimular el m\u00fasculo.<br \/>\n4. El cabezal de masaje de columna reemplaza los dedos en un masaje tradiacional para la estimulaci\u00f3n de los m\u00fasculos.<br \/>\n5. El conector ajustable del tubo de la altura se puede utilizar con varios tipos de recambios para hacer impacto direccional. La velocidad es 1600rpm-2400rpm.<\/p>\n","protected":false},"excerpt":{"rendered":"<p><strong>Caracter\u00edsticas:<\/strong><\/p>\n<p>-5 cabezales de masaje de reemplazo.<br \/>\n-Velocidad: 800rmp-4500rmp.<br \/>\n-Mejora la circulaci\u00f3n interna.<br \/>\n-Dispositivo port\u00e1til y ligero.<br \/>\n-C\u00f3modo agarre de goma suave.<br \/>\n-Utilizado como complemento para el drenaje postural.<br \/>\n-Embalaje.<\/p>\n","protected":false},"featured_media":152,"comment_status":"open","ping_status":"closed","template":"","meta":{"_joinchat":[]},"product_cat":[40,23],"product_tag":[],"aioseo_notices":[],"jetpack_sharing_enabled":true,"_links":{"self":[{"href":"https:\/\/diaespa.mx\/index.php\/wp-json\/wp\/v2\/product\/199"}],"collection":[{"href":"https:\/\/diaespa.mx\/index.php\/wp-json\/wp\/v2\/product"}],"about":[{"href":"https:\/\/diaespa.mx\/index.php\/wp-json\/wp\/v2\/types\/product"}],"replies":[{"embeddable":true,"href":"https:\/\/diaespa.mx\/index.php\/wp-json\/wp\/v2\/comments?post=199"}],"wp:featuredmedia":[{"embeddable":true,"href":"https:\/\/diaespa.mx\/index.php\/wp-json\/wp\/v2\/media\/152"}],"wp:attachment":[{"href":"https:\/\/diaespa.mx\/index.php\/wp-json\/wp\/v2\/media?parent=199"}],"wp:term":[{"taxonomy":"product_cat","embeddable":true,"href":"https:\/\/diaespa.mx\/index.php\/wp-json\/wp\/v2\/product_cat?post=199"},{"taxonomy":"product_tag","embeddable":true,"href":"https:\/\/diaespa.mx\/index.php\/wp-json\/wp\/v2\/product_tag?post=199"}],"curies":[{"name":"wp","href":"https:\/\/api.w.org\/{rel}","templated":true}]}}