{"id":185,"date":"2024-01-21T08:32:52","date_gmt":"2024-01-21T08:32:52","guid":{"rendered":"https:\/\/diaespa.mx\/?post_type=product&#038;p=185"},"modified":"2024-03-05T18:09:26","modified_gmt":"2024-03-06T00:09:26","slug":"gel-conductor-post-tratamiento-5kg-pos-operatorio","status":"publish","type":"product","link":"https:\/\/diaespa.mx\/index.php\/product\/gel-conductor-post-tratamiento-5kg-pos-operatorio\/","title":{"rendered":"Gel Gel Conductor Post Operatorio 5KG"},"content":{"rendered":"<p><strong>Descripci\u00f3n<\/strong><br \/>\nGel Conductor base Agua con Extracto Desinflamatorio y Cicatrizante , dise\u00f1ado para el uso en tratamientos post operatorios, facilita el uso de cualquier aparatolog\u00eda, (recomendamos su uso con ultrasonido) y nos ayuda a cuidar la piel de nuestros pacientes.<\/p>\n","protected":false},"excerpt":{"rendered":"<p>Indicado para equipos de cosmetolog\u00eda y medicina est\u00e9tica adem\u00e1s por su formulaci\u00f3n y presentaci\u00f3n tiene las siguientes ventajas:<\/p>\n<p>-Bolsa en material reciclaje (Pl\u00e1stico #7).<br \/>\n-Conserva por mas tiempo el producto y evita desperdicios.<br \/>\n-Elimina factores de contaminaci\u00f3n.<br \/>\n-Limpieza y exactitud en el consumo del producto.<br \/>\n-Ideal para uso corporal.<br \/>\n-Efecto de humectaci\u00f3n por tiempo prolongado.<br \/>\n-F\u00e1cil manejo y traslado.<\/p>\n","protected":false},"featured_media":904,"comment_status":"open","ping_status":"closed","template":"","meta":{"_joinchat":[]},"product_cat":[38,23],"product_tag":[],"aioseo_notices":[],"jetpack_sharing_enabled":true,"_links":{"self":[{"href":"https:\/\/diaespa.mx\/index.php\/wp-json\/wp\/v2\/product\/185"}],"collection":[{"href":"https:\/\/diaespa.mx\/index.php\/wp-json\/wp\/v2\/product"}],"about":[{"href":"https:\/\/diaespa.mx\/index.php\/wp-json\/wp\/v2\/types\/product"}],"replies":[{"embeddable":true,"href":"https:\/\/diaespa.mx\/index.php\/wp-json\/wp\/v2\/comments?post=185"}],"wp:featuredmedia":[{"embeddable":true,"href":"https:\/\/diaespa.mx\/index.php\/wp-json\/wp\/v2\/media\/904"}],"wp:attachment":[{"href":"https:\/\/diaespa.mx\/index.php\/wp-json\/wp\/v2\/media?parent=185"}],"wp:term":[{"taxonomy":"product_cat","embeddable":true,"href":"https:\/\/diaespa.mx\/index.php\/wp-json\/wp\/v2\/product_cat?post=185"},{"taxonomy":"product_tag","embeddable":true,"href":"https:\/\/diaespa.mx\/index.php\/wp-json\/wp\/v2\/product_tag?post=185"}],"curies":[{"name":"wp","href":"https:\/\/api.w.org\/{rel}","templated":true}]}}