{"id":147,"date":"2024-01-21T08:13:16","date_gmt":"2024-01-21T08:13:16","guid":{"rendered":"https:\/\/diaespa.mx\/?post_type=product&#038;p=147"},"modified":"2024-03-05T18:08:49","modified_gmt":"2024-03-06T00:08:49","slug":"gel-conductor-ems-electroestimulacion-5kg","status":"publish","type":"product","link":"https:\/\/diaespa.mx\/index.php\/product\/gel-conductor-ems-electroestimulacion-5kg\/","title":{"rendered":"Gel Conductor EMS (Electroestimulaci\u00f3n) 5kg"},"content":{"rendered":"<p><strong>Descripci\u00f3n:<\/strong><\/p>\n<p>&#8220;Gel Conductor base Agua adicionado con Glicerina y la cantidad exacta de Cloruro de Sodio que facilita el uso de Equipos de electroterapia como EMS, TENS, ONDAS RUSAS, ETC.<br \/>\nAyuda a cuidar la piel de nuestros pacientes. &#8221;<\/p>\n<p>&nbsp;<\/p>\n","protected":false},"excerpt":{"rendered":"<p>Indicado para equipos de cosmetolog\u00eda y medicina est\u00e9tica adem\u00e1s por su formulaci\u00f3n y presentaci\u00f3n tiene las siguientes ventajas:<\/p>\n<p>-Bolsa en material reciclable (pl\u00e1stico #7).<br \/>\n-Conserva por m\u00e1s tiempo el producto y evita desperdicios.<br \/>\n-Elimina factores de contaminaci\u00f3n.<br \/>\n-Limpieza y exactitud en el consumo del producto.<br \/>\n-Ideal para pieles sensibles para uso facial y corporal.<br \/>\n-Efecto de humectaci\u00f3n por tiempo prolongado.<br \/>\n-F\u00e1cil manejo y traslado.<\/p>\n","protected":false},"featured_media":905,"comment_status":"open","ping_status":"closed","template":"","meta":{"_joinchat":[]},"product_cat":[38,23],"product_tag":[21],"aioseo_notices":[],"jetpack_sharing_enabled":true,"_links":{"self":[{"href":"https:\/\/diaespa.mx\/index.php\/wp-json\/wp\/v2\/product\/147"}],"collection":[{"href":"https:\/\/diaespa.mx\/index.php\/wp-json\/wp\/v2\/product"}],"about":[{"href":"https:\/\/diaespa.mx\/index.php\/wp-json\/wp\/v2\/types\/product"}],"replies":[{"embeddable":true,"href":"https:\/\/diaespa.mx\/index.php\/wp-json\/wp\/v2\/comments?post=147"}],"wp:featuredmedia":[{"embeddable":true,"href":"https:\/\/diaespa.mx\/index.php\/wp-json\/wp\/v2\/media\/905"}],"wp:attachment":[{"href":"https:\/\/diaespa.mx\/index.php\/wp-json\/wp\/v2\/media?parent=147"}],"wp:term":[{"taxonomy":"product_cat","embeddable":true,"href":"https:\/\/diaespa.mx\/index.php\/wp-json\/wp\/v2\/product_cat?post=147"},{"taxonomy":"product_tag","embeddable":true,"href":"https:\/\/diaespa.mx\/index.php\/wp-json\/wp\/v2\/product_tag?post=147"}],"curies":[{"name":"wp","href":"https:\/\/api.w.org\/{rel}","templated":true}]}}