{"id":7,"date":"2024-01-20T08:22:03","date_gmt":"2024-01-20T08:22:03","guid":{"rendered":"http:\/\/diaespa.mx\/index.php\/cart\/"},"modified":"2024-01-20T08:22:03","modified_gmt":"2024-01-20T08:22:03","slug":"cart","status":"publish","type":"page","link":"https:\/\/diaespa.mx\/index.php\/cart\/","title":{"rendered":"Cart"},"content":{"rendered":"<div data-block-name=\"woocommerce\/cart\" class=\"wp-block-woocommerce-cart alignwide is-loading\"><div data-block-name=\"woocommerce\/filled-cart-block\" class=\"wp-block-woocommerce-filled-cart-block\"><div data-block-name=\"woocommerce\/cart-items-block\" class=\"wp-block-woocommerce-cart-items-block\"><div data-block-name=\"woocommerce\/cart-line-items-block\" class=\"wp-block-woocommerce-cart-line-items-block\"><\/div>\n\n<div data-block-name=\"woocommerce\/cart-cross-sells-block\" class=\"wp-block-woocommerce-cart-cross-sells-block\">\n<h2 class=\"wp-block-heading has-large-font-size\">You may be interested in\u2026<\/h2>\n\n\n<div data-block-name=\"woocommerce\/cart-cross-sells-products-block\" class=\"wp-block-woocommerce-cart-cross-sells-products-block\"><\/div><\/div><\/div>\n\n<div data-block-name=\"woocommerce\/cart-totals-block\" class=\"wp-block-woocommerce-cart-totals-block\"><div data-block-name=\"woocommerce\/cart-order-summary-block\" class=\"wp-block-woocommerce-cart-order-summary-block\"><div data-block-name=\"woocommerce\/cart-order-summary-heading-block\" class=\"wp-block-woocommerce-cart-order-summary-heading-block\"><\/div>\n\n<div data-block-name=\"woocommerce\/cart-order-summary-coupon-form-block\" class=\"wp-block-woocommerce-cart-order-summary-coupon-form-block\"><\/div>\n\n<div data-block-name=\"woocommerce\/cart-order-summary-subtotal-block\" class=\"wp-block-woocommerce-cart-order-summary-subtotal-block\"><\/div>\n\n<div data-block-name=\"woocommerce\/cart-order-summary-fee-block\" class=\"wp-block-woocommerce-cart-order-summary-fee-block\"><\/div>\n\n<div data-block-name=\"woocommerce\/cart-order-summary-discount-block\" class=\"wp-block-woocommerce-cart-order-summary-discount-block\"><\/div>\n\n<div data-block-name=\"woocommerce\/cart-order-summary-shipping-block\" class=\"wp-block-woocommerce-cart-order-summary-shipping-block\"><\/div>\n\n<div data-block-name=\"woocommerce\/cart-order-summary-taxes-block\" class=\"wp-block-woocommerce-cart-order-summary-taxes-block\"><\/div><\/div>\n\n<div data-block-name=\"woocommerce\/cart-express-payment-block\" class=\"wp-block-woocommerce-cart-express-payment-block\"><\/div>\n\n<div data-block-name=\"woocommerce\/proceed-to-checkout-block\" class=\"wp-block-woocommerce-proceed-to-checkout-block\"><\/div>\n\n<div data-block-name=\"woocommerce\/cart-accepted-payment-methods-block\" class=\"wp-block-woocommerce-cart-accepted-payment-methods-block\"><\/div><\/div><\/div>\n\n<div data-block-name=\"woocommerce\/empty-cart-block\" class=\"wp-block-woocommerce-empty-cart-block\">\n<h2 class=\"wp-block-heading has-text-align-center with-empty-cart-icon wc-block-cart__empty-cart__title\">Your cart is currently empty!<\/h2>\n\n\n\n<hr class=\"wp-block-separator has-alpha-channel-opacity is-style-dots\"\/>\n\n\n\n<h2 class=\"wp-block-heading has-text-align-center\">New in store<\/h2>\n\n\n<div data-block-name=\"woocommerce\/product-new\" data-columns=\"4\" data-rows=\"1\" class=\"wc-block-grid wp-block-product-new wc-block-product-new has-4-columns\"><ul class=\"wc-block-grid__products\"><li class=\"wc-block-grid__product\">\n\t\t\t\t<a href=\"https:\/\/diaespa.mx\/index.php\/product\/lipolisis-fria-criolipolisis-con-3-manipulos-papada-y-corporales\/\" class=\"wc-block-grid__product-link\">\n\t\t\t\t\t\n\t\t\t\t\t<div class=\"wc-block-grid__product-image\"><img loading=\"lazy\" decoding=\"async\" width=\"300\" height=\"300\" src=\"https:\/\/diaespa.mx\/wp-content\/uploads\/2024\/03\/DSP-73017C-PIC-0-300x300.jpeg\" class=\"attachment-woocommerce_thumbnail size-woocommerce_thumbnail\" alt=\"Lip\u00f3lisis Fr\u00eda Criolipolisis con 3 man\u00edpulos papada y corporales\" srcset=\"https:\/\/diaespa.mx\/wp-content\/uploads\/2024\/03\/DSP-73017C-PIC-0-300x300.jpeg 300w, https:\/\/diaespa.mx\/wp-content\/uploads\/2024\/03\/DSP-73017C-PIC-0-150x150.jpeg 150w, https:\/\/diaespa.mx\/wp-content\/uploads\/2024\/03\/DSP-73017C-PIC-0-100x100.jpeg 100w, https:\/\/diaespa.mx\/wp-content\/uploads\/2024\/03\/DSP-73017C-PIC-0.jpeg 500w\" sizes=\"(max-width: 300px) 100vw, 300px\" \/><\/div>\n\t\t\t\t\t<div class=\"wc-block-grid__product-title\">Lip\u00f3lisis Fr\u00eda Criolipolisis con 3 man\u00edpulos papada y corporales<\/div>\n\t\t\t\t<\/a>\n\t\t\t\t<div class=\"wc-block-grid__product-price price\"><\/div>\n\t\t\t\t\n\t\t\t\t<div class=\"wp-block-button wc-block-grid__product-add-to-cart\"><a href=\"https:\/\/diaespa.mx\/index.php\/product\/lipolisis-fria-criolipolisis-con-3-manipulos-papada-y-corporales\/\" aria-label=\"Lee m\u00e1s sobre &ldquo;Lip\u00f3lisis Fr\u00eda Criolipolisis con 3 man\u00edpulos papada y corporales&rdquo;\" data-quantity=\"1\" data-product_id=\"972\" data-product_sku=\"DSP - 73017C\" data-price=\"0\" rel=\"nofollow\" class=\"wp-block-button__link  add_to_cart_button\">Leer m\u00e1s<\/a><\/div>\n\t\t\t<\/li><li class=\"wc-block-grid__product\">\n\t\t\t\t<a href=\"https:\/\/diaespa.mx\/index.php\/product\/lipolisis-fria-criolipolisis-con-2-manipulos-corporales\/\" class=\"wc-block-grid__product-link\">\n\t\t\t\t\t\n\t\t\t\t\t<div class=\"wc-block-grid__product-image\"><img loading=\"lazy\" decoding=\"async\" width=\"300\" height=\"300\" src=\"https:\/\/diaespa.mx\/wp-content\/uploads\/2024\/03\/DSP-7201C-PIC-0-300x300.jpeg\" class=\"attachment-woocommerce_thumbnail size-woocommerce_thumbnail\" alt=\"Lip\u00f3lisis Fr\u00eda Criolipolisis con 2 man\u00edpulos corporales\" srcset=\"https:\/\/diaespa.mx\/wp-content\/uploads\/2024\/03\/DSP-7201C-PIC-0-300x300.jpeg 300w, https:\/\/diaespa.mx\/wp-content\/uploads\/2024\/03\/DSP-7201C-PIC-0-150x150.jpeg 150w, https:\/\/diaespa.mx\/wp-content\/uploads\/2024\/03\/DSP-7201C-PIC-0-100x100.jpeg 100w, https:\/\/diaespa.mx\/wp-content\/uploads\/2024\/03\/DSP-7201C-PIC-0.jpeg 500w\" sizes=\"(max-width: 300px) 100vw, 300px\" \/><\/div>\n\t\t\t\t\t<div class=\"wc-block-grid__product-title\">Lip\u00f3lisis Fr\u00eda Criolipolisis con 2 man\u00edpulos corporales<\/div>\n\t\t\t\t<\/a>\n\t\t\t\t<div class=\"wc-block-grid__product-price price\"><\/div>\n\t\t\t\t\n\t\t\t\t<div class=\"wp-block-button wc-block-grid__product-add-to-cart\"><a href=\"https:\/\/diaespa.mx\/index.php\/product\/lipolisis-fria-criolipolisis-con-2-manipulos-corporales\/\" aria-label=\"Lee m\u00e1s sobre &ldquo;Lip\u00f3lisis Fr\u00eda Criolipolisis con 2 man\u00edpulos corporales&rdquo;\" data-quantity=\"1\" data-product_id=\"971\" data-product_sku=\"DSP - 7201c\" data-price=\"0\" rel=\"nofollow\" class=\"wp-block-button__link  add_to_cart_button\">Leer m\u00e1s<\/a><\/div>\n\t\t\t<\/li><li class=\"wc-block-grid__product\">\n\t\t\t\t<a href=\"https:\/\/diaespa.mx\/index.php\/product\/hidrodermoabrasion-10-en-1-hydra-rf-aqua-peel-skin-scrubber-maquina-facial\/\" class=\"wc-block-grid__product-link\">\n\t\t\t\t\t\n\t\t\t\t\t<div class=\"wc-block-grid__product-image\"><img loading=\"lazy\" decoding=\"async\" width=\"300\" height=\"300\" src=\"https:\/\/diaespa.mx\/wp-content\/uploads\/2024\/03\/DSP-F39-PIC-1-300x300.webp\" class=\"attachment-woocommerce_thumbnail size-woocommerce_thumbnail\" alt=\"Hidrodermoabrasi\u00f3n 10 en 1 Hydra Rf Aqua Peel Skin Scrubber M\u00e1quina facial\" srcset=\"https:\/\/diaespa.mx\/wp-content\/uploads\/2024\/03\/DSP-F39-PIC-1-300x300.webp 300w, https:\/\/diaespa.mx\/wp-content\/uploads\/2024\/03\/DSP-F39-PIC-1-150x150.webp 150w, https:\/\/diaespa.mx\/wp-content\/uploads\/2024\/03\/DSP-F39-PIC-1-768x768.webp 768w, https:\/\/diaespa.mx\/wp-content\/uploads\/2024\/03\/DSP-F39-PIC-1-600x600.webp 600w, https:\/\/diaespa.mx\/wp-content\/uploads\/2024\/03\/DSP-F39-PIC-1-100x100.webp 100w, https:\/\/diaespa.mx\/wp-content\/uploads\/2024\/03\/DSP-F39-PIC-1.webp 800w\" sizes=\"(max-width: 300px) 100vw, 300px\" \/><\/div>\n\t\t\t\t\t<div class=\"wc-block-grid__product-title\">Hidrodermoabrasi\u00f3n 10 en 1 Hydra Rf Aqua Peel Skin Scrubber M\u00e1quina facial<\/div>\n\t\t\t\t<\/a>\n\t\t\t\t<div class=\"wc-block-grid__product-price price\"><\/div>\n\t\t\t\t\n\t\t\t\t<div class=\"wp-block-button wc-block-grid__product-add-to-cart\"><a href=\"https:\/\/diaespa.mx\/index.php\/product\/hidrodermoabrasion-10-en-1-hydra-rf-aqua-peel-skin-scrubber-maquina-facial\/\" aria-label=\"Lee m\u00e1s sobre &ldquo;Hidrodermoabrasi\u00f3n 10 en 1 Hydra Rf Aqua Peel Skin Scrubber M\u00e1quina facial&rdquo;\" data-quantity=\"1\" data-product_id=\"970\" data-product_sku=\"DSP - F39\" data-price=\"0\" rel=\"nofollow\" class=\"wp-block-button__link  add_to_cart_button\">Leer m\u00e1s<\/a><\/div>\n\t\t\t<\/li><li class=\"wc-block-grid__product\">\n\t\t\t\t<a href=\"https:\/\/diaespa.mx\/index.php\/product\/hidrodermoabrasion-7-en-1-dermatoscopio-hidrodermoabrasion-oxigeno-rf-martillo-frio-ultrasonidoskin-srcubber\/\" class=\"wc-block-grid__product-link\">\n\t\t\t\t\t\n\t\t\t\t\t<div class=\"wc-block-grid__product-image\"><img loading=\"lazy\" decoding=\"async\" width=\"300\" height=\"300\" src=\"https:\/\/diaespa.mx\/wp-content\/uploads\/2024\/03\/DSP-ZHBL-PIC-0-300x300.webp\" class=\"attachment-woocommerce_thumbnail size-woocommerce_thumbnail\" alt=\"HIDRODERMOABRASION 7 EN 1, DERMATOSCOPIO, HIDRODERMOABRASION, OXIGENO, RF, MARTILLO FRIO, ULTRASONIDO,SKIN SRCUBBER,\" srcset=\"https:\/\/diaespa.mx\/wp-content\/uploads\/2024\/03\/DSP-ZHBL-PIC-0-300x300.webp 300w, https:\/\/diaespa.mx\/wp-content\/uploads\/2024\/03\/DSP-ZHBL-PIC-0-150x150.webp 150w, https:\/\/diaespa.mx\/wp-content\/uploads\/2024\/03\/DSP-ZHBL-PIC-0-768x768.webp 768w, https:\/\/diaespa.mx\/wp-content\/uploads\/2024\/03\/DSP-ZHBL-PIC-0-600x600.webp 600w, https:\/\/diaespa.mx\/wp-content\/uploads\/2024\/03\/DSP-ZHBL-PIC-0-100x100.webp 100w, https:\/\/diaespa.mx\/wp-content\/uploads\/2024\/03\/DSP-ZHBL-PIC-0.webp 800w\" sizes=\"(max-width: 300px) 100vw, 300px\" \/><\/div>\n\t\t\t\t\t<div class=\"wc-block-grid__product-title\">HIDRODERMOABRASION 7 EN 1, DERMATOSCOPIO, HIDRODERMOABRASION, OXIGENO, RF, MARTILLO FRIO, ULTRASONIDO,SKIN SRCUBBER,<\/div>\n\t\t\t\t<\/a>\n\t\t\t\t<div class=\"wc-block-grid__product-price price\"><\/div>\n\t\t\t\t\n\t\t\t\t<div class=\"wp-block-button wc-block-grid__product-add-to-cart\"><a href=\"https:\/\/diaespa.mx\/index.php\/product\/hidrodermoabrasion-7-en-1-dermatoscopio-hidrodermoabrasion-oxigeno-rf-martillo-frio-ultrasonidoskin-srcubber\/\" aria-label=\"Lee m\u00e1s sobre &ldquo;HIDRODERMOABRASION 7 EN 1, DERMATOSCOPIO, HIDRODERMOABRASION, OXIGENO, RF, MARTILLO FRIO, ULTRASONIDO,SKIN SRCUBBER,&rdquo;\" data-quantity=\"1\" data-product_id=\"969\" data-product_sku=\"DSP - ZHBL\" data-price=\"0\" rel=\"nofollow\" class=\"wp-block-button__link  add_to_cart_button\">Leer m\u00e1s<\/a><\/div>\n\t\t\t<\/li><\/ul><\/div><\/div><\/div>","protected":false},"excerpt":{"rendered":"","protected":false},"author":1,"featured_media":0,"parent":0,"menu_order":0,"comment_status":"closed","ping_status":"closed","template":"","meta":{"footnotes":"","_joinchat":[]},"aioseo_notices":[],"jetpack_sharing_enabled":true,"_links":{"self":[{"href":"https:\/\/diaespa.mx\/index.php\/wp-json\/wp\/v2\/pages\/7"}],"collection":[{"href":"https:\/\/diaespa.mx\/index.php\/wp-json\/wp\/v2\/pages"}],"about":[{"href":"https:\/\/diaespa.mx\/index.php\/wp-json\/wp\/v2\/types\/page"}],"author":[{"embeddable":true,"href":"https:\/\/diaespa.mx\/index.php\/wp-json\/wp\/v2\/users\/1"}],"replies":[{"embeddable":true,"href":"https:\/\/diaespa.mx\/index.php\/wp-json\/wp\/v2\/comments?post=7"}],"version-history":[{"count":0,"href":"https:\/\/diaespa.mx\/index.php\/wp-json\/wp\/v2\/pages\/7\/revisions"}],"wp:attachment":[{"href":"https:\/\/diaespa.mx\/index.php\/wp-json\/wp\/v2\/media?parent=7"}],"curies":[{"name":"wp","href":"https:\/\/api.w.org\/{rel}","templated":true}]}}