{"id":651,"date":"2024-02-14T04:15:35","date_gmt":"2024-02-14T04:15:35","guid":{"rendered":"https:\/\/diaespa.mx\/?page_id=651"},"modified":"2024-02-14T05:44:04","modified_gmt":"2024-02-14T05:44:04","slug":"nosotros","status":"publish","type":"page","link":"https:\/\/diaespa.mx\/index.php\/nosotros\/","title":{"rendered":"Nosotros"},"content":{"rendered":"\n\t<section class=\"section\" id=\"section_1189924\">\n\t\t<div class=\"bg section-bg fill bg-fill  bg-loaded\" >\n\n\t\t\t\n\t\t\t\n\t\t\t\n\n\t\t<\/div>\n\n\t\t\n\n\t\t<div class=\"section-content relative\">\n\t\t\t\n\n<div class=\"row align-center\"  id=\"row-93158628\">\n\n\n\t<div id=\"col-911635599\" class=\"col medium-12 small-12 large-12\"  >\n\t\t\t\t<div class=\"col-inner\"  >\n\t\t\t\n\t\t\t\n\n\t<div class=\"img has-hover x md-x lg-x y md-y lg-y\" id=\"image_997827338\">\n\t\t\t\t<div data-parallax-fade=\"true\" data-parallax=\"3\">\t\t<div data-animate=\"bounceInDown\">\t\t<div class=\"img-inner dark\" >\n\t\t\t<img loading=\"lazy\" decoding=\"async\" width=\"200\" height=\"52\" src=\"https:\/\/diaespa.mx\/wp-content\/uploads\/2024\/01\/DIAESPA-L-FC.svg\" class=\"attachment-large size-large\" alt=\"\" \/>\t\t\t\t\t\t\n\t\t\t\t\t<\/div>\n\t\t<\/div>\t\t<\/div>\t\t\t\t\n<style>\n#image_997827338 {\n  width: 100%;\n}\n<\/style>\n\t<\/div>\n\t\n\n\n\t\t<\/div>\n\t\t\t\t\n<style>\n#col-911635599 > .col-inner {\n  padding: 0px 0px 0px 0px;\n  margin: -44px 0px -58px 0px;\n}\n<\/style>\n\t<\/div>\n\n\t\n\n<\/div>\n\n\t\t<\/div>\n\n\t\t\n<style>\n#section_1189924 {\n  padding-top: 30px;\n  padding-bottom: 30px;\n  background-color: rgb(255,255,255);\n}\n#section_1189924 .ux-shape-divider--top svg {\n  height: 150px;\n  --divider-top-width: 100%;\n}\n#section_1189924 .ux-shape-divider--bottom svg {\n  height: 150px;\n  --divider-width: 100%;\n}\n@media (min-width:550px) {\n  #section_1189924 {\n    padding-top: 50px;\n    padding-bottom: 50px;\n  }\n}\n<\/style>\n\t<\/section>\n\t\n\t<section class=\"section dark\" id=\"section_1121203798\">\n\t\t<div class=\"bg section-bg fill bg-fill  bg-loaded\" >\n\n\t\t\t\n\t\t\t<div class=\"section-bg-overlay absolute fill\"><\/div>\n\t\t\t\n\n\t\t<\/div>\n\n\t\t\n\n\t\t<div class=\"section-content relative\">\n\t\t\t\n\n<div class=\"row row-collapse row-full-width align-middle\"  id=\"row-271662114\">\n\n\n\t<div id=\"col-1226393030\" class=\"col medium-12 small-12 large-6\"  >\n\t\t\t\t<div class=\"col-inner\"  >\n\t\t\t\n\t\t\t\n\n<div class=\"row\"  id=\"row-1824826425\">\n\n\n\t<div id=\"col-1223672178\" class=\"col medium-12 small-12 large-10\"  >\n\t\t\t\t<div class=\"col-inner\"  >\n\t\t\t\n\t\t\t\n\n\t<div id=\"text-3469881914\" class=\"text\">\n\t\t\n\n<h2>\u00bfQui\u00e9nes somos?<\/h2>\n\t\t\n<style>\n#text-3469881914 {\n  font-size: 1.5rem;\n  color: rgb(255,255,255);\n}\n#text-3469881914 > * {\n  color: rgb(255,255,255);\n}\n<\/style>\n\t<\/div>\n\t\n\t<div id=\"text-2007543796\" class=\"text\">\n\t\t\n\n<p>Somos un equipo de profesionales capacitados para proporcionar soluciones innovadoras y de alta calidad en aparatolog\u00eda est\u00e9tica y rehabilitaci\u00f3n, con productos que permiten a nuestros clientes brindar tratamientos de alta calidad, profesionales e innovadores. Nos esforzamos por establecer relaciones duraderas con nuestros clientes brind\u00e1ndoles un asesoramiento personalizado antes, durante y despu\u00e9s de la compra para garantizar su \u00e9xito. <\/p>\n\t\t\n<style>\n#text-2007543796 {\n  color: rgb(255,255,255);\n}\n#text-2007543796 > * {\n  color: rgb(255,255,255);\n}\n<\/style>\n\t<\/div>\n\t\n<div class=\"is-divider divider clearfix\" style=\"margin-top:1.5em;margin-bottom:1.5em;max-width:150px;background-color:rgb(194, 220, 230);\"><\/div>\n\n<div class=\"row row-small\"  id=\"row-521883880\">\n\n\n\t<div id=\"col-100085546\" class=\"col medium-6 small-12 large-6\"  >\n\t\t\t\t<div class=\"col-inner\"  >\n\t\t\t\n\t\t\t\n\n\n\t\t<div class=\"icon-box featured-box icon-box-top text-left\"  >\n\t\t\t\t\t<div class=\"icon-box-img\" style=\"width: 40px\">\n\t\t\t\t<div class=\"icon\">\n\t\t\t\t\t<div class=\"icon-inner\" style=\"color:rgb(255, 255, 255);\">\n\t\t\t\t\t\t<img loading=\"lazy\" decoding=\"async\" width=\"120\" height=\"120\" src=\"https:\/\/diaespa.mx\/wp-content\/uploads\/2024\/02\/checkbox-circle-fill-2.png\" class=\"attachment-medium size-medium\" alt=\"\" srcset=\"https:\/\/diaespa.mx\/wp-content\/uploads\/2024\/02\/checkbox-circle-fill-2.png 120w, https:\/\/diaespa.mx\/wp-content\/uploads\/2024\/02\/checkbox-circle-fill-2-100x100.png 100w\" sizes=\"(max-width: 120px) 100vw, 120px\" \/>\t\t\t\t\t<\/div>\n\t\t\t\t<\/div>\n\t\t\t<\/div>\n\t\t\t\t<div class=\"icon-box-text last-reset\">\n\t\t\t\t\t\t\t\t\t\n\n<h3>Misi\u00f3n<\/h3>\n<p>Potenciar e inspirar a los profesionales de la salud manteni\u00e9ndonos a la vanguardia de las \u00faltimas tendencias y avances tecnol\u00f3gicos en el campo del SPA y Rehabilitaci\u00f3n.<\/p>\n\n\n\t\t<\/div>\n\t<\/div>\n\t\n\t\n\n\t\t<\/div>\n\t\t\t\t\t<\/div>\n\n\t\n\n\t<div id=\"col-403661136\" class=\"col medium-6 small-12 large-6\"  >\n\t\t\t\t<div class=\"col-inner\"  >\n\t\t\t\n\t\t\t\n\n\n\t\t<div class=\"icon-box featured-box icon-box-top text-left\"  >\n\t\t\t\t\t<div class=\"icon-box-img\" style=\"width: 40px\">\n\t\t\t\t<div class=\"icon\">\n\t\t\t\t\t<div class=\"icon-inner\" >\n\t\t\t\t\t\t<img loading=\"lazy\" decoding=\"async\" width=\"120\" height=\"120\" src=\"https:\/\/diaespa.mx\/wp-content\/uploads\/2024\/01\/stack-line-1.png\" class=\"attachment-medium size-medium\" alt=\"\" srcset=\"https:\/\/diaespa.mx\/wp-content\/uploads\/2024\/01\/stack-line-1.png 120w, https:\/\/diaespa.mx\/wp-content\/uploads\/2024\/01\/stack-line-1-100x100.png 100w\" sizes=\"(max-width: 120px) 100vw, 120px\" \/>\t\t\t\t\t<\/div>\n\t\t\t\t<\/div>\n\t\t\t<\/div>\n\t\t\t\t<div class=\"icon-box-text last-reset\">\n\t\t\t\t\t\t\t\t\t\n\n<h3>Visi\u00f3n<\/h3>\n<p>Ser l\u00edderes en el mercado mexicano reconocidos como el socio estrat\u00e9gico preferido en la industrial de la aparatolog\u00eda est\u00e9tica y rehabilitaci\u00f3n, destac\u00e1ndonos por nuestra excelencia y amplia gama de productos, experiencia en el campo, atenci\u00f3n al cliente y conocimiento especializado.<\/p>\n\n\n\t\t<\/div>\n\t<\/div>\n\t\n\t\n\n\t\t<\/div>\n\t\t\t\t\t<\/div>\n\n\t\n\n<\/div>\n\n\t\t<\/div>\n\t\t\t\t\t<\/div>\n\n\t\n\n<\/div>\n\n\t\t<\/div>\n\t\t\t\t\n<style>\n#col-1226393030 > .col-inner {\n  padding: 30px 30px 30px 30px;\n}\n@media (min-width:850px) {\n  #col-1226393030 > .col-inner {\n    padding: 0px 0px 0px 15%;\n  }\n}\n<\/style>\n\t<\/div>\n\n\t\n\n\t<div id=\"col-1676190758\" class=\"col medium-12 small-12 large-6 medium-col-first\"  >\n\t\t\t\t<div class=\"col-inner\"  >\n\t\t\t\n\t\t\t\n\n\n  <div class=\"banner has-hover\" id=\"banner-1784842299\">\n          <div class=\"banner-inner fill\">\n        <div class=\"banner-bg fill\" >\n            <div class=\"bg fill bg-fill \"><\/div>\n                                    \n                    <\/div>\n\t\t\n        <div class=\"banner-layers container\">\n            <div class=\"fill banner-link\"><\/div>            \n\n   <div id=\"text-box-752165500\" class=\"text-box banner-layer x50 md-x50 lg-x50 y50 md-y50 lg-y50 res-text\">\n                                <div class=\"text-box-content text dark\">\n              \n              <div class=\"text-inner text-center\">\n                  \n\n\n              <\/div>\n           <\/div>\n                            \n<style>\n#text-box-752165500 {\n  width: 60%;\n}\n#text-box-752165500 .text-box-content {\n  font-size: 100%;\n}\n<\/style>\n    <\/div>\n \n\n        <\/div>\n      <\/div>\n\n            \n<style>\n#banner-1784842299 {\n  padding-top: 99.99%;\n  background-color: rgba(255, 255, 255, 0);\n}\n#banner-1784842299 .bg.bg-loaded {\n  background-image: url(https:\/\/diaespa.mx\/wp-content\/uploads\/2024\/01\/paje-victoria-ohhEOp05h4g-unsplash.jpg);\n}\n#banner-1784842299 .bg {\n  background-position: 55% 42%;\n}\n#banner-1784842299 .ux-shape-divider--top svg {\n  height: 150px;\n  --divider-top-width: 100%;\n}\n#banner-1784842299 .ux-shape-divider--bottom svg {\n  height: 150px;\n  --divider-width: 100%;\n}\n@media (min-width:550px) {\n  #banner-1784842299 {\n    padding-top: 400px;\n  }\n}\n@media (min-width:850px) {\n  #banner-1784842299 {\n    padding-top: 99.99%;\n  }\n}\n<\/style>\n  <\/div>\n\n\n\n\t\t<\/div>\n\t\t\t\t\t<\/div>\n\n\t\n\n\n<style>\n#row-271662114 > .col > .col-inner {\n  background-color: #00aeac;\n}\n<\/style>\n<\/div>\n\n\t\t<\/div>\n\n\t\t\n<style>\n#section_1121203798 {\n  padding-top: 0px;\n  padding-bottom: 0px;\n}\n#section_1121203798 .section-bg-overlay {\n  background-color: #00aeac;\n}\n#section_1121203798 .ux-shape-divider--top svg {\n  height: 150px;\n  --divider-top-width: 100%;\n}\n#section_1121203798 .ux-shape-divider--bottom svg {\n  height: 150px;\n  --divider-width: 100%;\n}\n<\/style>\n\t<\/section>\n\t\n\n","protected":false},"excerpt":{"rendered":"","protected":false},"author":1,"featured_media":0,"parent":0,"menu_order":0,"comment_status":"closed","ping_status":"closed","template":"","meta":{"footnotes":"","_joinchat":[]},"aioseo_notices":[],"jetpack_sharing_enabled":true,"_links":{"self":[{"href":"https:\/\/diaespa.mx\/index.php\/wp-json\/wp\/v2\/pages\/651"}],"collection":[{"href":"https:\/\/diaespa.mx\/index.php\/wp-json\/wp\/v2\/pages"}],"about":[{"href":"https:\/\/diaespa.mx\/index.php\/wp-json\/wp\/v2\/types\/page"}],"author":[{"embeddable":true,"href":"https:\/\/diaespa.mx\/index.php\/wp-json\/wp\/v2\/users\/1"}],"replies":[{"embeddable":true,"href":"https:\/\/diaespa.mx\/index.php\/wp-json\/wp\/v2\/comments?post=651"}],"version-history":[{"count":5,"href":"https:\/\/diaespa.mx\/index.php\/wp-json\/wp\/v2\/pages\/651\/revisions"}],"predecessor-version":[{"id":664,"href":"https:\/\/diaespa.mx\/index.php\/wp-json\/wp\/v2\/pages\/651\/revisions\/664"}],"wp:attachment":[{"href":"https:\/\/diaespa.mx\/index.php\/wp-json\/wp\/v2\/media?parent=651"}],"curies":[{"name":"wp","href":"https:\/\/api.w.org\/{rel}","templated":true}]}}