{"id":116,"date":"2024-01-20T23:50:16","date_gmt":"2024-01-20T23:50:16","guid":{"rendered":"https:\/\/diaespa.mx\/?page_id=116"},"modified":"2024-02-03T06:49:07","modified_gmt":"2024-02-03T06:49:07","slug":"contacto","status":"publish","type":"page","link":"https:\/\/diaespa.mx\/index.php\/contacto\/","title":{"rendered":"Contacto"},"content":{"rendered":"\n<div class=\"row row-collapse row-full-width\"  id=\"row-700903450\">\n\n\n\t<div id=\"col-1206409058\" class=\"col small-12 large-12\"  >\n\t\t\t\t<div class=\"col-inner\"  >\n\t\t\t\n\t\t\t\n\n\t<section class=\"section\" id=\"section_74869343\">\n\t\t<div class=\"bg section-bg fill bg-fill  \" >\n\n\t\t\t\n\t\t\t<div class=\"section-bg-overlay absolute fill\"><\/div>\n\t\t\t\n\n\t\t<\/div>\n\n\t\t\n\n\t\t<div class=\"section-content relative\">\n\t\t\t\n\n<div class=\"row row-collapse align-center\" style=\"max-width:\" id=\"row-1299160275\">\n\n\n\t<div id=\"col-1614722423\" class=\"col small-12 large-12\"  >\n\t\t\t\t<div class=\"col-inner text-center dark\"  >\n\t\t\t\n\t\t\t\n\n\t<div id=\"text-1380992874\" class=\"text\">\n\t\t\n\n<h1><span style=\"font-size: 250%;\">\u00bfC\u00f3mo puedes contactarnos?<\/span><\/h1>\n<h1 class=\"lead\"><span style=\"font-size: 120%;\"><strong>\u00a1Tu bienestar es nuestra prioridad! <\/strong><\/span><\/h1>\n<p class=\"lead\"><span style=\"font-size: 120%;\">Estamos aqu\u00ed para responder a todas tus preguntas y ayudarte a descubrir c\u00f3mo nuestro Equipo de aparatolog\u00eda est\u00e9tica y Productos de Rehabilitaci\u00f3n pueden mejorar tu vida diaria. Si buscas m\u00e1s informaci\u00f3n detallada sobre alguno de nuestros productos o m\u00e1quinas.<\/span><\/p>\n\t\t\n<style>\n#text-1380992874 {\n  font-size: 0.75rem;\n  line-height: 1.6;\n}\n<\/style>\n\t<\/div>\n\t\n\n\t\t<\/div>\n\t\t\t\t\n<style>\n#col-1614722423 > .col-inner {\n  padding: 100px 20px 200px 0px;\n}\n@media (min-width:550px) {\n  #col-1614722423 > .col-inner {\n    padding: 100px 0px 200px 0px;\n  }\n}\n<\/style>\n\t<\/div>\n\n\t\n\n<\/div>\n\n\t\t<\/div>\n\n\t\t\n<style>\n#section_74869343 {\n  padding-top: 0px;\n  padding-bottom: 0px;\n  min-height: 0px;\n}\n#section_74869343 .section-bg-overlay {\n  background-color: rgba(0, 0, 0, 0.12);\n}\n#section_74869343 .section-bg.bg-loaded {\n  background-image: url(https:\/\/diaespa.mx\/wp-content\/uploads\/2024\/01\/ale-romo-photography-CLiwQXx7kT8-unsplash.jpg);\n}\n#section_74869343 .section-bg {\n  background-position: 56% 100%;\n}\n#section_74869343 .ux-shape-divider--top svg {\n  height: 150px;\n  --divider-top-width: 100%;\n}\n#section_74869343 .ux-shape-divider--bottom svg {\n  height: 150px;\n  --divider-width: 100%;\n}\n@media (min-width:550px) {\n  #section_74869343 {\n    padding-top: 0px;\n    padding-bottom: 0px;\n  }\n  #section_74869343 .section-bg-overlay {\n    background-color: rgba(0, 0, 0, 0.21);\n  }\n}\n@media (min-width:850px) {\n  #section_74869343 {\n    padding-top: 100px;\n    padding-bottom: 100px;\n  }\n  #section_74869343 .section-bg-overlay {\n    background-color: rgba(0, 0, 0, 0.12);\n  }\n}\n<\/style>\n\t<\/section>\n\t\n\n\t\t<\/div>\n\t\t\t\t\t<\/div>\n\n\t\n\n<\/div>\n<div class=\"row row-large\" style=\"max-width:1400px\" id=\"row-976497330\">\n\n\n\t<div id=\"col-1669583213\" class=\"col small-12 large-12\"  >\n\t\t\t\t<div class=\"col-inner\" style=\"background-color:rgb(255, 255, 255);\" >\n\t\t\t\n\t\t\t\n\n<div class=\"row row-collapse row-full-width\"  id=\"row-1845593219\">\n\n\n\t<div id=\"col-787805533\" class=\"col medium-12 small-12 large-6\"  >\n\t\t\t\t<div class=\"col-inner\"  >\n\t\t\t\n\t\t\t\n\n<h2><span style=\"font-size: 120%;\">\u00a1Cont\u00e1ctanos ahora!<\/span><\/h2>\n<p><span style=\"font-size: 120%;\">Si prefieres una atenci\u00f3n personalizada de nuestro equipo, no dudes en ponerte en contacto con nosotros.<\/span><\/p>\n\t<div id=\"gap-1143654802\" class=\"gap-element clearfix\" style=\"display:block; height:auto;\">\n\t\t\n<style>\n#gap-1143654802 {\n  padding-top: 20px;\n}\n@media (min-width:550px) {\n  #gap-1143654802 {\n    padding-top: 20px;\n  }\n}\n@media (min-width:850px) {\n  #gap-1143654802 {\n    padding-top: 30px;\n  }\n}\n<\/style>\n\t<\/div>\n\t\n\n<div class=\"row\"  id=\"row-1185839003\">\n\n\n\t<div id=\"col-1126072693\" class=\"col medium-6 small-12 large-6\"  >\n\t\t\t\t<div class=\"col-inner\"  >\n\t\t\t\n\t\t\t\n\n\t<div class=\"img has-hover x md-x lg-x y md-y lg-y\" id=\"image_1227816807\">\n\t\t\t\t\t\t\t\t<div class=\"img-inner dark\" >\n\t\t\t<img loading=\"lazy\" decoding=\"async\" width=\"240\" height=\"240\" src=\"https:\/\/diaespa.mx\/wp-content\/uploads\/2024\/01\/map-pin-2-fill-2.png\" class=\"attachment-large size-large\" alt=\"\" srcset=\"https:\/\/diaespa.mx\/wp-content\/uploads\/2024\/01\/map-pin-2-fill-2.png 240w, https:\/\/diaespa.mx\/wp-content\/uploads\/2024\/01\/map-pin-2-fill-2-100x100.png 100w, https:\/\/diaespa.mx\/wp-content\/uploads\/2024\/01\/map-pin-2-fill-2-150x150.png 150w\" sizes=\"(max-width: 240px) 100vw, 240px\" \/>\t\t\t\t\t\t\n\t\t\t\t\t<\/div>\n\t\t\t\t\t\t\t\t\n<style>\n#image_1227816807 {\n  width: 15%;\n}\n@media (min-width:550px) {\n  #image_1227816807 {\n    width: 20%;\n  }\n}\n<\/style>\n\t<\/div>\n\t\n\n<h3 class=\"uppercase\">Direcci\u00f3n<\/h3>\n<p>Av. Tl\u00e1huac 1138, local 7, interior 2,<br \/>Cerro de la Estrella, Iztapalapa, 09880<br \/>Ciudad de M\u00e9xico, M\u00e9xico<\/p>\n<p>\u00a0<\/p>\n<p>\u00a0<\/p>\n\n\t\t<\/div>\n\t\t\t\t\t<\/div>\n\n\t\n\n\t<div id=\"col-2053075973\" class=\"col medium-5 small-12 large-6\"  >\n\t\t\t\t<div class=\"col-inner\"  >\n\t\t\t\n\t\t\t\n\n\t<div class=\"img has-hover x md-x lg-x y md-y lg-y\" id=\"image_1227801459\">\n\t\t\t\t\t\t\t\t<div class=\"img-inner dark\" >\n\t\t\t<img loading=\"lazy\" decoding=\"async\" width=\"240\" height=\"240\" src=\"https:\/\/diaespa.mx\/wp-content\/uploads\/2024\/01\/time-fill.png\" class=\"attachment-large size-large\" alt=\"\" srcset=\"https:\/\/diaespa.mx\/wp-content\/uploads\/2024\/01\/time-fill.png 240w, https:\/\/diaespa.mx\/wp-content\/uploads\/2024\/01\/time-fill-100x100.png 100w, https:\/\/diaespa.mx\/wp-content\/uploads\/2024\/01\/time-fill-150x150.png 150w\" sizes=\"(max-width: 240px) 100vw, 240px\" \/>\t\t\t\t\t\t\n\t\t\t\t\t<\/div>\n\t\t\t\t\t\t\t\t\n<style>\n#image_1227801459 {\n  width: 15%;\n}\n@media (min-width:550px) {\n  #image_1227801459 {\n    width: 20%;\n  }\n}\n<\/style>\n\t<\/div>\n\t\n\n<h3 class=\"uppercase\">Horario<\/h3>\n<p>Lunes a\u00a0 Viernes: 9 am &#8211; 7 pm<br \/>S\u00e1bado: 10 am &#8211; 5:30 pm<\/p>\n\n\t\t<\/div>\n\t\t\t\t\t<\/div>\n\n\t\n\n<\/div>\n<div class=\"row\"  id=\"row-1148314677\">\n\n\n\t<div id=\"col-254781792\" class=\"col medium-6 small-12 large-6\"  >\n\t\t\t\t<div class=\"col-inner\"  >\n\t\t\t\n\t\t\t\n\n\t<div class=\"img has-hover x md-x lg-x y md-y lg-y\" id=\"image_571473924\">\n\t\t\t\t\t\t\t\t<div class=\"img-inner dark\" >\n\t\t\t<img loading=\"lazy\" decoding=\"async\" width=\"240\" height=\"240\" src=\"https:\/\/diaespa.mx\/wp-content\/uploads\/2024\/01\/mail-open-fill.png\" class=\"attachment-large size-large\" alt=\"\" srcset=\"https:\/\/diaespa.mx\/wp-content\/uploads\/2024\/01\/mail-open-fill.png 240w, https:\/\/diaespa.mx\/wp-content\/uploads\/2024\/01\/mail-open-fill-100x100.png 100w, https:\/\/diaespa.mx\/wp-content\/uploads\/2024\/01\/mail-open-fill-150x150.png 150w\" sizes=\"(max-width: 240px) 100vw, 240px\" \/>\t\t\t\t\t\t\n\t\t\t\t\t<\/div>\n\t\t\t\t\t\t\t\t\n<style>\n#image_571473924 {\n  width: 15%;\n}\n@media (min-width:550px) {\n  #image_571473924 {\n    width: 20%;\n  }\n}\n<\/style>\n\t<\/div>\n\t\n\n<h3 class=\"uppercase\">E-mail<\/h3>\n<p>ventas@diaespa.mx<\/p>\n\n\t\t<\/div>\n\t\t\t\t\t<\/div>\n\n\t\n\n\t<div id=\"col-1754944401\" class=\"col medium-6 small-12 large-6\"  >\n\t\t\t\t<div class=\"col-inner\"  >\n\t\t\t\n\t\t\t\n\n\t<div class=\"img has-hover x md-x lg-x y md-y lg-y\" id=\"image_623470105\">\n\t\t\t\t\t\t\t\t<div class=\"img-inner dark\" >\n\t\t\t<img loading=\"lazy\" decoding=\"async\" width=\"240\" height=\"240\" src=\"https:\/\/diaespa.mx\/wp-content\/uploads\/2024\/01\/phone-fill.png\" class=\"attachment-large size-large\" alt=\"\" srcset=\"https:\/\/diaespa.mx\/wp-content\/uploads\/2024\/01\/phone-fill.png 240w, https:\/\/diaespa.mx\/wp-content\/uploads\/2024\/01\/phone-fill-100x100.png 100w, https:\/\/diaespa.mx\/wp-content\/uploads\/2024\/01\/phone-fill-150x150.png 150w\" sizes=\"(max-width: 240px) 100vw, 240px\" \/>\t\t\t\t\t\t\n\t\t\t\t\t<\/div>\n\t\t\t\t\t\t\t\t\n<style>\n#image_623470105 {\n  width: 15%;\n}\n@media (min-width:550px) {\n  #image_623470105 {\n    width: 20%;\n  }\n}\n<\/style>\n\t<\/div>\n\t\n\n<h3 class=\"uppercase\">Tel\u00e9fono<\/h3>\n<p>55 1502 4831<\/p>\n\n\t\t<\/div>\n\t\t\t\t\t<\/div>\n\n\t\n\n<\/div>\n\n\t\t<\/div>\n\t\t\t\t\n<style>\n#col-787805533 > .col-inner {\n  padding: 0px 0px 0px 20px;\n}\n<\/style>\n\t<\/div>\n\n\t\n\n\t<div id=\"col-1740808363\" class=\"col medium-12 small-12 large-6\"  >\n\t\t\t\t<div class=\"col-inner\"  >\n\t\t\t\n\t\t\t\n\n<h2><span style=\"font-size: 120%;\">Abre la puerta a nuevas oportunidades y d\u00e9janos tus datos&#8230;<\/span><\/h2>\n\t<div id=\"gap-633726920\" class=\"gap-element clearfix\" style=\"display:block; height:auto;\">\n\t\t\n<style>\n#gap-633726920 {\n  padding-top: 20px;\n}\n@media (min-width:550px) {\n  #gap-633726920 {\n    padding-top: 20px;\n  }\n}\n@media (min-width:850px) {\n  #gap-633726920 {\n    padding-top: 30px;\n  }\n}\n<\/style>\n\t<\/div>\n\t\n\n\n<div class=\"wpcf7 no-js\" id=\"wpcf7-f141-o1\" lang=\"en-US\" dir=\"ltr\">\n<div class=\"screen-reader-response\"><p role=\"status\" aria-live=\"polite\" aria-atomic=\"true\"><\/p> <ul><\/ul><\/div>\n<form action=\"\/index.php\/wp-json\/wp\/v2\/pages\/116#wpcf7-f141-o1\" method=\"post\" class=\"wpcf7-form init\" aria-label=\"Contact form\" novalidate=\"novalidate\" data-status=\"init\">\n<div style=\"display: none;\">\n<input type=\"hidden\" name=\"_wpcf7\" value=\"141\" \/>\n<input type=\"hidden\" name=\"_wpcf7_version\" value=\"5.9.2\" \/>\n<input type=\"hidden\" name=\"_wpcf7_locale\" value=\"en_US\" \/>\n<input type=\"hidden\" name=\"_wpcf7_unit_tag\" value=\"wpcf7-f141-o1\" \/>\n<input type=\"hidden\" name=\"_wpcf7_container_post\" value=\"0\" \/>\n<input type=\"hidden\" name=\"_wpcf7_posted_data_hash\" value=\"\" \/>\n<\/div>\n<p><label> Nombre<br \/>\n<span class=\"wpcf7-form-control-wrap\" data-name=\"your-name\"><input size=\"40\" class=\"wpcf7-form-control wpcf7-text wpcf7-validates-as-required\" autocomplete=\"name\" aria-required=\"true\" aria-invalid=\"false\" value=\"\" type=\"text\" name=\"your-name\" \/><\/span> <\/label>\n<\/p>\n<p><label> Correo<br \/>\n<span class=\"wpcf7-form-control-wrap\" data-name=\"your-email\"><input size=\"40\" class=\"wpcf7-form-control wpcf7-email wpcf7-validates-as-required wpcf7-text wpcf7-validates-as-email\" autocomplete=\"email\" aria-required=\"true\" aria-invalid=\"false\" value=\"\" type=\"email\" name=\"your-email\" \/><\/span> <\/label>\n<\/p>\n<p><label> Tel\u00e9fono<br \/>\n<span class=\"wpcf7-form-control-wrap\" data-name=\"tel-101\"><input size=\"40\" class=\"wpcf7-form-control wpcf7-tel wpcf7-text wpcf7-validates-as-tel\" aria-invalid=\"false\" placeholder=\"55 1234 5678\" value=\"\" type=\"tel\" name=\"tel-101\" \/><\/span> <\/label>\n<\/p>\n<p><label> WhastApp<br \/>\n<span class=\"wpcf7-form-control-wrap\" data-name=\"tel-246\"><input size=\"40\" class=\"wpcf7-form-control wpcf7-tel wpcf7-validates-as-required wpcf7-text wpcf7-validates-as-tel\" aria-required=\"true\" aria-invalid=\"false\" placeholder=\"WhatsApp\" value=\"\" type=\"tel\" name=\"tel-246\" \/><\/span><\/label>\n<\/p>\n<p><label> Seleccione una opci\u00f3n<br \/>\n<span class=\"wpcf7-form-control-wrap\" data-name=\"Opcin\"><select class=\"wpcf7-form-control wpcf7-select wpcf7-validates-as-required\" aria-required=\"true\" aria-invalid=\"false\" name=\"Opcin\"><option value=\"-Dudas o informaci\u00f3n\">-Dudas o informaci\u00f3n<\/option><option value=\"-Cotizaci\u00f3n\">-Cotizaci\u00f3n<\/option><option value=\"-Hablar con un asesor\">-Hablar con un asesor<\/option><\/select><\/span><br \/>\n<\/label>\n<\/p>\n<p><label> \u00bfEn qu\u00e9 podemos ayudarte?<br \/>\n<span class=\"wpcf7-form-control-wrap\" data-name=\"your-message\"><textarea cols=\"40\" rows=\"10\" class=\"wpcf7-form-control wpcf7-textarea\" aria-invalid=\"false\" name=\"your-message\"><\/textarea><\/span> <\/label>\n<\/p>\n<p><span class=\"wpcf7-form-control-wrap\" data-name=\"acceptance-86\"><span class=\"wpcf7-form-control wpcf7-acceptance optional\"><span class=\"wpcf7-list-item\"><label><input type=\"checkbox\" name=\"acceptance-86\" value=\"1\" aria-invalid=\"false\" \/><span class=\"wpcf7-list-item-label\">Aceptar<\/span><\/label><\/span><\/span><\/span>\n<\/p>\n<p><input class=\"wpcf7-form-control wpcf7-submit has-spinner\" type=\"submit\" value=\"Enviar\" \/>\n<\/p><div class=\"wpcf7-response-output\" aria-hidden=\"true\"><\/div>\n<\/form>\n<\/div>\n\n\n\t\t<\/div>\n\t\t\t\t\t<\/div>\n\n\t\n\n\n<style>\n#row-1845593219 > .col > .col-inner {\n  padding: 0px 15px 0px 15px;\n}\n<\/style>\n<\/div>\n\n\t\t<\/div>\n\t\t\t\t\n<style>\n#col-1669583213 > .col-inner {\n  padding: 50px 20px 0px 20px;\n  margin: -0 0px 0px 0px;\n}\n@media (min-width:550px) {\n  #col-1669583213 > .col-inner {\n    padding: 50px 20px 30px 20px;\n    margin: 0 0px 0px 0px;\n  }\n}\n@media (min-width:850px) {\n  #col-1669583213 > .col-inner {\n    padding: 66px 5% 16px 5%;\n    margin: -135px 0px 0px 0px;\n  }\n}\n<\/style>\n\t<\/div>\n\n\t\n\n<\/div>\n<div class=\"row row-collapse row-full-width align-equal align-center\"  id=\"row-531766864\">\n\n\n\t<div id=\"col-1819405299\" class=\"col small-12 large-12\"  >\n\t\t\t\t<div class=\"col-inner\"  >\n\t\t\t\n\t\t\t\n\n\n\n<iframe src=\"https:\/\/www.google.com\/maps\/embed?pb=!1m14!1m8!1m3!1d15060.445307040774!2d-99.0873706!3d19.3209749!3m2!1i1024!2i768!4f13.1!3m3!1m2!1s0x85ce03e113e3f80b%3A0x158a7c5f6c949f00!2sDiaespa!5e0!3m2!1ses-419!2smx!4v1705798890041!5m2!1ses-419!2smx\" width=\"2200\" height=\"700\" style=\"border:0;\" allowfullscreen=\"\" loading=\"lazy\" referrerpolicy=\"no-referrer-when-downgrade\"><\/iframe>\n\n\n\t\t<\/div>\n\t\t\t\t\t<\/div>\n\n\t\n\n<\/div>\n\n","protected":false},"excerpt":{"rendered":"","protected":false},"author":1,"featured_media":0,"parent":0,"menu_order":0,"comment_status":"closed","ping_status":"closed","template":"page-blank.php","meta":{"footnotes":"","_joinchat":[]},"aioseo_notices":[],"jetpack_sharing_enabled":true,"_links":{"self":[{"href":"https:\/\/diaespa.mx\/index.php\/wp-json\/wp\/v2\/pages\/116"}],"collection":[{"href":"https:\/\/diaespa.mx\/index.php\/wp-json\/wp\/v2\/pages"}],"about":[{"href":"https:\/\/diaespa.mx\/index.php\/wp-json\/wp\/v2\/types\/page"}],"author":[{"embeddable":true,"href":"https:\/\/diaespa.mx\/index.php\/wp-json\/wp\/v2\/users\/1"}],"replies":[{"embeddable":true,"href":"https:\/\/diaespa.mx\/index.php\/wp-json\/wp\/v2\/comments?post=116"}],"version-history":[{"count":12,"href":"https:\/\/diaespa.mx\/index.php\/wp-json\/wp\/v2\/pages\/116\/revisions"}],"predecessor-version":[{"id":249,"href":"https:\/\/diaespa.mx\/index.php\/wp-json\/wp\/v2\/pages\/116\/revisions\/249"}],"wp:attachment":[{"href":"https:\/\/diaespa.mx\/index.php\/wp-json\/wp\/v2\/media?parent=116"}],"curies":[{"name":"wp","href":"https:\/\/api.w.org\/{rel}","templated":true}]}}